{"id":3987,"date":"2021-01-02T00:39:05","date_gmt":"2021-01-01T23:39:05","guid":{"rendered":"http:\/\/underagroove.be\/net\/?page_id=3987"},"modified":"2024-04-13T14:46:18","modified_gmt":"2024-04-13T12:46:18","slug":"accueil","status":"publish","type":"page","link":"https:\/\/underagroove.be\/net\/fr\/accueil\/","title":{"rendered":"Accueil"},"content":{"rendered":"\t\t<div data-elementor-type=\"wp-page\" data-elementor-id=\"3987\" class=\"elementor elementor-3987\">\n\t\t\t\t\t\t<section class=\"elementor-section elementor-top-section elementor-element elementor-element-4f1f119 elementor-section-boxed elementor-section-height-default elementor-section-height-default\" data-id=\"4f1f119\" data-element_type=\"section\">\n\t\t\t\t\t\t<div class=\"elementor-container elementor-column-gap-default\">\n\t\t\t\t\t<div class=\"elementor-column elementor-col-100 elementor-top-column elementor-element elementor-element-79d617a\" data-id=\"79d617a\" data-element_type=\"column\">\n\t\t\t<div class=\"elementor-widget-wrap elementor-element-populated\">\n\t\t\t\t\t\t\t<\/div>\n\t\t<\/div>\n\t\t\t\t\t<\/div>\n\t\t<\/section>\n\t\t\t\t<section class=\"elementor-section elementor-top-section elementor-element elementor-element-5b455b0 elementor-section-boxed elementor-section-height-default elementor-section-height-default\" data-id=\"5b455b0\" data-element_type=\"section\">\n\t\t\t\t\t\t<div class=\"elementor-container elementor-column-gap-default\">\n\t\t\t\t\t<div class=\"elementor-column elementor-col-100 elementor-top-column elementor-element elementor-element-100ece5\" data-id=\"100ece5\" data-element_type=\"column\">\n\t\t\t<div class=\"elementor-widget-wrap elementor-element-populated\">\n\t\t\t\t\t\t<div class=\"elementor-element elementor-element-2b536e7 elementor-widget elementor-widget-text-editor\" data-id=\"2b536e7\" data-element_type=\"widget\" data-widget_type=\"text-editor.default\">\n\t\t\t\t<div class=\"elementor-widget-container\">\n\t\t\t\t\t\t\t<p><img class=\"size-full wp-image-321 alignnone\" title=\"Welcome\" src=\"http:\/\/underagroove.be\/net\/wp-content\/uploads\/2009\/04\/venue.jpg\" alt=\"Welcome\" width=\"20\" height=\"16\" \/> \u00a0\u00a0\u00a0Bienvenue sur le site du squad sonique <strong>under<a href=\"http:\/\/t\" data-wplink-url-error=\"true\">a<\/a>groove<\/strong>.be<\/p><p><img class=\"size-full wp-image-321 alignnone\" title=\"Looking\" src=\"http:\/\/underagroove.be\/net\/wp-content\/uploads\/2009\/04\/venue.jpg\" alt=\"Looking\" width=\"20\" height=\"16\" \/> \u00a0\u00a0Vous cherchiez un groupe, un.e\u00a0 ou des musicien.nes, un DJ ou les deux, une performance originale, un spectacle pour enfants ou un atelier pour votre f\u00eate, festival, \u00e9v\u00e9nement?<\/p>\t\t\t\t\t\t<\/div>\n\t\t\t\t<\/div>\n\t\t\t\t\t<\/div>\n\t\t<\/div>\n\t\t\t\t\t<\/div>\n\t\t<\/section>\n\t\t\t\t<section class=\"elementor-section elementor-top-section elementor-element elementor-element-dfbc3be elementor-section-boxed elementor-section-height-default elementor-section-height-default\" data-id=\"dfbc3be\" data-element_type=\"section\">\n\t\t\t\t\t\t<div class=\"elementor-container elementor-column-gap-default\">\n\t\t\t\t\t<div class=\"elementor-column elementor-col-33 elementor-top-column elementor-element elementor-element-d7c8fb1\" data-id=\"d7c8fb1\" data-element_type=\"column\">\n\t\t\t<div class=\"elementor-widget-wrap elementor-element-populated\">\n\t\t\t\t\t\t<div class=\"elementor-element elementor-element-02d0d6e elementor-hidden-phone elementor-invisible elementor-widget elementor-widget-image\" data-id=\"02d0d6e\" data-element_type=\"widget\" data-settings=\"{&quot;_animation&quot;:&quot;slideInLeft&quot;}\" data-widget_type=\"image.default\">\n\t\t\t\t<div class=\"elementor-widget-container\">\n\t\t\t\t\t\t\t\t\t\t\t\t\t<img width=\"100\" height=\"158\" src=\"https:\/\/underagroove.be\/net\/wp-content\/uploads\/2020\/12\/bangel2-e1607791815832.gif\" class=\"attachment-large size-large wp-image-3054\" alt=\"\" \/>\t\t\t\t\t\t\t\t\t\t\t\t\t<\/div>\n\t\t\t\t<\/div>\n\t\t\t\t\t<\/div>\n\t\t<\/div>\n\t\t\t\t<div class=\"elementor-column elementor-col-33 elementor-top-column elementor-element elementor-element-7bf4943\" data-id=\"7bf4943\" data-element_type=\"column\">\n\t\t\t<div class=\"elementor-widget-wrap elementor-element-populated\">\n\t\t\t\t\t\t<div class=\"elementor-element elementor-element-06ef6d0 elementor-invisible elementor-widget elementor-widget-image\" data-id=\"06ef6d0\" data-element_type=\"widget\" data-settings=\"{&quot;_animation&quot;:&quot;zoomInDown&quot;}\" data-widget_type=\"image.default\">\n\t\t\t\t<div class=\"elementor-widget-container\">\n\t\t\t\t\t\t\t\t\t\t\t\t\t<img loading=\"lazy\" width=\"300\" height=\"261\" src=\"https:\/\/underagroove.be\/net\/wp-content\/uploads\/2020\/05\/Screenshot_2020-05-18-Under-a-Groove-Sonic-Agency-300x261.png\" class=\"attachment-medium size-medium wp-image-2255\" alt=\"\" srcset=\"https:\/\/underagroove.be\/net\/wp-content\/uploads\/2020\/05\/Screenshot_2020-05-18-Under-a-Groove-Sonic-Agency-300x261.png 300w, https:\/\/underagroove.be\/net\/wp-content\/uploads\/2020\/05\/Screenshot_2020-05-18-Under-a-Groove-Sonic-Agency.png 722w\" sizes=\"(max-width: 300px) 100vw, 300px\" \/>\t\t\t\t\t\t\t\t\t\t\t\t\t<\/div>\n\t\t\t\t<\/div>\n\t\t\t\t\t<\/div>\n\t\t<\/div>\n\t\t\t\t<div class=\"elementor-column elementor-col-33 elementor-top-column elementor-element elementor-element-632dc72\" data-id=\"632dc72\" data-element_type=\"column\">\n\t\t\t<div class=\"elementor-widget-wrap elementor-element-populated\">\n\t\t\t\t\t\t<div class=\"elementor-element elementor-element-dd34f0d elementor-hidden-phone elementor-invisible elementor-widget elementor-widget-image\" data-id=\"dd34f0d\" data-element_type=\"widget\" data-settings=\"{&quot;_animation&quot;:&quot;slideInRight&quot;}\" data-widget_type=\"image.default\">\n\t\t\t\t<div class=\"elementor-widget-container\">\n\t\t\t\t\t\t\t\t\t\t\t\t\t<img loading=\"lazy\" width=\"100\" height=\"158\" src=\"https:\/\/underagroove.be\/net\/wp-content\/uploads\/2020\/12\/bangel3.gif\" class=\"attachment-large size-large wp-image-3051\" alt=\"\" \/>\t\t\t\t\t\t\t\t\t\t\t\t\t<\/div>\n\t\t\t\t<\/div>\n\t\t\t\t\t<\/div>\n\t\t<\/div>\n\t\t\t\t\t<\/div>\n\t\t<\/section>\n\t\t\t\t<section class=\"elementor-section elementor-top-section elementor-element elementor-element-be44fa2 elementor-section-boxed elementor-section-height-default elementor-section-height-default\" data-id=\"be44fa2\" data-element_type=\"section\">\n\t\t\t\t\t\t<div class=\"elementor-container elementor-column-gap-default\">\n\t\t\t\t\t<div class=\"elementor-column elementor-col-100 elementor-top-column elementor-element elementor-element-8060e39\" data-id=\"8060e39\" data-element_type=\"column\">\n\t\t\t<div class=\"elementor-widget-wrap elementor-element-populated\">\n\t\t\t\t\t\t<div class=\"elementor-element elementor-element-b2ece29 elementor-widget elementor-widget-text-editor\" data-id=\"b2ece29\" data-element_type=\"widget\" data-widget_type=\"text-editor.default\">\n\t\t\t\t<div class=\"elementor-widget-container\">\n\t\t\t\t\t\t\t<p style=\"text-align: center;\"><strong>Vous venez d\u2019atterrir au bon endroit, juste sous le groove !<\/strong><\/p><p><img loading=\"lazy\" class=\"size-full wp-image-321 alignnone\" title=\"Restricted\" src=\"http:\/\/underagroove.be\/net\/wp-content\/uploads\/2009\/04\/venue.jpg\" alt=\"Restricted\" width=\"20\" height=\"16\" \/> \u00a0\u00a0Pour <strong><a href=\"https:\/\/underagroove.be\/net\/fr\/lecole-des-fourmis\/\">L&#8217;\u00e9cole des fourmis<\/a><\/strong>, c&#8217;est <strong><a href=\"https:\/\/underagroove.be\/net\/fr\/lecole-des-fourmis\/\">par ici<\/a><\/strong> &#8230;<\/p><p><img loading=\"lazy\" class=\"size-full wp-image-321 alignnone\" title=\"Restricted\" src=\"http:\/\/underagroove.be\/net\/wp-content\/uploads\/2009\/04\/venue.jpg\" alt=\"Restricted\" width=\"20\" height=\"16\" \/> \u00a0\u00a0Une s\u00e9lection restreinte afin de vous donner l&#8217;opportunit\u00e9 de (re) d\u00e9couvrir nos projets maison tels que : <a href=\"http:\/\/underagroove.be\/net\/fr\/le-rythme-des-fourmis\/\"><strong>Le Rythme des Fourmis<\/strong><\/a>, <strong><a href=\"http:\/\/underagroove.be\/net\/fr\/dj-musicien-nes\/le-balmodern-soundsystem\/\">Le balMODERNSOUNDsystem<\/a><\/strong>, <a href=\"http:\/\/underagroove.be\/net\/fr\/groupes\/brigada-shabazz\/\"><strong>Brigada Shabazz<\/strong><\/a> ou <a href=\"http:\/\/underagroove.be\/net\/fr\/don-olivero-officiel\/\"><strong>don Olivero<\/strong><\/a>. Et d\u2019attirer votre attention sur le <em>Ladies Squad<\/em>, les virtuoses, <a href=\"http:\/\/underagroove.be\/net\/fr\/maia-aboueleze\/\"><strong>Ma\u00efa Aboueleze<\/strong><\/a> (Ta\u00efko Drum), <a href=\"http:\/\/underagroove.be\/net\/fr\/virna-nova\/\"><strong>Virna Nova<\/strong><\/a> (guitare) et <a href=\"http:\/\/underagroove.be\/net\/fr\/anja-naucler\/\"><strong>Anja Naucler<\/strong><\/a> (violoncelle).<\/p><p><img loading=\"lazy\" class=\"size-full wp-image-321 alignnone\" title=\"Restricted\" src=\"http:\/\/underagroove.be\/net\/wp-content\/uploads\/2009\/04\/venue.jpg\" alt=\"Restricted\" width=\"20\" height=\"16\" \/>\u00a0 Ne manquez pas les pages DJ, qui accueillent les incontournables Mista Strictly Niceness<a href=\"http:\/\/underagroove.be\/net\/fr\/djs\/dj-kwak\/\"> DJ Kwak<\/a>, Mister Selecta Beats <a href=\"http:\/\/underagroove.be\/net\/fr\/djs\/dj-patrick-balzat\/\">Patrick Balzat<\/a> et <a href=\"http:\/\/underagroove.be\/net\/fr\/djs\/dj-tang-e\/\">DJ Tang E<\/a>! Voyez les groupes, de l&#8217;\u00e9lectro-dub <a href=\"http:\/\/underagroove.be\/net\/fr\/volt-selector\/\"><strong>Volt-Selector<\/strong><\/a> au minimaliste <a href=\"http:\/\/underagroove.be\/net\/fr\/groupes\/technically-normal\/\">Technically Normal<\/a>.<\/p><p><img loading=\"lazy\" class=\"size-full wp-image-321 alignnone\" title=\"Check\" src=\"http:\/\/underagroove.be\/net\/wp-content\/uploads\/2009\/04\/venue.jpg\" alt=\"Check\" width=\"20\" height=\"16\" \/> \u00a0\u00a0Consultez aussi les sections <a href=\"http:\/\/underagroove.be\/net\/fr\/web-design\/\">Web-Design<\/a> et <a href=\"http:\/\/underagroove.be\/net\/fr\/regie-sonlumiere\/\">Backline<\/a> ainsi que nos<strong> <a href=\"http:\/\/underagroove.be\/net\/fr\/ateliers-de-rythmedanse\/\">ateliers de rythmes et de danse<\/a><\/strong> ou notre section performance, proposant les fameux <a href=\"http:\/\/underagroove.be\/net\/fr\/performeurs\/dalton-drum-syndicate-fr\/\">Dalton Drum Syndicate<\/a> et l&#8217;\u00e9quipe mobile-welness de <a href=\"http:\/\/underagroove.be\/net\/fr\/performeurs\/mademoiselle-zen\/\">Mademoiselle Zen<\/a>.<\/p><p><img loading=\"lazy\" class=\"size-full wp-image-321 alignnone\" title=\"Wow!\" src=\"http:\/\/underagroove.be\/net\/wp-content\/uploads\/2009\/04\/venue.jpg\" alt=\"Wow!\" width=\"20\" height=\"16\" \/> \u00a0\u00a0Cette s\u00e9lection \u00e9volue, revenez r\u00e9guli\u00e8rement pour ne pas manquer de nouvelles saveurs et mises \u00e0 jour!<\/p><p>Chaque page dispose de son propre lecteur : n&#8217;oubliez pas de pousser le volume !<\/p><p><strong>Have nice times under<span style=\"color: #ff0033;\">a<\/span>groove !<\/strong><\/p><h5>[et si vous ne l&#8217;avez pas encore compris : <span style=\"color: #ff0033;\">rouge-rose<\/span> signifie lien !;]<\/h5>\t\t\t\t\t\t<\/div>\n\t\t\t\t<\/div>\n\t\t\t\t\t<\/div>\n\t\t<\/div>\n\t\t\t\t\t<\/div>\n\t\t<\/section>\n\t\t\t\t<\/div>\n\t\t","protected":false},"excerpt":{"rendered":"<p><a class=\"more-link\" href=\"https:\/\/underagroove.be\/net\/fr\/accueil\/\">Read More<\/a><\/p>\n","protected":false},"author":3,"featured_media":0,"parent":0,"menu_order":0,"comment_status":"closed","ping_status":"closed","template":"templates\/template-full-width.php","meta":[],"_links":{"self":[{"href":"https:\/\/underagroove.be\/net\/wp-json\/wp\/v2\/pages\/3987"}],"collection":[{"href":"https:\/\/underagroove.be\/net\/wp-json\/wp\/v2\/pages"}],"about":[{"href":"https:\/\/underagroove.be\/net\/wp-json\/wp\/v2\/types\/page"}],"author":[{"embeddable":true,"href":"https:\/\/underagroove.be\/net\/wp-json\/wp\/v2\/users\/3"}],"replies":[{"embeddable":true,"href":"https:\/\/underagroove.be\/net\/wp-json\/wp\/v2\/comments?post=3987"}],"version-history":[{"count":0,"href":"https:\/\/underagroove.be\/net\/wp-json\/wp\/v2\/pages\/3987\/revisions"}],"wp:attachment":[{"href":"https:\/\/underagroove.be\/net\/wp-json\/wp\/v2\/media?parent=3987"}],"curies":[{"name":"wp","href":"https:\/\/api.w.org\/{rel}","templated":true}]}}