{"id":3859,"date":"2021-01-01T22:44:58","date_gmt":"2021-01-01T21:44:58","guid":{"rendered":"http:\/\/underagroove.be\/net\/?page_id=3859"},"modified":"2021-05-08T18:15:10","modified_gmt":"2021-05-08T16:15:10","slug":"mademoiselle-zen","status":"publish","type":"page","link":"https:\/\/underagroove.be\/net\/fr\/performeurs\/mademoiselle-zen\/","title":{"rendered":"Mademoiselle Zen"},"content":{"rendered":"\t\t<div data-elementor-type=\"wp-page\" data-elementor-id=\"3859\" class=\"elementor elementor-3859\">\n\t\t\t\t\t\t<section class=\"elementor-section elementor-top-section elementor-element elementor-element-8edf2a0 elementor-section-boxed elementor-section-height-default elementor-section-height-default\" data-id=\"8edf2a0\" data-element_type=\"section\">\n\t\t\t\t\t\t<div class=\"elementor-container elementor-column-gap-default\">\n\t\t\t\t\t<div class=\"elementor-column elementor-col-100 elementor-top-column elementor-element elementor-element-c9e0de5\" data-id=\"c9e0de5\" data-element_type=\"column\">\n\t\t\t<div class=\"elementor-widget-wrap elementor-element-populated\">\n\t\t\t\t\t\t\t<\/div>\n\t\t<\/div>\n\t\t\t\t\t<\/div>\n\t\t<\/section>\n\t\t\t\t<section class=\"elementor-section elementor-top-section elementor-element elementor-element-c4f57e1 elementor-section-boxed elementor-section-height-default elementor-section-height-default\" data-id=\"c4f57e1\" data-element_type=\"section\">\n\t\t\t\t\t\t<div class=\"elementor-container elementor-column-gap-default\">\n\t\t\t\t\t<div class=\"elementor-column elementor-col-100 elementor-top-column elementor-element elementor-element-d0de123\" data-id=\"d0de123\" data-element_type=\"column\">\n\t\t\t<div class=\"elementor-widget-wrap elementor-element-populated\">\n\t\t\t\t\t\t<div class=\"elementor-element elementor-element-de72c41 elementor-align-center elementor-invisible elementor-widget elementor-widget-button\" data-id=\"de72c41\" data-element_type=\"widget\" data-settings=\"{&quot;_animation&quot;:&quot;slideInLeft&quot;}\" data-widget_type=\"button.default\">\n\t\t\t\t<div class=\"elementor-widget-container\">\n\t\t\t\t\t<div class=\"elementor-button-wrapper\">\n\t\t\t<a class=\"elementor-button elementor-button-link elementor-size-xl\" href=\"http:\/\/underagroove.be\/net\/contact\/\">\n\t\t\t\t\t\t<span class=\"elementor-button-content-wrapper\">\n\t\t\t\t\t\t\t\t\t<span class=\"elementor-button-text\">Info&Booking<\/span>\n\t\t\t\t\t<\/span>\n\t\t\t\t\t<\/a>\n\t\t<\/div>\n\t\t\t\t<\/div>\n\t\t\t\t<\/div>\n\t\t\t\t\t<\/div>\n\t\t<\/div>\n\t\t\t\t\t<\/div>\n\t\t<\/section>\n\t\t\t\t<section class=\"elementor-section elementor-top-section elementor-element elementor-element-440443e9 elementor-section-boxed elementor-section-height-default elementor-section-height-default\" data-id=\"440443e9\" data-element_type=\"section\">\n\t\t\t\t\t\t<div class=\"elementor-container elementor-column-gap-default\">\n\t\t\t\t\t<div class=\"elementor-column elementor-col-100 elementor-top-column elementor-element elementor-element-3153ec8c\" data-id=\"3153ec8c\" data-element_type=\"column\">\n\t\t\t<div class=\"elementor-widget-wrap elementor-element-populated\">\n\t\t\t\t\t\t<div class=\"elementor-element elementor-element-6116c52a elementor-widget elementor-widget-text-editor\" data-id=\"6116c52a\" data-element_type=\"widget\" data-widget_type=\"text-editor.default\">\n\t\t\t\t<div class=\"elementor-widget-container\">\n\t\t\t\t\t\t\t<h1>Mademoiselle Zen<\/h1>\n<p><strong> Make your guests feel za Zen !<br><\/strong><\/p>\n<p><strong>Concept :<\/strong> Le stand mobile de Mademoiselle Zen : Shiatsu Massage &amp; Bien-\u00eatre.<\/p>\n<p><strong>Ergoth\u00e9rapeute professionnelle<\/strong> travaillant dans le domaine m\u00e9dical, Mademoiselle Zen est aussi <strong>experte en m\u00e9decine chinoise<\/strong>, notamment en massages Shiatsu ou Chineitsang et dipl\u00f4m\u00e9e en r\u00e9flexologie.<\/p>\n<p>Elle-m\u00eame et son \u00e9quipe proposent diff\u00e9rentes formules de massages sp\u00e9cialement con\u00e7ues pour des \u00e9v\u00e9nements, concerts ou soir\u00e9es :<\/p>\n<p>Massage assis, massage des pieds, divers massages traditionnels chinois, etc.<\/p>\n<p>Apr\u00e8s chaque consultation Mademoiselle Zen \u00e9tablit un diagnostic personnalis\u00e9 et des conseils bien-\u00eatre pour vos invit\u00e9s.<\/p>\n<p>Vos invit\u00e9s n\u2019oublieront pas une attention aussi zen!<\/p>\t\t\t\t\t\t<\/div>\n\t\t\t\t<\/div>\n\t\t\t\t\t<\/div>\n\t\t<\/div>\n\t\t\t\t\t<\/div>\n\t\t<\/section>\n\t\t\t\t<\/div>\n\t\t","protected":false},"excerpt":{"rendered":"<p><a class=\"more-link\" href=\"https:\/\/underagroove.be\/net\/fr\/performeurs\/mademoiselle-zen\/\">Read More<\/a><\/p>\n","protected":false},"author":3,"featured_media":0,"parent":3738,"menu_order":0,"comment_status":"closed","ping_status":"open","template":"templates\/template-full-width.php","meta":[],"_links":{"self":[{"href":"https:\/\/underagroove.be\/net\/wp-json\/wp\/v2\/pages\/3859"}],"collection":[{"href":"https:\/\/underagroove.be\/net\/wp-json\/wp\/v2\/pages"}],"about":[{"href":"https:\/\/underagroove.be\/net\/wp-json\/wp\/v2\/types\/page"}],"author":[{"embeddable":true,"href":"https:\/\/underagroove.be\/net\/wp-json\/wp\/v2\/users\/3"}],"replies":[{"embeddable":true,"href":"https:\/\/underagroove.be\/net\/wp-json\/wp\/v2\/comments?post=3859"}],"version-history":[{"count":0,"href":"https:\/\/underagroove.be\/net\/wp-json\/wp\/v2\/pages\/3859\/revisions"}],"up":[{"embeddable":true,"href":"https:\/\/underagroove.be\/net\/wp-json\/wp\/v2\/pages\/3738"}],"wp:attachment":[{"href":"https:\/\/underagroove.be\/net\/wp-json\/wp\/v2\/media?parent=3859"}],"curies":[{"name":"wp","href":"https:\/\/api.w.org\/{rel}","templated":true}]}}