{"id":3832,"date":"2021-01-01T21:54:07","date_gmt":"2021-01-01T20:54:07","guid":{"rendered":"http:\/\/underagroove.be\/net\/?page_id=3832"},"modified":"2021-01-02T03:56:18","modified_gmt":"2021-01-02T02:56:18","slug":"a-propos","status":"publish","type":"page","link":"https:\/\/underagroove.be\/net\/fr\/a-propos\/","title":{"rendered":"A propos"},"content":{"rendered":"\t\t<div data-elementor-type=\"wp-page\" data-elementor-id=\"3832\" class=\"elementor elementor-3832\">\n\t\t\t\t\t\t<section class=\"elementor-section elementor-top-section elementor-element elementor-element-6bf7099 elementor-section-boxed elementor-section-height-default elementor-section-height-default\" data-id=\"6bf7099\" data-element_type=\"section\">\n\t\t\t\t\t\t<div class=\"elementor-container elementor-column-gap-default\">\n\t\t\t\t\t<div class=\"elementor-column elementor-col-100 elementor-top-column elementor-element elementor-element-7e0544e\" data-id=\"7e0544e\" data-element_type=\"column\">\n\t\t\t<div class=\"elementor-widget-wrap elementor-element-populated\">\n\t\t\t\t\t\t<div class=\"elementor-element elementor-element-587d27a elementor-invisible elementor-widget elementor-widget-image\" data-id=\"587d27a\" data-element_type=\"widget\" data-settings=\"{&quot;_animation&quot;:&quot;rotateIn&quot;}\" data-widget_type=\"image.default\">\n\t\t\t\t<div class=\"elementor-widget-container\">\n\t\t\t\t\t\t\t\t\t\t\t\t\t<img fetchpriority=\"high\" width=\"722\" height=\"627\" src=\"https:\/\/underagroove.be\/net\/wp-content\/uploads\/2020\/05\/Screenshot_2020-05-18-Under-a-Groove-Sonic-Agency.png\" class=\"attachment-large size-large wp-image-2255\" alt=\"\" srcset=\"https:\/\/underagroove.be\/net\/wp-content\/uploads\/2020\/05\/Screenshot_2020-05-18-Under-a-Groove-Sonic-Agency.png 722w, https:\/\/underagroove.be\/net\/wp-content\/uploads\/2020\/05\/Screenshot_2020-05-18-Under-a-Groove-Sonic-Agency-300x261.png 300w\" sizes=\"(max-width: 722px) 100vw, 722px\" \/>\t\t\t\t\t\t\t\t\t\t\t\t\t<\/div>\n\t\t\t\t<\/div>\n\t\t\t\t\t<\/div>\n\t\t<\/div>\n\t\t\t\t\t<\/div>\n\t\t<\/section>\n\t\t\t\t<section class=\"elementor-section elementor-top-section elementor-element elementor-element-7b83c4c elementor-section-boxed elementor-section-height-default elementor-section-height-default\" data-id=\"7b83c4c\" data-element_type=\"section\">\n\t\t\t\t\t\t<div class=\"elementor-container elementor-column-gap-default\">\n\t\t\t\t\t<div class=\"elementor-column elementor-col-100 elementor-top-column elementor-element elementor-element-4cbf879\" data-id=\"4cbf879\" data-element_type=\"column\">\n\t\t\t<div class=\"elementor-widget-wrap elementor-element-populated\">\n\t\t\t\t\t\t<div class=\"elementor-element elementor-element-7226802 elementor-widget elementor-widget-text-editor\" data-id=\"7226802\" data-element_type=\"widget\" data-widget_type=\"text-editor.default\">\n\t\t\t\t<div class=\"elementor-widget-container\">\n\t\t\t\t\t\t\t<p><img class=\"size-full wp-image-321 alignnone\" title=\"Welcome\" src=\"http:\/\/underagroove.be\/net\/wp-content\/uploads\/2009\/04\/venue.jpg\" alt=\"Welcome\" width=\"20\" height=\"16\" \/> \u00a0\u00a0\u00a0Bienvenue sur le site du squad sonique <strong>under<a href=\"http:\/\/t\" data-wplink-url-error=\"true\">a<\/a>groove<\/strong>.be<\/p><p><img class=\"size-full wp-image-321 alignnone\" title=\"Looking\" src=\"http:\/\/underagroove.be\/net\/wp-content\/uploads\/2009\/04\/venue.jpg\" alt=\"Looking\" width=\"20\" height=\"16\" \/> \u00a0\u00a0Vous cherchiez un groupe, un (des) musicien (s), un DJ ou les deux, une performance originale ou un atelier pour votre f\u00eate, festival, \u00e9v\u00e9nement?<\/p>\t\t\t\t\t\t<\/div>\n\t\t\t\t<\/div>\n\t\t\t\t\t<\/div>\n\t\t<\/div>\n\t\t\t\t\t<\/div>\n\t\t<\/section>\n\t\t\t\t<section class=\"elementor-section elementor-top-section elementor-element elementor-element-a6eec06 elementor-section-boxed elementor-section-height-default elementor-section-height-default\" data-id=\"a6eec06\" data-element_type=\"section\">\n\t\t\t\t\t\t<div class=\"elementor-container elementor-column-gap-default\">\n\t\t\t\t\t<div class=\"elementor-column elementor-col-100 elementor-top-column elementor-element elementor-element-2c1de91\" data-id=\"2c1de91\" data-element_type=\"column\">\n\t\t\t<div class=\"elementor-widget-wrap elementor-element-populated\">\n\t\t\t\t\t\t<div class=\"elementor-element elementor-element-983de4f elementor-widget elementor-widget-text-editor\" data-id=\"983de4f\" data-element_type=\"widget\" data-widget_type=\"text-editor.default\">\n\t\t\t\t<div class=\"elementor-widget-container\">\n\t\t\t\t\t\t\t<p style=\"text-align: center;\"><strong>Vous venez d\u2019atterrir au bon endroit, juste sous <em>le<\/em> groove !<\/strong><\/p><p><img loading=\"lazy\" class=\"size-full wp-image-321 alignnone\" title=\"Restricted\" src=\"http:\/\/underagroove.be\/net\/wp-content\/uploads\/2009\/04\/venue.jpg\" alt=\"Restricted\" width=\"20\" height=\"16\" \/> \u00a0\u00a0Une s\u00e9lection restreinte afin de vous donner l&#8217;opportunit\u00e9 de (re) d\u00e9couvrir nos projets maison tels que : <a href=\"http:\/\/underagroove.be\/net\/fr\/le-rythme-des-fourmis\/\"><strong>Le Rythme des Fourmis<\/strong><\/a>, <strong><a href=\"http:\/\/underagroove.be\/net\/fr\/dj-musicien-nes\/le-balmodern-soundsystem\/\">Le balMODERNSOUNDsystem<\/a><\/strong>, <a href=\"http:\/\/underagroove.be\/net\/fr\/groupes\/brigada-shabazz\/\"><strong>Brigada Shabazz<\/strong><\/a> ou <a href=\"http:\/\/underagroove.be\/net\/fr\/don-olivero-officiel\/\"><strong>don Olivero<\/strong><\/a>. Et aussi d\u2019attirer votre attention sur la pr\u00e9sence de deux projets : l&#8217;\u00e9lectro-dub <a href=\"http:\/\/underagroove.be\/net\/fr\/volt-selector\/\">Volt-Selector<\/a> et le minimaliste <a href=\"http:\/\/underagroove.be\/net\/fr\/groupes\/technically-normal\/\">Technically Normal<\/a>.<\/p><p>Ne manquez pas les pages DJ, qui accueillent les incontournables <a href=\"http:\/\/underagroove.be\/net\/fr\/djs\/dj-kwak\/\">Mista Strictly Niceness DJ Kwak<\/a>, <a href=\"http:\/\/underagroove.be\/net\/fr\/djs\/dj-patrick-balzat\/\">Mister Selecta Beats Patrick Balzat<\/a> et <a href=\"http:\/\/underagroove.be\/net\/fr\/djs\/dj-tang-e\/\">DJ Tang E<\/a>!<\/p><p><img loading=\"lazy\" class=\"size-full wp-image-321 alignnone\" title=\"Check\" src=\"http:\/\/underagroove.be\/net\/wp-content\/uploads\/2009\/04\/venue.jpg\" alt=\"Check\" width=\"20\" height=\"16\" \/> \u00a0\u00a0Consultez les sections <a href=\"http:\/\/underagroove.be\/net\/fr\/web-design\/\">Web-Design<\/a> et <a href=\"http:\/\/underagroove.be\/net\/fr\/regie-sonlumiere\/\">Backline<\/a> et les pages des virtuoses, <a href=\"http:\/\/underagroove.be\/net\/fr\/maia-aboueleze\/\">Ma\u00efa Aboueleze (Ta\u00efko Drum)<\/a>, <a href=\"http:\/\/underagroove.be\/net\/fr\/virna-nova\/\">Virna Nova (guitare)<\/a> et <a href=\"http:\/\/underagroove.be\/net\/fr\/anja-naucler\/\">Anja Naucler (violoncelle)<\/a>. Consultez \u00e9galement nos <a href=\"http:\/\/underagroove.be\/net\/fr\/ateliers-de-rythmedanse\/\">ateliers de rythmes et de danse<\/a> et notre section performance, proposant les fameux <a href=\"http:\/\/underagroove.be\/net\/fr\/performeurs\/dalton-drum-syndicate-fr\/\">Dalton Drum Syndicate<\/a> et l&#8217;\u00e9quipe mobile-welness de <a href=\"http:\/\/underagroove.be\/net\/fr\/performeurs\/mademoiselle-zen\/\">Mademoiselle Zen<\/a>.<\/p><p><img loading=\"lazy\" class=\"size-full wp-image-321 alignnone\" title=\"Wow!\" src=\"http:\/\/underagroove.be\/net\/wp-content\/uploads\/2009\/04\/venue.jpg\" alt=\"Wow!\" width=\"20\" height=\"16\" \/> \u00a0\u00a0Cette s\u00e9lection \u00e9volue, revenez r\u00e9guli\u00e8rement pour ne pas manquer de nouvelles saveurs et mises \u00e0 jour!<\/p><p>Chaque page dispose de son propre lecteur: n&#8217;oubliez pas de pousser le volume\u00a0!<\/p><p><strong>Have nice times under<span style=\"color: #ff0033;\">a<\/span>groove !<\/strong><\/p><h5>[et si vous ne l&#8217;aviez pas encore compris <a href=\"http:\/\/lien\" data-wplink-url-error=\"true\">rouge-rose<\/a> signifie lien !;]<\/h5>\t\t\t\t\t\t<\/div>\n\t\t\t\t<\/div>\n\t\t\t\t\t<\/div>\n\t\t<\/div>\n\t\t\t\t\t<\/div>\n\t\t<\/section>\n\t\t\t\t<section class=\"elementor-section elementor-top-section elementor-element elementor-element-e09d7ec elementor-section-boxed elementor-section-height-default elementor-section-height-default\" data-id=\"e09d7ec\" data-element_type=\"section\">\n\t\t\t\t\t\t<div class=\"elementor-container elementor-column-gap-default\">\n\t\t\t\t\t<div class=\"elementor-column elementor-col-100 elementor-top-column elementor-element elementor-element-5a40448\" data-id=\"5a40448\" data-element_type=\"column\">\n\t\t\t<div class=\"elementor-widget-wrap elementor-element-populated\">\n\t\t\t\t\t\t<div class=\"elementor-element elementor-element-d526863 elementor-widget elementor-widget-text-editor\" data-id=\"d526863\" data-element_type=\"widget\" data-widget_type=\"text-editor.default\">\n\t\t\t\t<div class=\"elementor-widget-container\">\n\t\t\t\t\t\t\t<h1 style=\"text-align: center;\">\u00a9 \u2117<\/h1><p>Tous les visuels et audio pr\u00e9sent\u00e9s sur ce site le sont avec la permission des artistes.<\/p><p>Plateforme \u00e0 but non lucratif : les ventes de CD et de vinyles se font au prix co\u00fbtant, les r\u00e9servations d&#8217;artistes ne sont pas commissionn\u00e9es, seuls les frais \u00e9ventuels sont pris en compte.<\/p>\t\t\t\t\t\t<\/div>\n\t\t\t\t<\/div>\n\t\t\t\t\t<\/div>\n\t\t<\/div>\n\t\t\t\t\t<\/div>\n\t\t<\/section>\n\t\t\t\t<\/div>\n\t\t","protected":false},"excerpt":{"rendered":"<p><a class=\"more-link\" href=\"https:\/\/underagroove.be\/net\/fr\/a-propos\/\">Read More<\/a><\/p>\n","protected":false},"author":3,"featured_media":0,"parent":0,"menu_order":6,"comment_status":"closed","ping_status":"open","template":"templates\/template-full-width.php","meta":[],"_links":{"self":[{"href":"https:\/\/underagroove.be\/net\/wp-json\/wp\/v2\/pages\/3832"}],"collection":[{"href":"https:\/\/underagroove.be\/net\/wp-json\/wp\/v2\/pages"}],"about":[{"href":"https:\/\/underagroove.be\/net\/wp-json\/wp\/v2\/types\/page"}],"author":[{"embeddable":true,"href":"https:\/\/underagroove.be\/net\/wp-json\/wp\/v2\/users\/3"}],"replies":[{"embeddable":true,"href":"https:\/\/underagroove.be\/net\/wp-json\/wp\/v2\/comments?post=3832"}],"version-history":[{"count":0,"href":"https:\/\/underagroove.be\/net\/wp-json\/wp\/v2\/pages\/3832\/revisions"}],"wp:attachment":[{"href":"https:\/\/underagroove.be\/net\/wp-json\/wp\/v2\/media?parent=3832"}],"curies":[{"name":"wp","href":"https:\/\/api.w.org\/{rel}","templated":true}]}}