{"id":3817,"date":"2021-01-01T21:42:41","date_gmt":"2021-01-01T20:42:41","guid":{"rendered":"http:\/\/underagroove.be\/net\/?page_id=3817"},"modified":"2021-10-29T03:38:47","modified_gmt":"2021-10-29T01:38:47","slug":"le-balmodern-soundsystem","status":"publish","type":"page","link":"https:\/\/underagroove.be\/net\/fr\/groupes\/le-balmodern-soundsystem\/","title":{"rendered":"Le balMODERN SOUNDsystem"},"content":{"rendered":"\t\t<div data-elementor-type=\"wp-page\" data-elementor-id=\"3817\" class=\"elementor elementor-3817\">\n\t\t\t\t\t\t<section class=\"elementor-section elementor-top-section elementor-element elementor-element-ff5c662 elementor-section-boxed elementor-section-height-default elementor-section-height-default\" data-id=\"ff5c662\" data-element_type=\"section\">\n\t\t\t\t\t\t<div class=\"elementor-container elementor-column-gap-default\">\n\t\t\t\t\t<div class=\"elementor-column elementor-col-100 elementor-top-column elementor-element elementor-element-d802372\" data-id=\"d802372\" data-element_type=\"column\">\n\t\t\t<div class=\"elementor-widget-wrap elementor-element-populated\">\n\t\t\t\t\t\t\t<\/div>\n\t\t<\/div>\n\t\t\t\t\t<\/div>\n\t\t<\/section>\n\t\t\t\t<section class=\"elementor-section elementor-top-section elementor-element elementor-element-8b6c1fc elementor-section-boxed elementor-section-height-default elementor-section-height-default\" data-id=\"8b6c1fc\" data-element_type=\"section\">\n\t\t\t\t\t\t<div class=\"elementor-container elementor-column-gap-default\">\n\t\t\t\t\t<div class=\"elementor-column elementor-col-100 elementor-top-column elementor-element elementor-element-0f090c2\" data-id=\"0f090c2\" data-element_type=\"column\">\n\t\t\t<div class=\"elementor-widget-wrap elementor-element-populated\">\n\t\t\t\t\t\t<div class=\"elementor-element elementor-element-7e4cb2e elementor-widget elementor-widget-html\" data-id=\"7e4cb2e\" data-element_type=\"widget\" data-widget_type=\"html.default\">\n\t\t\t\t<div class=\"elementor-widget-container\">\n\t\t\t<iframe width=\"100%\" height=\"166\" scrolling=\"no\" frameborder=\"no\" allow=\"autoplay\" src=\"https:\/\/w.soundcloud.com\/player\/?url=https%3A\/\/api.soundcloud.com\/tracks\/904867936&color=%23ff0033&auto_play=false&hide_related=false&show_comments=true&show_user=false&show_reposts=false&show_teaser=false&show_artwork=false&show_playcount=false\"><\/iframe>\t\t<\/div>\n\t\t\t\t<\/div>\n\t\t\t\t\t<\/div>\n\t\t<\/div>\n\t\t\t\t\t<\/div>\n\t\t<\/section>\n\t\t\t\t<section class=\"elementor-section elementor-top-section elementor-element elementor-element-193ec97 elementor-section-boxed elementor-section-height-default elementor-section-height-default\" data-id=\"193ec97\" data-element_type=\"section\">\n\t\t\t\t\t\t<div class=\"elementor-container elementor-column-gap-default\">\n\t\t\t\t\t<div class=\"elementor-column elementor-col-66 elementor-top-column elementor-element elementor-element-a1216ac\" data-id=\"a1216ac\" data-element_type=\"column\">\n\t\t\t<div class=\"elementor-widget-wrap elementor-element-populated\">\n\t\t\t\t\t\t<div class=\"elementor-element elementor-element-4c4c4d0 elementor-widget elementor-widget-text-editor\" data-id=\"4c4c4d0\" data-element_type=\"widget\" data-widget_type=\"text-editor.default\">\n\t\t\t\t<div class=\"elementor-widget-container\">\n\t\t\t\t\t\t\t<h1 style=\"text-align: left;\" align=\"center\">le balMODERNSOUNDsystem<\/h1><p><strong>N\u2019h\u00e9sitez plus entre un DJ ou un groupe live : nous vous proposons les deux en un!<\/strong><\/p><p><strong>Style : <\/strong>De l\u2019\u00e9lectro-funk, de la saveur latine et les dancefloor classics!<\/p>\t\t\t\t\t\t<\/div>\n\t\t\t\t<\/div>\n\t\t\t\t\t<\/div>\n\t\t<\/div>\n\t\t\t\t<div class=\"elementor-column elementor-col-33 elementor-top-column elementor-element elementor-element-c978bea\" data-id=\"c978bea\" data-element_type=\"column\">\n\t\t\t<div class=\"elementor-widget-wrap elementor-element-populated\">\n\t\t\t\t\t\t<div class=\"elementor-element elementor-element-00f8158 elementor-widget elementor-widget-video\" data-id=\"00f8158\" data-element_type=\"widget\" data-settings=\"{&quot;yt_privacy&quot;:&quot;yes&quot;,&quot;video_type&quot;:&quot;vimeo&quot;,&quot;start&quot;:4}\" data-widget_type=\"video.default\">\n\t\t\t\t<div class=\"elementor-widget-container\">\n\t\t\t\t\t<div class=\"elementor-wrapper elementor-open-inline\">\n\t\t\t<iframe class=\"elementor-video-iframe\" allowfullscreen allow=\"clipboard-write\" title=\"vimeo Video Player\" src=\"https:\/\/player.vimeo.com\/video\/37306159?color=FF0033&amp;autopause=0&amp;dnt=true&amp;loop=0&amp;muted=0&amp;title=0&amp;portrait=1&amp;byline=1#t=00h00m04s\"><\/iframe>\t\t<\/div>\n\t\t\t\t<\/div>\n\t\t\t\t<\/div>\n\t\t\t\t\t<\/div>\n\t\t<\/div>\n\t\t\t\t\t<\/div>\n\t\t<\/section>\n\t\t\t\t<section class=\"elementor-section elementor-top-section elementor-element elementor-element-c24beda elementor-section-boxed elementor-section-height-default elementor-section-height-default\" data-id=\"c24beda\" data-element_type=\"section\">\n\t\t\t\t\t\t<div class=\"elementor-container elementor-column-gap-default\">\n\t\t\t\t\t<div class=\"elementor-column elementor-col-100 elementor-top-column elementor-element elementor-element-308cece\" data-id=\"308cece\" data-element_type=\"column\">\n\t\t\t<div class=\"elementor-widget-wrap elementor-element-populated\">\n\t\t\t\t\t\t<div class=\"elementor-element elementor-element-166c784 elementor-align-center elementor-invisible elementor-widget elementor-widget-button\" data-id=\"166c784\" data-element_type=\"widget\" data-settings=\"{&quot;_animation&quot;:&quot;slideInLeft&quot;}\" data-widget_type=\"button.default\">\n\t\t\t\t<div class=\"elementor-widget-container\">\n\t\t\t\t\t<div class=\"elementor-button-wrapper\">\n\t\t\t<a class=\"elementor-button elementor-button-link elementor-size-xl\" href=\"http:\/\/underagroove.be\/net\/contact\/\">\n\t\t\t\t\t\t<span class=\"elementor-button-content-wrapper\">\n\t\t\t\t\t\t\t\t\t<span class=\"elementor-button-text\">Info&Booking<\/span>\n\t\t\t\t\t<\/span>\n\t\t\t\t\t<\/a>\n\t\t<\/div>\n\t\t\t\t<\/div>\n\t\t\t\t<\/div>\n\t\t\t\t\t<\/div>\n\t\t<\/div>\n\t\t\t\t\t<\/div>\n\t\t<\/section>\n\t\t\t\t<section class=\"elementor-section elementor-top-section elementor-element elementor-element-4a0fd94f elementor-section-boxed elementor-section-height-default elementor-section-height-default\" data-id=\"4a0fd94f\" data-element_type=\"section\">\n\t\t\t\t\t\t<div class=\"elementor-container elementor-column-gap-default\">\n\t\t\t\t\t<div class=\"elementor-column elementor-col-100 elementor-top-column elementor-element elementor-element-7156ebf8\" data-id=\"7156ebf8\" data-element_type=\"column\">\n\t\t\t<div class=\"elementor-widget-wrap elementor-element-populated\">\n\t\t\t\t\t\t<div class=\"elementor-element elementor-element-31a6a12d elementor-widget elementor-widget-text-editor\" data-id=\"31a6a12d\" data-element_type=\"widget\" data-widget_type=\"text-editor.default\">\n\t\t\t\t<div class=\"elementor-widget-container\">\n\t\t\t\t\t\t\t<section class=\"elementor-section elementor-top-section elementor-element elementor-element-3d3fbc3d elementor-section-boxed elementor-section-height-default elementor-section-height-default\" data-id=\"3d3fbc3d\" data-element_type=\"section\"><div class=\"elementor-container elementor-column-gap-default\"><div class=\"elementor-row\"><div class=\"elementor-column elementor-col-100 elementor-top-column elementor-element elementor-element-5d970e0a\" data-id=\"5d970e0a\" data-element_type=\"column\"><div class=\"elementor-column-wrap elementor-element-populated\"><div class=\"elementor-widget-wrap\"><div class=\"elementor-element elementor-element-47ee2955 elementor-widget elementor-widget-text-editor\" data-id=\"47ee2955\" data-element_type=\"widget\" data-widget_type=\"text-editor.default\"><div class=\"elementor-widget-container\"><div class=\"elementor-text-editor elementor-clearfix\"><p><strong>D\u00e9gustez la saveur unique de ce cocktail de musiciens live et de dejaying remixant les hits en live&amp;direct!<\/strong><\/p><p>D\u00e9sireux de pousser plus loin l\u2019interaction live entre DJ et musiciens, <a href=\"http:\/\/underagroove.be\/net\/fr\/don-olivero-officiel\/\"><strong>don Olivero<\/strong><\/a> a fond\u00e9 le collectif balMODERNSOUNDSystem avec les DJs <a href=\"http:\/\/underagroove.be\/net\/fr\/djs\/dj-patrick-balzat\/\"><strong>Patrick Balzat<\/strong><\/a>, Isa et Matieu et les musiciens <a href=\"http:\/\/underagroove.be\/net\/fr\/fred-becker\/\"><strong>Fred Becker<\/strong><\/a> (Sax.), Herv\u00e9 Letor (sax) David Picard (Tr.) , Patrick Dorcean (Dr.) avec divers chanteurs et autres\u00a0 musiciens.<\/p><p>Ils performent en live&amp;direct dans les lieux et \u00e9v\u00e9nements les plus branch\u00e9s.<\/p><p>Un spectacle complet, deux ou trois sets d\u2019une heure chacun, pr\u00e9sente l\u2019avantage d\u2019une g\u00e9om\u00e9trie variable et donc adaptable \u00e0 chaque situation.<\/p><\/div><\/div><\/div><\/div><\/div><\/div><\/div><\/div><\/section>\t\t\t\t\t\t<\/div>\n\t\t\t\t<\/div>\n\t\t\t\t\t<\/div>\n\t\t<\/div>\n\t\t\t\t\t<\/div>\n\t\t<\/section>\n\t\t\t\t<\/div>\n\t\t","protected":false},"excerpt":{"rendered":"<p><a class=\"more-link\" href=\"https:\/\/underagroove.be\/net\/fr\/groupes\/le-balmodern-soundsystem\/\">Read More<\/a><\/p>\n","protected":false},"author":3,"featured_media":0,"parent":3701,"menu_order":2,"comment_status":"closed","ping_status":"open","template":"templates\/template-full-width.php","meta":[],"_links":{"self":[{"href":"https:\/\/underagroove.be\/net\/wp-json\/wp\/v2\/pages\/3817"}],"collection":[{"href":"https:\/\/underagroove.be\/net\/wp-json\/wp\/v2\/pages"}],"about":[{"href":"https:\/\/underagroove.be\/net\/wp-json\/wp\/v2\/types\/page"}],"author":[{"embeddable":true,"href":"https:\/\/underagroove.be\/net\/wp-json\/wp\/v2\/users\/3"}],"replies":[{"embeddable":true,"href":"https:\/\/underagroove.be\/net\/wp-json\/wp\/v2\/comments?post=3817"}],"version-history":[{"count":0,"href":"https:\/\/underagroove.be\/net\/wp-json\/wp\/v2\/pages\/3817\/revisions"}],"up":[{"embeddable":true,"href":"https:\/\/underagroove.be\/net\/wp-json\/wp\/v2\/pages\/3701"}],"wp:attachment":[{"href":"https:\/\/underagroove.be\/net\/wp-json\/wp\/v2\/media?parent=3817"}],"curies":[{"name":"wp","href":"https:\/\/api.w.org\/{rel}","templated":true}]}}