{"id":3793,"date":"2021-01-01T21:13:31","date_gmt":"2021-01-01T20:13:31","guid":{"rendered":"http:\/\/underagroove.be\/net\/?page_id=3793"},"modified":"2021-05-08T18:13:34","modified_gmt":"2021-05-08T16:13:34","slug":"technically-normal","status":"publish","type":"page","link":"https:\/\/underagroove.be\/net\/fr\/groupes\/technically-normal\/","title":{"rendered":"Technically Normal"},"content":{"rendered":"\t\t<div data-elementor-type=\"wp-page\" data-elementor-id=\"3793\" class=\"elementor elementor-3793\">\n\t\t\t\t\t\t<section class=\"elementor-section elementor-top-section elementor-element elementor-element-48c1b8a elementor-section-boxed elementor-section-height-default elementor-section-height-default\" data-id=\"48c1b8a\" data-element_type=\"section\">\n\t\t\t\t\t\t<div class=\"elementor-container elementor-column-gap-default\">\n\t\t\t\t\t<div class=\"elementor-column elementor-col-100 elementor-top-column elementor-element elementor-element-73a939a\" data-id=\"73a939a\" data-element_type=\"column\">\n\t\t\t<div class=\"elementor-widget-wrap elementor-element-populated\">\n\t\t\t\t\t\t\t<\/div>\n\t\t<\/div>\n\t\t\t\t\t<\/div>\n\t\t<\/section>\n\t\t\t\t<section class=\"elementor-section elementor-top-section elementor-element elementor-element-280b09c elementor-section-boxed elementor-section-height-default elementor-section-height-default\" data-id=\"280b09c\" data-element_type=\"section\">\n\t\t\t\t\t\t<div class=\"elementor-container elementor-column-gap-default\">\n\t\t\t\t\t<div class=\"elementor-column elementor-col-100 elementor-top-column elementor-element elementor-element-e7e2437\" data-id=\"e7e2437\" data-element_type=\"column\">\n\t\t\t<div class=\"elementor-widget-wrap elementor-element-populated\">\n\t\t\t\t\t\t<div class=\"elementor-element elementor-element-e33eed2 elementor-widget elementor-widget-html\" data-id=\"e33eed2\" data-element_type=\"widget\" data-widget_type=\"html.default\">\n\t\t\t\t<div class=\"elementor-widget-container\">\n\t\t\t<iframe width=\"100%\" height=\"166\" scrolling=\"no\" frameborder=\"no\" allow=\"autoplay\" src=\"https:\/\/w.soundcloud.com\/player\/?url=https%3A\/\/api.soundcloud.com\/tracks\/903560566&color=%23ff0033&auto_play=false&hide_related=false&show_comments=true&show_user=false&show_reposts=false&show_teaser=false&show_artwork=false&show_playcount=false\"><\/iframe>\t\t<\/div>\n\t\t\t\t<\/div>\n\t\t\t\t\t<\/div>\n\t\t<\/div>\n\t\t\t\t\t<\/div>\n\t\t<\/section>\n\t\t\t\t<section class=\"elementor-section elementor-top-section elementor-element elementor-element-0aefcee elementor-section-boxed elementor-section-height-default elementor-section-height-default\" data-id=\"0aefcee\" data-element_type=\"section\">\n\t\t\t\t\t\t<div class=\"elementor-container elementor-column-gap-default\">\n\t\t\t\t\t<div class=\"elementor-column elementor-col-100 elementor-top-column elementor-element elementor-element-e7ea451\" data-id=\"e7ea451\" data-element_type=\"column\">\n\t\t\t<div class=\"elementor-widget-wrap elementor-element-populated\">\n\t\t\t\t\t\t<div class=\"elementor-element elementor-element-5bf854c elementor-align-center elementor-invisible elementor-widget elementor-widget-button\" data-id=\"5bf854c\" data-element_type=\"widget\" data-settings=\"{&quot;_animation&quot;:&quot;slideInLeft&quot;}\" data-widget_type=\"button.default\">\n\t\t\t\t<div class=\"elementor-widget-container\">\n\t\t\t\t\t<div class=\"elementor-button-wrapper\">\n\t\t\t<a class=\"elementor-button elementor-button-link elementor-size-xl\" href=\"http:\/\/underagroove.be\/net\/contact\/\">\n\t\t\t\t\t\t<span class=\"elementor-button-content-wrapper\">\n\t\t\t\t\t\t\t\t\t<span class=\"elementor-button-text\">Info&Booking<\/span>\n\t\t\t\t\t<\/span>\n\t\t\t\t\t<\/a>\n\t\t<\/div>\n\t\t\t\t<\/div>\n\t\t\t\t<\/div>\n\t\t\t\t\t<\/div>\n\t\t<\/div>\n\t\t\t\t\t<\/div>\n\t\t<\/section>\n\t\t\t\t<section class=\"elementor-section elementor-top-section elementor-element elementor-element-8446778 elementor-section-boxed elementor-section-height-default elementor-section-height-default\" data-id=\"8446778\" data-element_type=\"section\">\n\t\t\t\t\t\t<div class=\"elementor-container elementor-column-gap-default\">\n\t\t\t\t\t<div class=\"elementor-column elementor-col-100 elementor-top-column elementor-element elementor-element-2a023e50\" data-id=\"2a023e50\" data-element_type=\"column\">\n\t\t\t<div class=\"elementor-widget-wrap elementor-element-populated\">\n\t\t\t\t\t\t<div class=\"elementor-element elementor-element-61c90020 elementor-widget elementor-widget-text-editor\" data-id=\"61c90020\" data-element_type=\"widget\" data-widget_type=\"text-editor.default\">\n\t\t\t\t<div class=\"elementor-widget-container\">\n\t\t\t\t\t\t\t<h1>Technically Normal<\/h1><p><strong>Quand l\u2019\u00e9lectro s&#8217;aventure sur de nouveaux chemins, gr\u00e2ce au GPS !<br \/><\/strong><\/p><p><strong>Style: <\/strong>Sexperimental-Electro-Dance.<\/p><p><em>Technically Normal est aussi normal qu&#8217;un choc frontal entre Autechre et Brian Eno avec des voix de GPS en special guests!<\/em><\/p><p><em>&#8220;Au retour d&#8217;un concert de Studio Pagol en Allemagne, o\u00f9 le r\u00e9seau autoroutier est particuli\u00e8rement dense, un CD \u00e9lectro jouait fort et Jeremy a allum\u00e9 son GPS pour que nous ne nous perdions plus. La voix du GPS, qui \u00e9tait ravi d&#8217;essayer d&#8217;une mani\u00e8re ou d&#8217;une autre de nous guider dans les nombreuses sangles teutoniques, cette douce voix synth\u00e9tique &#8230; \u00e9tait particuli\u00e8rement agr\u00e9able \u00e0 \u00e9couter et \u00absonnait si bien avec la musique\u00bb\u2026 Le concept \u00e9tait n\u00e9!&#8221;<br \/><\/em><\/p><p>Au d\u00e9but, Technically Normal n&#8217;\u00e9tait qu&#8217;un projet parall\u00e8le solo du principal membre et fondateur de <strong>Studio Pagol, Marc Van Eyck<\/strong>, entre deux albums du Studio Pagol.<\/p><p>Mais fin 2006, un concert de Technically lui donna envie de pousser l\u2019exp\u00e9rience plus loin&#8230;<\/p><p>Et le voici donc avec son nouvel ordinateur portable, son tr\u00e8s vieux clavier, une tr\u00e8s vieille chaise qui gratte, quelques effets sonores et parfois un joueur de base, apportant des rythmes carr\u00e9s minimal-techno, des couches bruitistes , des r\u00e9it\u00e9rations sonores envoutantes, des figures rythmiques extraterrestres, des cris cach\u00e9s de guitares d\u00e9form\u00e9es et parfois m\u00eame de la vieille musique informatique arcadique simpliste.<\/p><p><strong>Discographie<\/strong><\/p><p>&#8220;Technically&#8221; Normal by Technically Normal &#8211; CD [Some Music] (available <a href=\"http:\/\/underagroove.be\/net\/e-shop\/\">in our shop<\/a>)<\/p>\t\t\t\t\t\t<\/div>\n\t\t\t\t<\/div>\n\t\t\t\t\t<\/div>\n\t\t<\/div>\n\t\t\t\t\t<\/div>\n\t\t<\/section>\n\t\t\t\t<\/div>\n\t\t","protected":false},"excerpt":{"rendered":"<p><a class=\"more-link\" href=\"https:\/\/underagroove.be\/net\/fr\/groupes\/technically-normal\/\">Read More<\/a><\/p>\n","protected":false},"author":3,"featured_media":0,"parent":3701,"menu_order":6,"comment_status":"closed","ping_status":"open","template":"templates\/template-full-width.php","meta":[],"_links":{"self":[{"href":"https:\/\/underagroove.be\/net\/wp-json\/wp\/v2\/pages\/3793"}],"collection":[{"href":"https:\/\/underagroove.be\/net\/wp-json\/wp\/v2\/pages"}],"about":[{"href":"https:\/\/underagroove.be\/net\/wp-json\/wp\/v2\/types\/page"}],"author":[{"embeddable":true,"href":"https:\/\/underagroove.be\/net\/wp-json\/wp\/v2\/users\/3"}],"replies":[{"embeddable":true,"href":"https:\/\/underagroove.be\/net\/wp-json\/wp\/v2\/comments?post=3793"}],"version-history":[{"count":0,"href":"https:\/\/underagroove.be\/net\/wp-json\/wp\/v2\/pages\/3793\/revisions"}],"up":[{"embeddable":true,"href":"https:\/\/underagroove.be\/net\/wp-json\/wp\/v2\/pages\/3701"}],"wp:attachment":[{"href":"https:\/\/underagroove.be\/net\/wp-json\/wp\/v2\/media?parent=3793"}],"curies":[{"name":"wp","href":"https:\/\/api.w.org\/{rel}","templated":true}]}}