{"id":3779,"date":"2021-01-01T21:06:25","date_gmt":"2021-01-01T20:06:25","guid":{"rendered":"http:\/\/underagroove.be\/net\/?page_id=3779"},"modified":"2024-04-15T00:51:03","modified_gmt":"2024-04-14T22:51:03","slug":"artistesprojets","status":"publish","type":"page","link":"https:\/\/underagroove.be\/net\/fr\/artistesprojets\/","title":{"rendered":"Artistes&#038;Projets"},"content":{"rendered":"\t\t<div data-elementor-type=\"wp-page\" data-elementor-id=\"3779\" class=\"elementor elementor-3779\">\n\t\t\t\t\t\t<section class=\"elementor-section elementor-top-section elementor-element elementor-element-76fe0ce4 elementor-section-boxed elementor-section-height-default elementor-section-height-default\" data-id=\"76fe0ce4\" data-element_type=\"section\">\n\t\t\t\t\t\t<div class=\"elementor-container elementor-column-gap-default\">\n\t\t\t\t\t<div class=\"elementor-column elementor-col-100 elementor-top-column elementor-element elementor-element-6f46bded\" data-id=\"6f46bded\" data-element_type=\"column\">\n\t\t\t<div class=\"elementor-widget-wrap elementor-element-populated\">\n\t\t\t\t\t\t<div class=\"elementor-element elementor-element-91d480a elementor-widget elementor-widget-text-editor\" data-id=\"91d480a\" data-element_type=\"widget\" data-widget_type=\"text-editor.default\">\n\t\t\t\t<div class=\"elementor-widget-container\">\n\t\t\t\t\t\t\t<h1>Artistes&amp;Projets<\/h1><p><img class=\"alignleft size-full wp-image-321\" title=\"1\" src=\"http:\/\/underagroove.be\/net\/wp-content\/uploads\/2009\/04\/venue.jpg\" alt=\"venue\" width=\"20\" height=\"16\" \/><strong>Bienvenue dans notre catalogue&#8230;<\/strong><\/p><p>Les artistes, groupes, workshops, etc, list\u00e9s ci-dessous peuvent \u00eatres r\u00e9serv\u00e9s pour vous par <b>under<span style=\"color: #ff0000;\">a<\/span>groove<\/b>.<\/p><p>Pour faciliter votre visite, le catalogue est organis\u00e9 en section. d\u00e9roulez le en pla\u00e7ant votre souris sur l\u2019onglet &#8220;Artistes&amp;Projets&#8221; ou en cliquant ci-dessous.<\/p><p><img class=\"alignleft size-full wp-image-321\" title=\"3\" src=\"http:\/\/underagroove.be\/net\/wp-content\/uploads\/2009\/04\/venue.jpg\" alt=\"venue\" width=\"20\" height=\"16\" \/><\/p><p>Nouveau : &#8220;<a href=\"https:\/\/underagroove.be\/net\/fr\/lecole-des-fourmis\/\">L&#8217;\u00e9cole des fourmis<\/a>&#8221; (Spectacle pour enfants)<\/p><p><img class=\"alignleft size-full wp-image-321\" title=\"3\" src=\"http:\/\/underagroove.be\/net\/wp-content\/uploads\/2009\/04\/venue.jpg\" alt=\"venue\" width=\"20\" height=\"16\" \/><a href=\"http:\/\/underagroove.be\/net\/fr\/musicien-nes\/\">Musicien.nes<\/a><\/p><p style=\"padding-left: 40px;\">\u266a <a href=\"http:\/\/underagroove.be\/net\/fr\/anja-naucler\/\">Anja Naucler<\/a> (Cello)<br \/>\u266a\u00a0<a href=\"http:\/\/underagroove.be\/net\/fr\/don-olivero-officiel\/\">don Olivero<\/a> (Percussions \/ Congas)<br \/>\u266a <a href=\"http:\/\/underagroove.be\/net\/fr\/fred-becker\/\">Fred Becker<\/a> (Saxophone \/ Flute)<br \/>\u266a <a href=\"http:\/\/underagroove.be\/net\/fr\/maia-aboueleze\/\">Ma\u00efa Aboueleze<\/a> (Taiko Drum)<br \/>\u266a <a href=\"http:\/\/underagroove.be\/net\/fr\/virna-nova\/\">Virna Nova<\/a> (Chant \/ Guitare)<\/p><p><img class=\"alignleft size-full wp-image-321\" title=\"2\" src=\"http:\/\/underagroove.be\/net\/wp-content\/uploads\/2009\/04\/venue.jpg\" alt=\"venue\" width=\"20\" height=\"16\" \/><a href=\"http:\/\/underagroove.be\/net\/fr\/groupes\/\">Groupes<\/a><\/p><p style=\"padding-left: 40px;\">\u266b <a href=\"http:\/\/underagroove.be\/net\/fr\/le-rythme-des-fourmis\/\">Le Rythme des Fourmis<\/a> (Metal Drum)<br \/>\u266b <a href=\"http:\/\/underagroove.be\/net\/fr\/le-balmodern-soundsystem\/\">Le balMODERN SOUNDsystem<\/a> (DJ+Live Musicians)<br \/>\u266b <a href=\"http:\/\/underagroove.be\/net\/fr\/volt-selector\/\">Volt-Selector<\/a> (Dub-Rock)<br \/>\u266b <a href=\"http:\/\/underagroove.be\/net\/fr\/groupes\/brigada-shabazz\/\">Brigada Shabazz<\/a> (Techno-Electro)<br \/>\u266b <a href=\"http:\/\/underagroove.be\/net\/fr\/groupes\/technically-normal\/\">Technically Normal<\/a> (Electro)<br \/>\u266b <a href=\"http:\/\/underagroove.be\/net\/fr\/groove-machine\/\">Groove Machine<\/a> (Funk Cover Band)<\/p><p><img loading=\"lazy\" class=\"alignleft size-full wp-image-321\" title=\"4\" src=\"http:\/\/underagroove.be\/net\/wp-content\/uploads\/2009\/04\/venue.jpg\" alt=\"venue\" width=\"20\" height=\"16\" \/><a href=\"http:\/\/underagroove.be\/net\/fr\/djs\/\">DJ<\/a><\/p><p style=\"padding-left: 40px;\">\u25d9 <a href=\"http:\/\/underagroove.be\/net\/fr\/djs\/dj-patrick-balzat\/\">Patrick Balzat<\/a> (House, Funk, Disco)<br \/>\u25d9 <a href=\"http:\/\/underagroove.be\/net\/fr\/djs\/dj-kwak\/\">Kwak<\/a> (Funk, Soul)<br \/>\u25d9 <a href=\"http:\/\/underagroove.be\/net\/fr\/djs\/dj-tang-e\/\">TangE<\/a> (House, Electro)<br \/>\u25d9 Tribute to <a href=\"http:\/\/underagroove.be\/net\/fr\/djs\/tribute-2-eric-powa-b\/\">Eric Powa B<\/a><\/p><p><img loading=\"lazy\" class=\"alignleft size-full wp-image-321\" title=\"5\" src=\"http:\/\/underagroove.be\/net\/wp-content\/uploads\/2009\/04\/venue.jpg\" alt=\"venue\" width=\"20\" height=\"16\" \/><a href=\"http:\/\/underagroove.be\/net\/fr\/dj-musicien-nes\/\">DJ + Musicien.nes<\/a><\/p><p style=\"padding-left: 40px;\">\u2660\u00a0 <a href=\"http:\/\/underagroove.be\/net\/fr\/le-balmodern-soundsystem\/\">Le balMODERN SOUNDsystem<\/a><br \/>\u2660\u00a0 <a href=\"http:\/\/underagroove.be\/net\/fr\/dj-musicien-nes\/\">Choisissez parmi les meilleurs musicien.nes et DJ et formez votre party-unit!<\/a><\/p><p><img loading=\"lazy\" class=\"alignleft size-full wp-image-321\" title=\"6\" src=\"http:\/\/underagroove.be\/net\/wp-content\/uploads\/2009\/04\/venue.jpg\" alt=\"venue\" width=\"20\" height=\"16\" \/><a href=\"http:\/\/underagroove.be\/net\/fr\/ateliers-de-rythmedanse\/\">Workshops<\/a><\/p><p style=\"padding-left: 40px;\">\u2665 <a href=\"http:\/\/underagroove.be\/net\/fr\/ateliers-de-rythmedanse\/workshops-rythmiques\/\">Workshops Rythmiques<\/a><br \/>\u2665 <a href=\"http:\/\/underagroove.be\/net\/fr\/ateliers-de-rythmedanse\/workshops-rythmesdanses\/\">Rythmes&amp;Danses Workshops<\/a><\/p><p><img loading=\"lazy\" class=\"alignleft size-full wp-image-321\" title=\"6 again\" src=\"http:\/\/underagroove.be\/net\/wp-content\/uploads\/2009\/04\/venue.jpg\" alt=\"venue\" width=\"20\" height=\"16\" \/><a href=\"http:\/\/underagroove.be\/net\/fr\/performeurs\/\">Performeurs<\/a><\/p><p style=\"padding-left: 40px;\">\u263b <a href=\"http:\/\/underagroove.be\/net\/?page_id=713\">Dalton Drum Syndicate<\/a> (Drum Performance)<br \/>\u263b <a href=\"http:\/\/underagroove.be\/net\/?page_id=994\">Mademoiselle Zen\u2019 Wellness Team<\/a> (In-Situ Zen-massage)<\/p><p><img loading=\"lazy\" class=\"alignleft size-full wp-image-321\" title=\"8\" src=\"http:\/\/underagroove.be\/net\/wp-content\/uploads\/2009\/04\/venue.jpg\" alt=\"venue\" width=\"20\" height=\"16\" \/><a href=\"http:\/\/underagroove.be\/net\/fr\/regie-sonlumiere\/\">R\u00e9gie (son&amp;lumi\u00e8re)<\/a><\/p><p><img loading=\"lazy\" class=\"alignleft size-full wp-image-321\" title=\"7\" src=\"http:\/\/underagroove.be\/net\/wp-content\/uploads\/2009\/04\/venue.jpg\" alt=\"venue\" width=\"20\" height=\"16\" \/><a href=\"http:\/\/underagroove.be\/net\/fr\/web-design\/\">Web-Design<\/a><\/p><p>Vous cherchez encore? <a href=\"http:\/\/underagroove.be\/net\/fr\/contact-2\/\">Contactez nous<\/a> maintenant.<\/p><p><a href=\"http:\/\/underagroove.be\/net\/fr\/artistesprojets\/\">Retour \u00e0 l\u2019index<\/a>\/\/<\/p>\t\t\t\t\t\t<\/div>\n\t\t\t\t<\/div>\n\t\t\t\t\t<\/div>\n\t\t<\/div>\n\t\t\t\t\t<\/div>\n\t\t<\/section>\n\t\t\t\t<section class=\"elementor-section elementor-top-section elementor-element elementor-element-3b77f84 elementor-section-boxed elementor-section-height-default elementor-section-height-default\" data-id=\"3b77f84\" data-element_type=\"section\">\n\t\t\t\t\t\t<div class=\"elementor-container elementor-column-gap-default\">\n\t\t\t\t\t<div class=\"elementor-column elementor-col-100 elementor-top-column elementor-element elementor-element-e2e3b15\" data-id=\"e2e3b15\" data-element_type=\"column\">\n\t\t\t<div class=\"elementor-widget-wrap elementor-element-populated\">\n\t\t\t\t\t\t<div class=\"elementor-element elementor-element-adf5a98 elementor-align-center elementor-invisible elementor-widget elementor-widget-button\" data-id=\"adf5a98\" data-element_type=\"widget\" data-settings=\"{&quot;_animation&quot;:&quot;slideInLeft&quot;}\" data-widget_type=\"button.default\">\n\t\t\t\t<div class=\"elementor-widget-container\">\n\t\t\t\t\t<div class=\"elementor-button-wrapper\">\n\t\t\t<a class=\"elementor-button elementor-button-link elementor-size-xl\" href=\"http:\/\/underagroove.be\/net\/contact\/\">\n\t\t\t\t\t\t<span class=\"elementor-button-content-wrapper\">\n\t\t\t\t\t\t\t\t\t<span class=\"elementor-button-text\">Info&Booking<\/span>\n\t\t\t\t\t<\/span>\n\t\t\t\t\t<\/a>\n\t\t<\/div>\n\t\t\t\t<\/div>\n\t\t\t\t<\/div>\n\t\t\t\t\t<\/div>\n\t\t<\/div>\n\t\t\t\t\t<\/div>\n\t\t<\/section>\n\t\t\t\t<\/div>\n\t\t","protected":false},"excerpt":{"rendered":"<p><a class=\"more-link\" href=\"https:\/\/underagroove.be\/net\/fr\/artistesprojets\/\">Read More<\/a><\/p>\n","protected":false},"author":3,"featured_media":0,"parent":0,"menu_order":3,"comment_status":"closed","ping_status":"open","template":"templates\/template-full-width.php","meta":[],"_links":{"self":[{"href":"https:\/\/underagroove.be\/net\/wp-json\/wp\/v2\/pages\/3779"}],"collection":[{"href":"https:\/\/underagroove.be\/net\/wp-json\/wp\/v2\/pages"}],"about":[{"href":"https:\/\/underagroove.be\/net\/wp-json\/wp\/v2\/types\/page"}],"author":[{"embeddable":true,"href":"https:\/\/underagroove.be\/net\/wp-json\/wp\/v2\/users\/3"}],"replies":[{"embeddable":true,"href":"https:\/\/underagroove.be\/net\/wp-json\/wp\/v2\/comments?post=3779"}],"version-history":[{"count":0,"href":"https:\/\/underagroove.be\/net\/wp-json\/wp\/v2\/pages\/3779\/revisions"}],"wp:attachment":[{"href":"https:\/\/underagroove.be\/net\/wp-json\/wp\/v2\/media?parent=3779"}],"curies":[{"name":"wp","href":"https:\/\/api.w.org\/{rel}","templated":true}]}}