{"id":3772,"date":"2021-01-01T20:51:36","date_gmt":"2021-01-01T19:51:36","guid":{"rendered":"http:\/\/underagroove.be\/net\/?page_id=3772"},"modified":"2021-05-08T18:16:27","modified_gmt":"2021-05-08T16:16:27","slug":"regie-sonlumiere","status":"publish","type":"page","link":"https:\/\/underagroove.be\/net\/fr\/regie-sonlumiere\/","title":{"rendered":"R\u00e9gie Son&#038;Lumi\u00e8re"},"content":{"rendered":"\t\t<div data-elementor-type=\"wp-page\" data-elementor-id=\"3772\" class=\"elementor elementor-3772\">\n\t\t\t\t\t\t<section class=\"elementor-section elementor-top-section elementor-element elementor-element-a2a7641 elementor-section-boxed elementor-section-height-default elementor-section-height-default\" data-id=\"a2a7641\" data-element_type=\"section\">\n\t\t\t\t\t\t<div class=\"elementor-container elementor-column-gap-default\">\n\t\t\t\t\t<div class=\"elementor-column elementor-col-100 elementor-top-column elementor-element elementor-element-7a0c675\" data-id=\"7a0c675\" data-element_type=\"column\">\n\t\t\t<div class=\"elementor-widget-wrap elementor-element-populated\">\n\t\t\t\t\t\t\t<\/div>\n\t\t<\/div>\n\t\t\t\t\t<\/div>\n\t\t<\/section>\n\t\t\t\t<section class=\"elementor-section elementor-top-section elementor-element elementor-element-35dd0ff4 elementor-section-boxed elementor-section-height-default elementor-section-height-default\" data-id=\"35dd0ff4\" data-element_type=\"section\">\n\t\t\t\t\t\t<div class=\"elementor-container elementor-column-gap-default\">\n\t\t\t\t\t<div class=\"elementor-column elementor-col-100 elementor-top-column elementor-element elementor-element-4338cd49\" data-id=\"4338cd49\" data-element_type=\"column\">\n\t\t\t<div class=\"elementor-widget-wrap elementor-element-populated\">\n\t\t\t\t\t\t<div class=\"elementor-element elementor-element-50a6c3fe elementor-widget elementor-widget-text-editor\" data-id=\"50a6c3fe\" data-element_type=\"widget\" data-widget_type=\"text-editor.default\">\n\t\t\t\t<div class=\"elementor-widget-container\">\n\t\t\t\t\t\t\t<h1>R\u00e9gie Son&amp;Lumi\u00e8re<\/h1><p><img class=\"alignleft size-full wp-image-321\" title=\"RSAS\" src=\"http:\/\/underagroove.be\/net\/wp-content\/uploads\/2009\/04\/venue.jpg\" alt=\"venue\" width=\"20\" height=\"16\" \/><strong>RSAS, le top du backline \u00e0 votre service &#8230;<br \/><\/strong><\/p><p>Vous planifiez une soir\u00e9e priv\u00e9e ou un \u00e9v\u00e9nement d&#8217;entreprise? Vous avez d\u00e9j\u00e0 fait votre choix parmi nos artistes et DJ mais il vous faut aussi le mat\u00e9riel, le &#8220;backline&#8221;, son et lumi\u00e8re?<\/p><p>Ne cherchez plus, underagroove vous propose des solutions avantageuses.<\/p><p>Nous travaillons en \u00e9troite collaboration avec le backliner \u00e9v\u00e9nementiel exp\u00e9riment\u00e9, <strong>RSAS<\/strong>.<\/p><p><strong>RSAS<\/strong> apporte une solution flexible pour les \u00e9v\u00e9nements jusqu&#8217;\u00e0 1500 personnes et au-del\u00e0.<\/p><p>\u00c9quip\u00e9 de mat\u00e9riaux et d&#8217;effets sonores et lumineux professionnels et \u00e0 la fine pointe de la technologie, RSAS transformera votre salle de spectacle en une piste de danse des plus chaudes et glamour!<\/p><p><strong>RSAS<\/strong> fournit \u00e9galement divers mat\u00e9riels d&#8217;animation, dont \u00e9cran g\u00e9ant.<\/p><p style=\"text-align: center;\"><strong>N&#8217;h\u00e9sitez pas \u00e0 nous <a href=\"http:\/\/underagroove.be\/net\/contact\/\">contacter<\/a> pour un devis gratuit.<\/strong><\/p>\t\t\t\t\t\t<\/div>\n\t\t\t\t<\/div>\n\t\t\t\t\t<\/div>\n\t\t<\/div>\n\t\t\t\t\t<\/div>\n\t\t<\/section>\n\t\t\t\t<section class=\"elementor-section elementor-top-section elementor-element elementor-element-229accc elementor-section-boxed elementor-section-height-default elementor-section-height-default\" data-id=\"229accc\" data-element_type=\"section\">\n\t\t\t\t\t\t<div class=\"elementor-container elementor-column-gap-default\">\n\t\t\t\t\t<div class=\"elementor-column elementor-col-100 elementor-top-column elementor-element elementor-element-c79acf9\" data-id=\"c79acf9\" data-element_type=\"column\">\n\t\t\t<div class=\"elementor-widget-wrap elementor-element-populated\">\n\t\t\t\t\t\t<div class=\"elementor-element elementor-element-bf56ee4 elementor-align-center elementor-invisible elementor-widget elementor-widget-button\" data-id=\"bf56ee4\" data-element_type=\"widget\" data-settings=\"{&quot;_animation&quot;:&quot;slideInLeft&quot;}\" data-widget_type=\"button.default\">\n\t\t\t\t<div class=\"elementor-widget-container\">\n\t\t\t\t\t<div class=\"elementor-button-wrapper\">\n\t\t\t<a class=\"elementor-button elementor-button-link elementor-size-xl\" href=\"http:\/\/underagroove.be\/net\/contact\/\">\n\t\t\t\t\t\t<span class=\"elementor-button-content-wrapper\">\n\t\t\t\t\t\t\t\t\t<span class=\"elementor-button-text\">Info&Booking<\/span>\n\t\t\t\t\t<\/span>\n\t\t\t\t\t<\/a>\n\t\t<\/div>\n\t\t\t\t<\/div>\n\t\t\t\t<\/div>\n\t\t\t\t\t<\/div>\n\t\t<\/div>\n\t\t\t\t\t<\/div>\n\t\t<\/section>\n\t\t\t\t<\/div>\n\t\t","protected":false},"excerpt":{"rendered":"<p><a class=\"more-link\" href=\"https:\/\/underagroove.be\/net\/fr\/regie-sonlumiere\/\">Read More<\/a><\/p>\n","protected":false},"author":3,"featured_media":0,"parent":0,"menu_order":11,"comment_status":"closed","ping_status":"open","template":"templates\/template-full-width.php","meta":[],"_links":{"self":[{"href":"https:\/\/underagroove.be\/net\/wp-json\/wp\/v2\/pages\/3772"}],"collection":[{"href":"https:\/\/underagroove.be\/net\/wp-json\/wp\/v2\/pages"}],"about":[{"href":"https:\/\/underagroove.be\/net\/wp-json\/wp\/v2\/types\/page"}],"author":[{"embeddable":true,"href":"https:\/\/underagroove.be\/net\/wp-json\/wp\/v2\/users\/3"}],"replies":[{"embeddable":true,"href":"https:\/\/underagroove.be\/net\/wp-json\/wp\/v2\/comments?post=3772"}],"version-history":[{"count":0,"href":"https:\/\/underagroove.be\/net\/wp-json\/wp\/v2\/pages\/3772\/revisions"}],"wp:attachment":[{"href":"https:\/\/underagroove.be\/net\/wp-json\/wp\/v2\/media?parent=3772"}],"curies":[{"name":"wp","href":"https:\/\/api.w.org\/{rel}","templated":true}]}}