{"id":3750,"date":"2021-01-01T18:58:50","date_gmt":"2021-01-01T17:58:50","guid":{"rendered":"http:\/\/underagroove.be\/net\/?page_id=3750"},"modified":"2022-11-27T02:58:33","modified_gmt":"2022-11-27T01:58:33","slug":"workshops-rythmesdanses","status":"publish","type":"page","link":"https:\/\/underagroove.be\/net\/fr\/ateliers-de-rythmedanse\/workshops-rythmesdanses\/","title":{"rendered":"Workshops Rythmes&#038;Danses"},"content":{"rendered":"\t\t<div data-elementor-type=\"wp-page\" data-elementor-id=\"3750\" class=\"elementor elementor-3750\">\n\t\t\t\t\t\t<section class=\"elementor-section elementor-top-section elementor-element elementor-element-19012de elementor-section-boxed elementor-section-height-default elementor-section-height-default\" data-id=\"19012de\" data-element_type=\"section\">\n\t\t\t\t\t\t<div class=\"elementor-container elementor-column-gap-default\">\n\t\t\t\t\t<div class=\"elementor-column elementor-col-100 elementor-top-column elementor-element elementor-element-8b6f24a\" data-id=\"8b6f24a\" data-element_type=\"column\">\n\t\t\t<div class=\"elementor-widget-wrap elementor-element-populated\">\n\t\t\t\t\t\t<div class=\"elementor-element elementor-element-a3d2dfc elementor-widget elementor-widget-video\" data-id=\"a3d2dfc\" data-element_type=\"widget\" data-settings=\"{&quot;video_type&quot;:&quot;vimeo&quot;}\" data-widget_type=\"video.default\">\n\t\t\t\t<div class=\"elementor-widget-container\">\n\t\t\t\t\t<div class=\"elementor-wrapper elementor-open-inline\">\n\t\t\t<iframe class=\"elementor-video-iframe\" allowfullscreen allow=\"clipboard-write\" title=\"vimeo Video Player\" src=\"https:\/\/player.vimeo.com\/video\/22056918?color&amp;autopause=0&amp;loop=0&amp;muted=0&amp;title=1&amp;portrait=1&amp;byline=1#t=\"><\/iframe>\t\t<\/div>\n\t\t\t\t<\/div>\n\t\t\t\t<\/div>\n\t\t\t\t\t<\/div>\n\t\t<\/div>\n\t\t\t\t\t<\/div>\n\t\t<\/section>\n\t\t\t\t<section class=\"elementor-section elementor-top-section elementor-element elementor-element-3787a81 elementor-section-boxed elementor-section-height-default elementor-section-height-default\" data-id=\"3787a81\" data-element_type=\"section\">\n\t\t\t\t\t\t<div class=\"elementor-container elementor-column-gap-default\">\n\t\t\t\t\t<div class=\"elementor-column elementor-col-100 elementor-top-column elementor-element elementor-element-cfa84d0\" data-id=\"cfa84d0\" data-element_type=\"column\">\n\t\t\t<div class=\"elementor-widget-wrap elementor-element-populated\">\n\t\t\t\t\t\t<div class=\"elementor-element elementor-element-a6d7092 elementor-align-center elementor-invisible elementor-widget elementor-widget-button\" data-id=\"a6d7092\" data-element_type=\"widget\" data-settings=\"{&quot;_animation&quot;:&quot;slideInLeft&quot;}\" data-widget_type=\"button.default\">\n\t\t\t\t<div class=\"elementor-widget-container\">\n\t\t\t\t\t<div class=\"elementor-button-wrapper\">\n\t\t\t<a class=\"elementor-button elementor-button-link elementor-size-xl\" href=\"https:\/\/underagroove.be\/net\/fr\/contact-2\/\">\n\t\t\t\t\t\t<span class=\"elementor-button-content-wrapper\">\n\t\t\t\t\t\t\t\t\t<span class=\"elementor-button-text\">Info&Booking<\/span>\n\t\t\t\t\t<\/span>\n\t\t\t\t\t<\/a>\n\t\t<\/div>\n\t\t\t\t<\/div>\n\t\t\t\t<\/div>\n\t\t\t\t\t<\/div>\n\t\t<\/div>\n\t\t\t\t\t<\/div>\n\t\t<\/section>\n\t\t\t\t<section class=\"elementor-section elementor-top-section elementor-element elementor-element-51f1d9ec elementor-section-boxed elementor-section-height-default elementor-section-height-default\" data-id=\"51f1d9ec\" data-element_type=\"section\">\n\t\t\t\t\t\t<div class=\"elementor-container elementor-column-gap-default\">\n\t\t\t\t\t<div class=\"elementor-column elementor-col-100 elementor-top-column elementor-element elementor-element-27a24fa8\" data-id=\"27a24fa8\" data-element_type=\"column\">\n\t\t\t<div class=\"elementor-widget-wrap elementor-element-populated\">\n\t\t\t\t\t\t<div class=\"elementor-element elementor-element-1f8c3e6a elementor-widget elementor-widget-text-editor\" data-id=\"1f8c3e6a\" data-element_type=\"widget\" data-widget_type=\"text-editor.default\">\n\t\t\t\t<div class=\"elementor-widget-container\">\n\t\t\t\t\t\t\t<h1>Workshops Rythmes&amp;Danses<\/h1>\n<strong>Nos Ateliers Rythme&amp;Danse sont l\u2019activit\u00e9 id\u00e9ale pour vos \u00e9v\u00e9nements priv\u00e9s ou d\u2019entreprise.<\/strong>\n\nPlus qu&#8217;une simple pause passionnante et divertissante que votre invit\u00e9 appr\u00e9ciera, c&#8217;est aussi une v\u00e9ritable activit\u00e9 de team-building.\n\nLa pratique de la danse, des rythmiques et particuli\u00e8rement des polyrythmies n\u00e9cessitent de bonnes capacit\u00e9s d&#8217;\u00e9coute, de coordination et de coop\u00e9ration.\n\nLe rythme est la base, l&#8217;essence, il parle au corps et \u00e0 l&#8217;\u00e2me.\n\nPour les adultes, les enfants ou les seniors, du d\u00e9butant absolu au danseur confirm\u00e9, les ateliers proposent diff\u00e9rentes formules:\n\n<strong>Metal-Drum + Street Dance Workshop :<\/strong> D\u00e9couvrez la puissance des percussions collective sur des bidons de m\u00e9tal, tout en tapant du pied et plus encore! Dirig\u00e9 par un ou plusieurs professeurs de danse (de 1 \u00e0 20 participants ou plus *, une heure par atelier **).\n\n<strong>Atelier Afro-Rhythm &amp; Dance :<\/strong> Utilisation des percussions traditionnelles d&#8217;Afrique, un voyage \u00e0 travers le rythme. Dirig\u00e9 par un ou plusieurs professeurs d&#8217;afro-danse (de 1 \u00e0 15 participants ou plus *, une heure par atelier **).\n\n<strong>Atelier Ritmos-Cubanos : <\/strong>Savourez les danses et cubaines! Dirig\u00e9 par un ou plusieurs professeurs de danse cubaine (de 1 \u00e0 15 participants ou plus *, une heure par atelier **)\n\nUn ou plusieurs percussionnistes professionnels et professeurs de danse chevronn\u00e9s partageront et pratiqueront des rythmes vivifiants avec vous, votre invit\u00e9\u2026 ou les deux.\n\n<span style=\"color: #333333;\"><em>* des ateliers plus importants peuvent \u00eatre planifi\u00e9s sur demande pr\u00e9alable.<\/em><\/span>\n<span style=\"color: #333333;\"><em>** Maximum 3 ateliers de groupe en m\u00eame temps.<\/em><\/span>\nVous souhaitez\u00a0 un autre type d\u2019atelier? <a href=\"http:\/\/underagroove.be\/net\/fr\/contact-2\/\">Contactez nous<\/a> maintenant!\n\n<a href=\"http:\/\/underagroove.be\/net\/fr\/artistesprojets\/\">Retour \u00e0 l\u2019index<\/a>\/\/\t\t\t\t\t\t<\/div>\n\t\t\t\t<\/div>\n\t\t\t\t\t<\/div>\n\t\t<\/div>\n\t\t\t\t\t<\/div>\n\t\t<\/section>\n\t\t\t\t<\/div>\n\t\t","protected":false},"excerpt":{"rendered":"<p><a class=\"more-link\" href=\"https:\/\/underagroove.be\/net\/fr\/ateliers-de-rythmedanse\/workshops-rythmesdanses\/\">Read More<\/a><\/p>\n","protected":false},"author":3,"featured_media":0,"parent":3744,"menu_order":1,"comment_status":"closed","ping_status":"open","template":"templates\/template-full-width.php","meta":[],"_links":{"self":[{"href":"https:\/\/underagroove.be\/net\/wp-json\/wp\/v2\/pages\/3750"}],"collection":[{"href":"https:\/\/underagroove.be\/net\/wp-json\/wp\/v2\/pages"}],"about":[{"href":"https:\/\/underagroove.be\/net\/wp-json\/wp\/v2\/types\/page"}],"author":[{"embeddable":true,"href":"https:\/\/underagroove.be\/net\/wp-json\/wp\/v2\/users\/3"}],"replies":[{"embeddable":true,"href":"https:\/\/underagroove.be\/net\/wp-json\/wp\/v2\/comments?post=3750"}],"version-history":[{"count":0,"href":"https:\/\/underagroove.be\/net\/wp-json\/wp\/v2\/pages\/3750\/revisions"}],"up":[{"embeddable":true,"href":"https:\/\/underagroove.be\/net\/wp-json\/wp\/v2\/pages\/3744"}],"wp:attachment":[{"href":"https:\/\/underagroove.be\/net\/wp-json\/wp\/v2\/media?parent=3750"}],"curies":[{"name":"wp","href":"https:\/\/api.w.org\/{rel}","templated":true}]}}