{"id":3744,"date":"2021-01-01T18:55:15","date_gmt":"2021-01-01T17:55:15","guid":{"rendered":"http:\/\/underagroove.be\/net\/?page_id=3744"},"modified":"2021-01-02T03:56:18","modified_gmt":"2021-01-02T02:56:18","slug":"ateliers-de-rythmedanse","status":"publish","type":"page","link":"https:\/\/underagroove.be\/net\/fr\/ateliers-de-rythmedanse\/","title":{"rendered":"Ateliers de Rythme&#038;Danse"},"content":{"rendered":"\t\t<div data-elementor-type=\"wp-page\" data-elementor-id=\"3744\" class=\"elementor elementor-3744\">\n\t\t\t\t\t\t<section class=\"elementor-section elementor-top-section elementor-element elementor-element-0cc13d8 elementor-section-boxed elementor-section-height-default elementor-section-height-default\" data-id=\"0cc13d8\" data-element_type=\"section\">\n\t\t\t\t\t\t<div class=\"elementor-container elementor-column-gap-default\">\n\t\t\t\t\t<div class=\"elementor-column elementor-col-100 elementor-top-column elementor-element elementor-element-d78b2b8\" data-id=\"d78b2b8\" data-element_type=\"column\">\n\t\t\t<div class=\"elementor-widget-wrap elementor-element-populated\">\n\t\t\t\t\t\t<div class=\"elementor-element elementor-element-06382bd elementor-widget elementor-widget-video\" data-id=\"06382bd\" data-element_type=\"widget\" data-settings=\"{&quot;video_type&quot;:&quot;vimeo&quot;}\" data-widget_type=\"video.default\">\n\t\t\t\t<div class=\"elementor-widget-container\">\n\t\t\t\t\t<div class=\"elementor-wrapper elementor-open-inline\">\n\t\t\t<iframe class=\"elementor-video-iframe\" allowfullscreen allow=\"clipboard-write\" title=\"vimeo Video Player\" src=\"https:\/\/player.vimeo.com\/video\/22056918?color&amp;autopause=0&amp;loop=0&amp;muted=0&amp;title=1&amp;portrait=1&amp;byline=1#t=\"><\/iframe>\t\t<\/div>\n\t\t\t\t<\/div>\n\t\t\t\t<\/div>\n\t\t\t\t\t<\/div>\n\t\t<\/div>\n\t\t\t\t\t<\/div>\n\t\t<\/section>\n\t\t\t\t<section class=\"elementor-section elementor-top-section elementor-element elementor-element-6b958890 elementor-section-boxed elementor-section-height-default elementor-section-height-default\" data-id=\"6b958890\" data-element_type=\"section\">\n\t\t\t\t\t\t<div class=\"elementor-container elementor-column-gap-default\">\n\t\t\t\t\t<div class=\"elementor-column elementor-col-100 elementor-top-column elementor-element elementor-element-1885a943\" data-id=\"1885a943\" data-element_type=\"column\">\n\t\t\t<div class=\"elementor-widget-wrap elementor-element-populated\">\n\t\t\t\t\t\t<div class=\"elementor-element elementor-element-331cf524 elementor-widget elementor-widget-text-editor\" data-id=\"331cf524\" data-element_type=\"widget\" data-widget_type=\"text-editor.default\">\n\t\t\t\t<div class=\"elementor-widget-container\">\n\t\t\t\t\t\t\t<p><!-- wp:heading --><\/p>\n<h2>Ateliers de Rythmes&amp;Danses<\/h2>\n<p><!-- \/wp:heading --><\/p>\n<p><img class=\"alignleft size-full wp-image-321\" title=\":)\" src=\"http:\/\/underagroove.be\/net\/wp-content\/uploads\/2009\/04\/venue.jpg\" alt=\"venue\" width=\"20\" height=\"16\" \/><strong>Voici les Ateliers-Workshops Rythmiques underagroove<br \/><\/strong><\/p>\n<p>Nos Ateliers Rythmes&amp;Danses sont l\u2019activit\u00e9 id\u00e9ale pour vos \u00e9v\u00e9nements priv\u00e9s ou d\u2019entreprise.<\/p>\n<p>Plus qu&#8217;une simple pause passionnante et divertissante que votre invit\u00e9 appr\u00e9ciera, c&#8217;est aussi une excellente activit\u00e9 de team-building.<\/p>\n<p><img class=\"alignleft size-full wp-image-321\" title=\":)\" src=\"http:\/\/underagroove.be\/net\/wp-content\/uploads\/2009\/04\/venue.jpg\" alt=\"venue\" width=\"20\" height=\"16\" \/><a href=\"http:\/\/underagroove.be\/net\/fr\/ateliers-de-rythmedanse\/workshops-rythmiques\/\">Workshops Rythmes<\/a><\/p>\n<p><img class=\"alignleft size-full wp-image-321\" title=\":)\" src=\"http:\/\/underagroove.be\/net\/wp-content\/uploads\/2009\/04\/venue.jpg\" alt=\"venue\" width=\"20\" height=\"16\" \/><a href=\"http:\/\/underagroove.be\/net\/?page_id=1187\">Workshops<\/a><a href=\"http:\/\/underagroove.be\/net\/fr\/ateliers-de-rythmedanse\/workshops-rythmesdanses\/\"> Rythmes&amp;Danses<\/a><\/p>\n<p>Vous souhaitez\u00a0 un autre type d&#8217;atelier? <a href=\"http:\/\/underagroove.be\/net\/fr\/contact-2\/\">Contactez nous<\/a> maintenant!<\/p>\n<p><a href=\"http:\/\/underagroove.be\/net\/fr\/artistesprojets\/\">Retour \u00e0 l\u2019index<\/a>\/\/<\/p>\n<p>\u00a0<\/p>\t\t\t\t\t\t<\/div>\n\t\t\t\t<\/div>\n\t\t\t\t\t<\/div>\n\t\t<\/div>\n\t\t\t\t\t<\/div>\n\t\t<\/section>\n\t\t\t\t<\/div>\n\t\t","protected":false},"excerpt":{"rendered":"<p><a class=\"more-link\" href=\"https:\/\/underagroove.be\/net\/fr\/ateliers-de-rythmedanse\/\">Read More<\/a><\/p>\n","protected":false},"author":3,"featured_media":0,"parent":0,"menu_order":5,"comment_status":"closed","ping_status":"open","template":"templates\/template-full-width.php","meta":[],"_links":{"self":[{"href":"https:\/\/underagroove.be\/net\/wp-json\/wp\/v2\/pages\/3744"}],"collection":[{"href":"https:\/\/underagroove.be\/net\/wp-json\/wp\/v2\/pages"}],"about":[{"href":"https:\/\/underagroove.be\/net\/wp-json\/wp\/v2\/types\/page"}],"author":[{"embeddable":true,"href":"https:\/\/underagroove.be\/net\/wp-json\/wp\/v2\/users\/3"}],"replies":[{"embeddable":true,"href":"https:\/\/underagroove.be\/net\/wp-json\/wp\/v2\/comments?post=3744"}],"version-history":[{"count":0,"href":"https:\/\/underagroove.be\/net\/wp-json\/wp\/v2\/pages\/3744\/revisions"}],"wp:attachment":[{"href":"https:\/\/underagroove.be\/net\/wp-json\/wp\/v2\/media?parent=3744"}],"curies":[{"name":"wp","href":"https:\/\/api.w.org\/{rel}","templated":true}]}}