{"id":3738,"date":"2021-01-01T18:53:42","date_gmt":"2021-01-01T17:53:42","guid":{"rendered":"http:\/\/underagroove.be\/net\/?page_id=3738"},"modified":"2021-01-02T03:56:18","modified_gmt":"2021-01-02T02:56:18","slug":"performeurs","status":"publish","type":"page","link":"https:\/\/underagroove.be\/net\/fr\/performeurs\/","title":{"rendered":"Performeurs"},"content":{"rendered":"\t\t<div data-elementor-type=\"wp-page\" data-elementor-id=\"3738\" class=\"elementor elementor-3738\">\n\t\t\t\t\t\t<section class=\"elementor-section elementor-top-section elementor-element elementor-element-3712c59d elementor-section-boxed elementor-section-height-default elementor-section-height-default\" data-id=\"3712c59d\" data-element_type=\"section\">\n\t\t\t\t\t\t<div class=\"elementor-container elementor-column-gap-default\">\n\t\t\t\t\t<div class=\"elementor-column elementor-col-100 elementor-top-column elementor-element elementor-element-3275cc18\" data-id=\"3275cc18\" data-element_type=\"column\">\n\t\t\t<div class=\"elementor-widget-wrap elementor-element-populated\">\n\t\t\t\t\t\t<div class=\"elementor-element elementor-element-776a241d elementor-widget elementor-widget-text-editor\" data-id=\"776a241d\" data-element_type=\"widget\" data-widget_type=\"text-editor.default\">\n\t\t\t\t<div class=\"elementor-widget-container\">\n\t\t\t\t\t\t\t<h1>Performeurs<\/h1><p><img class=\"alignleft size-full wp-image-321\" title=\":)\" src=\"http:\/\/underagroove.be\/net\/wp-content\/uploads\/2009\/04\/venue.jpg\" alt=\"venue\" width=\"20\" height=\"16\" \/><strong>Une s\u00e9lection des meilleures performances et activit\u00e9s pour \u00e9v\u00e8nements du royaume<\/strong> (et au-del\u00e0) <strong>!<\/strong><\/p><p>De la polyrythmie \u00e0 la relaxation, nos performeurs\/euses <strong>under<span style=\"color: #ff0000;\">a<\/span>groove<\/strong> apportent un note unique \u00e0 votre \u00e9v\u00e8nement, vos invit\u00e9s ne l&#8217;oublieront pas.<\/p><p><img class=\"alignleft size-full wp-image-321\" title=\":)\" src=\"http:\/\/underagroove.be\/net\/wp-content\/uploads\/2009\/04\/venue.jpg\" alt=\"venue\" width=\"20\" height=\"16\" \/><a href=\"http:\/\/underagroove.be\/net\/fr\/performeurs\/dalton-drum-syndicate-fr\/\">Dalton Drum Syndicate<\/a> (Drum Performance)<\/p><p><img class=\"alignleft size-full wp-image-321\" title=\":)\" src=\"http:\/\/underagroove.be\/net\/wp-content\/uploads\/2009\/04\/venue.jpg\" alt=\"venue\" width=\"20\" height=\"16\" \/><a href=\"http:\/\/underagroove.be\/net\/fr\/performeurs\/mademoiselle-zen\/\">Mademoiselle Zen&#8217; Wellness Team<\/a> (In-Situ Zen-massage)<\/p><p>Vous souhaitez\u00a0 une autre performance? <a href=\"http:\/\/underagroove.be\/net\/fr\/contact-2\/\">Contactez nous<\/a> maintenant!<\/p><p><a href=\"http:\/\/underagroove.be\/net\/fr\/artistesprojets\/\">Retour \u00e0 l\u2019index<\/a>\/\/<\/p>\t\t\t\t\t\t<\/div>\n\t\t\t\t<\/div>\n\t\t\t\t\t<\/div>\n\t\t<\/div>\n\t\t\t\t\t<\/div>\n\t\t<\/section>\n\t\t\t\t<\/div>\n\t\t","protected":false},"excerpt":{"rendered":"<p><a class=\"more-link\" href=\"https:\/\/underagroove.be\/net\/fr\/performeurs\/\">Read More<\/a><\/p>\n","protected":false},"author":3,"featured_media":0,"parent":0,"menu_order":6,"comment_status":"closed","ping_status":"open","template":"templates\/template-full-width.php","meta":[],"_links":{"self":[{"href":"https:\/\/underagroove.be\/net\/wp-json\/wp\/v2\/pages\/3738"}],"collection":[{"href":"https:\/\/underagroove.be\/net\/wp-json\/wp\/v2\/pages"}],"about":[{"href":"https:\/\/underagroove.be\/net\/wp-json\/wp\/v2\/types\/page"}],"author":[{"embeddable":true,"href":"https:\/\/underagroove.be\/net\/wp-json\/wp\/v2\/users\/3"}],"replies":[{"embeddable":true,"href":"https:\/\/underagroove.be\/net\/wp-json\/wp\/v2\/comments?post=3738"}],"version-history":[{"count":0,"href":"https:\/\/underagroove.be\/net\/wp-json\/wp\/v2\/pages\/3738\/revisions"}],"wp:attachment":[{"href":"https:\/\/underagroove.be\/net\/wp-json\/wp\/v2\/media?parent=3738"}],"curies":[{"name":"wp","href":"https:\/\/api.w.org\/{rel}","templated":true}]}}