{"id":3680,"date":"2021-01-01T18:16:45","date_gmt":"2021-01-01T17:16:45","guid":{"rendered":"http:\/\/underagroove.be\/net\/?page_id=3680"},"modified":"2022-11-27T02:43:02","modified_gmt":"2022-11-27T01:43:02","slug":"le-balmodern-soundsystem","status":"publish","type":"page","link":"https:\/\/underagroove.be\/net\/fr\/dj-musicien-nes\/le-balmodern-soundsystem\/","title":{"rendered":"Le balMODERN SOUNDsystem"},"content":{"rendered":"\t\t<div data-elementor-type=\"wp-page\" data-elementor-id=\"3680\" class=\"elementor elementor-3680\">\n\t\t\t\t\t\t<section class=\"elementor-section elementor-top-section elementor-element elementor-element-8e2ae96 elementor-section-boxed elementor-section-height-default elementor-section-height-default\" data-id=\"8e2ae96\" data-element_type=\"section\">\n\t\t\t\t\t\t<div class=\"elementor-container elementor-column-gap-default\">\n\t\t\t\t\t<div class=\"elementor-column elementor-col-100 elementor-top-column elementor-element elementor-element-a772889\" data-id=\"a772889\" data-element_type=\"column\">\n\t\t\t<div class=\"elementor-widget-wrap elementor-element-populated\">\n\t\t\t\t\t\t\t<\/div>\n\t\t<\/div>\n\t\t\t\t\t<\/div>\n\t\t<\/section>\n\t\t\t\t<section class=\"elementor-section elementor-top-section elementor-element elementor-element-29955a1 elementor-section-boxed elementor-section-height-default elementor-section-height-default\" data-id=\"29955a1\" data-element_type=\"section\">\n\t\t\t\t\t\t<div class=\"elementor-container elementor-column-gap-default\">\n\t\t\t\t\t<div class=\"elementor-column elementor-col-100 elementor-top-column elementor-element elementor-element-a6b9386\" data-id=\"a6b9386\" data-element_type=\"column\">\n\t\t\t<div class=\"elementor-widget-wrap elementor-element-populated\">\n\t\t\t\t\t\t<div class=\"elementor-element elementor-element-a7c000a elementor-widget elementor-widget-html\" data-id=\"a7c000a\" data-element_type=\"widget\" data-widget_type=\"html.default\">\n\t\t\t\t<div class=\"elementor-widget-container\">\n\t\t\t<iframe width=\"100%\" height=\"166\" scrolling=\"no\" frameborder=\"no\" allow=\"autoplay\" src=\"https:\/\/w.soundcloud.com\/player\/?url=https%3A\/\/api.soundcloud.com\/tracks\/904867936&color=%23ff0033&auto_play=false&hide_related=false&show_comments=true&show_user=false&show_reposts=false&show_teaser=false&show_artwork=false&show_playcount=false\"><\/iframe>\t\t<\/div>\n\t\t\t\t<\/div>\n\t\t\t\t\t<\/div>\n\t\t<\/div>\n\t\t\t\t\t<\/div>\n\t\t<\/section>\n\t\t\t\t<section class=\"elementor-section elementor-top-section elementor-element elementor-element-341824e elementor-section-boxed elementor-section-height-default elementor-section-height-default\" data-id=\"341824e\" data-element_type=\"section\">\n\t\t\t\t\t\t<div class=\"elementor-container elementor-column-gap-default\">\n\t\t\t\t\t<div class=\"elementor-column elementor-col-66 elementor-top-column elementor-element elementor-element-6a841dc\" data-id=\"6a841dc\" data-element_type=\"column\">\n\t\t\t<div class=\"elementor-widget-wrap elementor-element-populated\">\n\t\t\t\t\t\t<div class=\"elementor-element elementor-element-567b91c elementor-widget elementor-widget-text-editor\" data-id=\"567b91c\" data-element_type=\"widget\" data-widget_type=\"text-editor.default\">\n\t\t\t\t<div class=\"elementor-widget-container\">\n\t\t\t\t\t\t\t<h1 style=\"text-align: left;\" align=\"center\">le balMODERNSOUNDsystem<\/h1><div align=\"center\">\u00a0<\/div><p><strong>N&#8217;h\u00e9sitez plus entre un DJ ou un groupe live : nous vous proposons les deux en un!<\/strong><\/p><p><strong>Style : <\/strong>De l&#8217;\u00e9lectro-funk, de la saveur latine et les dancefloor classics!<\/p>\t\t\t\t\t\t<\/div>\n\t\t\t\t<\/div>\n\t\t\t\t\t<\/div>\n\t\t<\/div>\n\t\t\t\t<div class=\"elementor-column elementor-col-33 elementor-top-column elementor-element elementor-element-a78519c\" data-id=\"a78519c\" data-element_type=\"column\">\n\t\t\t<div class=\"elementor-widget-wrap elementor-element-populated\">\n\t\t\t\t\t\t<div class=\"elementor-element elementor-element-a3babe4 elementor-widget elementor-widget-video\" data-id=\"a3babe4\" data-element_type=\"widget\" data-settings=\"{&quot;yt_privacy&quot;:&quot;yes&quot;,&quot;video_type&quot;:&quot;vimeo&quot;,&quot;start&quot;:4}\" data-widget_type=\"video.default\">\n\t\t\t\t<div class=\"elementor-widget-container\">\n\t\t\t\t\t<div class=\"elementor-wrapper elementor-open-inline\">\n\t\t\t<iframe class=\"elementor-video-iframe\" allowfullscreen allow=\"clipboard-write\" title=\"vimeo Video Player\" src=\"https:\/\/player.vimeo.com\/video\/37306159?color=FF0033&amp;autopause=0&amp;dnt=true&amp;loop=0&amp;muted=0&amp;title=0&amp;portrait=0&amp;byline=0#t=00h00m04s\"><\/iframe>\t\t<\/div>\n\t\t\t\t<\/div>\n\t\t\t\t<\/div>\n\t\t\t\t\t<\/div>\n\t\t<\/div>\n\t\t\t\t\t<\/div>\n\t\t<\/section>\n\t\t\t\t<section class=\"elementor-section elementor-top-section elementor-element elementor-element-4805077 elementor-section-boxed elementor-section-height-default elementor-section-height-default\" data-id=\"4805077\" data-element_type=\"section\">\n\t\t\t\t\t\t<div class=\"elementor-container elementor-column-gap-default\">\n\t\t\t\t\t<div class=\"elementor-column elementor-col-100 elementor-top-column elementor-element elementor-element-64326f1\" data-id=\"64326f1\" data-element_type=\"column\">\n\t\t\t<div class=\"elementor-widget-wrap\">\n\t\t\t\t\t\t\t<\/div>\n\t\t<\/div>\n\t\t\t\t\t<\/div>\n\t\t<\/section>\n\t\t\t\t<section class=\"elementor-section elementor-top-section elementor-element elementor-element-3d3fbc3d elementor-section-boxed elementor-section-height-default elementor-section-height-default\" data-id=\"3d3fbc3d\" data-element_type=\"section\">\n\t\t\t\t\t\t<div class=\"elementor-container elementor-column-gap-default\">\n\t\t\t\t\t<div class=\"elementor-column elementor-col-100 elementor-top-column elementor-element elementor-element-5d970e0a\" data-id=\"5d970e0a\" data-element_type=\"column\">\n\t\t\t<div class=\"elementor-widget-wrap elementor-element-populated\">\n\t\t\t\t\t\t<div class=\"elementor-element elementor-element-47ee2955 elementor-widget elementor-widget-text-editor\" data-id=\"47ee2955\" data-element_type=\"widget\" data-widget_type=\"text-editor.default\">\n\t\t\t\t<div class=\"elementor-widget-container\">\n\t\t\t\t\t\t\t<p><strong>D\u00e9gustez la saveur unique de ce cockatil de musiciens live et de dejaying remixant les hits en live&amp;direct!<\/strong><\/p><p>D\u00e9sireux de pousser plus loin l&#8217;interaction live entre DJ et musiciens, <a href=\"http:\/\/underagroove.be\/net\/fr\/don-olivero-officiel\/\"><strong>don Olivero<\/strong><\/a> a fond\u00e9 le collectif balMODERNSOUNDSystem avec les DJs <a href=\"http:\/\/underagroove.be\/net\/fr\/djs\/dj-patrick-balzat\/\"><strong>Patrick Balzat<\/strong><\/a>, Isa et Matieu et les musiciens <a href=\"http:\/\/underagroove.be\/net\/fr\/fred-becker\/\"><strong>Fred Becker<\/strong><\/a> (Sax.), Herv\u00e9 Letor (sax) David Picard (Tr.) , Patrick Dorcean (Dr.) avec divers chanteurs et autres grands musiciens.<\/p><p>Ils performent en live&amp;direct dans les endroits et \u00e9v\u00e9nements les plus branch\u00e9s.<\/p><p>Un spectacle complet, deux ou trois sets d&#8217;une heure chacun, pr\u00e9sente l&#8217;avantage d&#8217;une g\u00e9om\u00e9trie variable et donc adaptable \u00e0 chaque situation.<\/p>\t\t\t\t\t\t<\/div>\n\t\t\t\t<\/div>\n\t\t\t\t<div class=\"elementor-element elementor-element-57114e5 elementor-align-center elementor-invisible elementor-widget elementor-widget-button\" data-id=\"57114e5\" data-element_type=\"widget\" data-settings=\"{&quot;_animation&quot;:&quot;slideInLeft&quot;}\" data-widget_type=\"button.default\">\n\t\t\t\t<div class=\"elementor-widget-container\">\n\t\t\t\t\t<div class=\"elementor-button-wrapper\">\n\t\t\t<a class=\"elementor-button elementor-button-link elementor-size-xl\" href=\"https:\/\/underagroove.be\/net\/fr\/contact-2\/\">\n\t\t\t\t\t\t<span class=\"elementor-button-content-wrapper\">\n\t\t\t\t\t\t\t\t\t<span class=\"elementor-button-text\">Info&Booking<\/span>\n\t\t\t\t\t<\/span>\n\t\t\t\t\t<\/a>\n\t\t<\/div>\n\t\t\t\t<\/div>\n\t\t\t\t<\/div>\n\t\t\t\t\t<\/div>\n\t\t<\/div>\n\t\t\t\t\t<\/div>\n\t\t<\/section>\n\t\t\t\t<\/div>\n\t\t","protected":false},"excerpt":{"rendered":"<p><a class=\"more-link\" href=\"https:\/\/underagroove.be\/net\/fr\/dj-musicien-nes\/le-balmodern-soundsystem\/\">Read More<\/a><\/p>\n","protected":false},"author":3,"featured_media":0,"parent":3707,"menu_order":2,"comment_status":"closed","ping_status":"open","template":"templates\/template-full-width.php","meta":[],"_links":{"self":[{"href":"https:\/\/underagroove.be\/net\/wp-json\/wp\/v2\/pages\/3680"}],"collection":[{"href":"https:\/\/underagroove.be\/net\/wp-json\/wp\/v2\/pages"}],"about":[{"href":"https:\/\/underagroove.be\/net\/wp-json\/wp\/v2\/types\/page"}],"author":[{"embeddable":true,"href":"https:\/\/underagroove.be\/net\/wp-json\/wp\/v2\/users\/3"}],"replies":[{"embeddable":true,"href":"https:\/\/underagroove.be\/net\/wp-json\/wp\/v2\/comments?post=3680"}],"version-history":[{"count":0,"href":"https:\/\/underagroove.be\/net\/wp-json\/wp\/v2\/pages\/3680\/revisions"}],"up":[{"embeddable":true,"href":"https:\/\/underagroove.be\/net\/wp-json\/wp\/v2\/pages\/3707"}],"wp:attachment":[{"href":"https:\/\/underagroove.be\/net\/wp-json\/wp\/v2\/media?parent=3680"}],"curies":[{"name":"wp","href":"https:\/\/api.w.org\/{rel}","templated":true}]}}