{"id":3641,"date":"2020-12-31T12:28:40","date_gmt":"2020-12-31T11:28:40","guid":{"rendered":"http:\/\/underagroove.be\/net\/?page_id=3641"},"modified":"2021-05-08T18:09:51","modified_gmt":"2021-05-08T16:09:51","slug":"dj-tang-e","status":"publish","type":"page","link":"https:\/\/underagroove.be\/net\/fr\/djs\/dj-tang-e\/","title":{"rendered":"DJ Tang E Fr"},"content":{"rendered":"\t\t<div data-elementor-type=\"wp-page\" data-elementor-id=\"3641\" class=\"elementor elementor-3641\">\n\t\t\t\t\t\t<section class=\"elementor-section elementor-top-section elementor-element elementor-element-9a924f1 elementor-section-boxed elementor-section-height-default elementor-section-height-default\" data-id=\"9a924f1\" data-element_type=\"section\">\n\t\t\t\t\t\t<div class=\"elementor-container elementor-column-gap-default\">\n\t\t\t\t\t<div class=\"elementor-column elementor-col-100 elementor-top-column elementor-element elementor-element-f4c093d\" data-id=\"f4c093d\" data-element_type=\"column\">\n\t\t\t<div class=\"elementor-widget-wrap elementor-element-populated\">\n\t\t\t\t\t\t\t<\/div>\n\t\t<\/div>\n\t\t\t\t\t<\/div>\n\t\t<\/section>\n\t\t\t\t<section class=\"elementor-section elementor-top-section elementor-element elementor-element-48f47ab elementor-section-boxed elementor-section-height-default elementor-section-height-default\" data-id=\"48f47ab\" data-element_type=\"section\">\n\t\t\t\t\t\t<div class=\"elementor-container elementor-column-gap-default\">\n\t\t\t\t\t<div class=\"elementor-column elementor-col-100 elementor-top-column elementor-element elementor-element-4313604\" data-id=\"4313604\" data-element_type=\"column\">\n\t\t\t<div class=\"elementor-widget-wrap elementor-element-populated\">\n\t\t\t\t\t\t<div class=\"elementor-element elementor-element-957fde3 elementor-widget elementor-widget-html\" data-id=\"957fde3\" data-element_type=\"widget\" data-widget_type=\"html.default\">\n\t\t\t\t<div class=\"elementor-widget-container\">\n\t\t\t<iframe width=\"100%\" height=\"166\" scrolling=\"no\" frameborder=\"no\" allow=\"autoplay\" src=\"https:\/\/w.soundcloud.com\/player\/?url=https%3A\/\/api.soundcloud.com\/tracks\/246770971&color=%23ff0033&auto_play=false&hide_related=false&show_comments=true&show_user=false&show_reposts=false&show_teaser=false&show_artwork=false&show_playcount=false\"><\/iframe>\t\t<\/div>\n\t\t\t\t<\/div>\n\t\t\t\t\t<\/div>\n\t\t<\/div>\n\t\t\t\t\t<\/div>\n\t\t<\/section>\n\t\t\t\t<section class=\"elementor-section elementor-top-section elementor-element elementor-element-0480053 elementor-section-boxed elementor-section-height-default elementor-section-height-default\" data-id=\"0480053\" data-element_type=\"section\">\n\t\t\t\t\t\t<div class=\"elementor-container elementor-column-gap-default\">\n\t\t\t\t\t<div class=\"elementor-column elementor-col-100 elementor-top-column elementor-element elementor-element-ca52ac3\" data-id=\"ca52ac3\" data-element_type=\"column\">\n\t\t\t<div class=\"elementor-widget-wrap elementor-element-populated\">\n\t\t\t\t\t\t<div class=\"elementor-element elementor-element-63aadb5 elementor-align-center elementor-invisible elementor-widget elementor-widget-button\" data-id=\"63aadb5\" data-element_type=\"widget\" data-settings=\"{&quot;_animation&quot;:&quot;slideInLeft&quot;}\" data-widget_type=\"button.default\">\n\t\t\t\t<div class=\"elementor-widget-container\">\n\t\t\t\t\t<div class=\"elementor-button-wrapper\">\n\t\t\t<a class=\"elementor-button elementor-button-link elementor-size-xl\" href=\"http:\/\/underagroove.be\/net\/contact\/\">\n\t\t\t\t\t\t<span class=\"elementor-button-content-wrapper\">\n\t\t\t\t\t\t\t\t\t<span class=\"elementor-button-text\">Info&Booking<\/span>\n\t\t\t\t\t<\/span>\n\t\t\t\t\t<\/a>\n\t\t<\/div>\n\t\t\t\t<\/div>\n\t\t\t\t<\/div>\n\t\t\t\t\t<\/div>\n\t\t<\/div>\n\t\t\t\t\t<\/div>\n\t\t<\/section>\n\t\t\t\t<section class=\"elementor-section elementor-top-section elementor-element elementor-element-7bc36121 elementor-section-boxed elementor-section-height-default elementor-section-height-default\" data-id=\"7bc36121\" data-element_type=\"section\">\n\t\t\t\t\t\t<div class=\"elementor-container elementor-column-gap-default\">\n\t\t\t\t\t<div class=\"elementor-column elementor-col-100 elementor-top-column elementor-element elementor-element-223e15f7\" data-id=\"223e15f7\" data-element_type=\"column\">\n\t\t\t<div class=\"elementor-widget-wrap elementor-element-populated\">\n\t\t\t\t\t\t<div class=\"elementor-element elementor-element-287daaf0 elementor-widget elementor-widget-text-editor\" data-id=\"287daaf0\" data-element_type=\"widget\" data-widget_type=\"text-editor.default\">\n\t\t\t\t<div class=\"elementor-widget-container\">\n\t\t\t\t\t\t\t<h1>DJ Tang E<\/h1><p><strong>Mister electro-fresh in effect !<br \/><\/strong><\/p><p><strong>Style : <\/strong>Eclectic-Electro, trendy-groove &amp; funky-House!<\/p><p>TANG E s\u2019est toujours investit dans sa passion, l\u2019organisation d\u2019\u00e9v\u00e9nements, durant lesquels il a rapidement pu d\u00e9montrer ses talents de &#8220;djing&#8221;. Il a fond\u00e9 le concept &#8220;my house is funk&#8221; au <strong>Mirano Continental<\/strong> et au <strong>Claridge<\/strong>, les soir\u00e9es &#8220;showtime&#8221; au parc savoy et a dirig\u00e9 activement le club d&#8217;\u00e9t\u00e9 de la movida et le club social de la movida ou encre les<strong> &#8220;party-animal&#8221; <\/strong>du<strong> Wood<\/strong>.<\/p><p>Il est \u00e9galement DJ r\u00e9sident et directeur artistique de nombreuses organisations (wooomen on top, Cointreaupolitan, Terrace Beach, Terraza Martini, Ap\u00e9ros Urbains\u2026).<\/p><p>Connu pour ses sets \u00e9clectiques alliant house, \u00e9lectro, pop \/ rock, new disco, r\u00e9tro et new wave, TANG E se produit fr\u00e9quemment pour les plus grands clubs et \u00e9v\u00e9nements belges avec de grands artistes internationaux. Il a \u00e9galement assur\u00e9 l&#8217;\u00e9mission Extravadance (sur NRJ). Maintenant, il joue r\u00e9guli\u00e8rement sur radio vibration (107,2 fm).<\/p><p><strong>Discographie :<\/strong><br \/>I need U \u2013 Selecta Beats 2007<br \/>Believe \u2013 Selecta Beats 2007<\/p>\t\t\t\t\t\t<\/div>\n\t\t\t\t<\/div>\n\t\t\t\t\t<\/div>\n\t\t<\/div>\n\t\t\t\t\t<\/div>\n\t\t<\/section>\n\t\t\t\t<\/div>\n\t\t","protected":false},"excerpt":{"rendered":"<p><a class=\"more-link\" href=\"https:\/\/underagroove.be\/net\/fr\/djs\/dj-tang-e\/\">Read More<\/a><\/p>\n","protected":false},"author":3,"featured_media":0,"parent":3625,"menu_order":0,"comment_status":"closed","ping_status":"closed","template":"templates\/template-full-width.php","meta":[],"_links":{"self":[{"href":"https:\/\/underagroove.be\/net\/wp-json\/wp\/v2\/pages\/3641"}],"collection":[{"href":"https:\/\/underagroove.be\/net\/wp-json\/wp\/v2\/pages"}],"about":[{"href":"https:\/\/underagroove.be\/net\/wp-json\/wp\/v2\/types\/page"}],"author":[{"embeddable":true,"href":"https:\/\/underagroove.be\/net\/wp-json\/wp\/v2\/users\/3"}],"replies":[{"embeddable":true,"href":"https:\/\/underagroove.be\/net\/wp-json\/wp\/v2\/comments?post=3641"}],"version-history":[{"count":0,"href":"https:\/\/underagroove.be\/net\/wp-json\/wp\/v2\/pages\/3641\/revisions"}],"up":[{"embeddable":true,"href":"https:\/\/underagroove.be\/net\/wp-json\/wp\/v2\/pages\/3625"}],"wp:attachment":[{"href":"https:\/\/underagroove.be\/net\/wp-json\/wp\/v2\/media?parent=3641"}],"curies":[{"name":"wp","href":"https:\/\/api.w.org\/{rel}","templated":true}]}}