{"id":3636,"date":"2020-12-31T12:10:51","date_gmt":"2020-12-31T11:10:51","guid":{"rendered":"http:\/\/underagroove.be\/net\/?page_id=3636"},"modified":"2021-05-08T18:09:19","modified_gmt":"2021-05-08T16:09:19","slug":"dj-patrick-balzat","status":"publish","type":"page","link":"https:\/\/underagroove.be\/net\/fr\/djs\/dj-patrick-balzat\/","title":{"rendered":"DJ Patrick Balzat Fr"},"content":{"rendered":"\t\t<div data-elementor-type=\"wp-page\" data-elementor-id=\"3636\" class=\"elementor elementor-3636\">\n\t\t\t\t\t\t<section class=\"elementor-section elementor-top-section elementor-element elementor-element-61bd180 elementor-section-boxed elementor-section-height-default elementor-section-height-default\" data-id=\"61bd180\" data-element_type=\"section\">\n\t\t\t\t\t\t<div class=\"elementor-container elementor-column-gap-default\">\n\t\t\t\t\t<div class=\"elementor-column elementor-col-100 elementor-top-column elementor-element elementor-element-216c48f\" data-id=\"216c48f\" data-element_type=\"column\">\n\t\t\t<div class=\"elementor-widget-wrap elementor-element-populated\">\n\t\t\t\t\t\t\t<\/div>\n\t\t<\/div>\n\t\t\t\t\t<\/div>\n\t\t<\/section>\n\t\t\t\t<section class=\"elementor-section elementor-top-section elementor-element elementor-element-d4691c1 elementor-section-boxed elementor-section-height-default elementor-section-height-default\" data-id=\"d4691c1\" data-element_type=\"section\">\n\t\t\t\t\t\t<div class=\"elementor-container elementor-column-gap-default\">\n\t\t\t\t\t<div class=\"elementor-column elementor-col-100 elementor-top-column elementor-element elementor-element-3d16f0d\" data-id=\"3d16f0d\" data-element_type=\"column\">\n\t\t\t<div class=\"elementor-widget-wrap elementor-element-populated\">\n\t\t\t\t\t\t<div class=\"elementor-element elementor-element-54eec80 elementor-widget elementor-widget-html\" data-id=\"54eec80\" data-element_type=\"widget\" data-widget_type=\"html.default\">\n\t\t\t\t<div class=\"elementor-widget-container\">\n\t\t\t<iframe width=\"100%\" height=\"166\" scrolling=\"no\" frameborder=\"no\" allow=\"autoplay\" src=\"https:\/\/w.soundcloud.com\/player\/?url=https%3A\/\/api.soundcloud.com\/tracks\/884067037&color=%23ff0033&auto_play=false&hide_related=false&show_comments=true&show_user=false&show_reposts=false&show_teaser=false&show_artwork=false&show_playcount=false\"><\/iframe>\t\t<\/div>\n\t\t\t\t<\/div>\n\t\t\t\t\t<\/div>\n\t\t<\/div>\n\t\t\t\t\t<\/div>\n\t\t<\/section>\n\t\t\t\t<section class=\"elementor-section elementor-top-section elementor-element elementor-element-75ae349 elementor-section-boxed elementor-section-height-default elementor-section-height-default\" data-id=\"75ae349\" data-element_type=\"section\">\n\t\t\t\t\t\t<div class=\"elementor-container elementor-column-gap-default\">\n\t\t\t\t\t<div class=\"elementor-column elementor-col-100 elementor-top-column elementor-element elementor-element-0814c78\" data-id=\"0814c78\" data-element_type=\"column\">\n\t\t\t<div class=\"elementor-widget-wrap elementor-element-populated\">\n\t\t\t\t\t\t<div class=\"elementor-element elementor-element-5be40ec elementor-align-center elementor-invisible elementor-widget elementor-widget-button\" data-id=\"5be40ec\" data-element_type=\"widget\" data-settings=\"{&quot;_animation&quot;:&quot;slideInLeft&quot;}\" data-widget_type=\"button.default\">\n\t\t\t\t<div class=\"elementor-widget-container\">\n\t\t\t\t\t<div class=\"elementor-button-wrapper\">\n\t\t\t<a class=\"elementor-button elementor-button-link elementor-size-xl\" href=\"http:\/\/underagroove.be\/net\/contact\/\">\n\t\t\t\t\t\t<span class=\"elementor-button-content-wrapper\">\n\t\t\t\t\t\t\t\t\t<span class=\"elementor-button-text\">Info&Booking<\/span>\n\t\t\t\t\t<\/span>\n\t\t\t\t\t<\/a>\n\t\t<\/div>\n\t\t\t\t<\/div>\n\t\t\t\t<\/div>\n\t\t\t\t\t<\/div>\n\t\t<\/div>\n\t\t\t\t\t<\/div>\n\t\t<\/section>\n\t\t\t\t<section class=\"elementor-section elementor-top-section elementor-element elementor-element-4a52d4a7 elementor-section-boxed elementor-section-height-default elementor-section-height-default\" data-id=\"4a52d4a7\" data-element_type=\"section\">\n\t\t\t\t\t\t<div class=\"elementor-container elementor-column-gap-default\">\n\t\t\t\t\t<div class=\"elementor-column elementor-col-100 elementor-top-column elementor-element elementor-element-dd850ee\" data-id=\"dd850ee\" data-element_type=\"column\">\n\t\t\t<div class=\"elementor-widget-wrap elementor-element-populated\">\n\t\t\t\t\t\t<div class=\"elementor-element elementor-element-2819a1c2 elementor-widget elementor-widget-text-editor\" data-id=\"2819a1c2\" data-element_type=\"widget\" data-widget_type=\"text-editor.default\">\n\t\t\t\t<div class=\"elementor-widget-container\">\n\t\t\t\t\t\t\t<h1>DJ Patrick Balzat<\/h1><p><strong>Mister Selecta-Beats&#8230;<\/strong><\/p><p><strong>Style :<\/strong> Breaky-funky-eclectic HOUSE music<\/p><p>Patrick Balzat est un visage connu de la sc\u00e8ne house belge depuis pr\u00e8s de 30 ann\u00e9es maintenant, un DJ accompli au parcours impressionnant dans le monde de la musique et du clubbing. Des sorties r\u00e9guli\u00e8res dans les clubs house clandestins l\u2019ont convaincu de prendre sa place derri\u00e8re les platines en \u201892. C&#8217;est aussi \u00e0 cette \u00e9poque qu&#8217;il a cultiv\u00e9 son puissant son funky en tant que DJ r\u00e9sident, se trouvant dans une position privil\u00e9gi\u00e9e pour profiter de l&#8217;acc\u00e8s \u00e0 la plupart des clubs house en Belgique tels que <strong>Fuse, Who&#8217;s Who&#8217;s Land, Cafe Local<\/strong> et les soir\u00e9es Strong \u00e0 Anvers, Bruxelles et Paris. Il est fortement impliqu\u00e9 dans les sessions live <strong><a href=\"http:\/\/underagroove.be\/net\/artists\/bands\/le-balmodernsoundsystem\/\">balMODERNSOUNDsystem<\/a><\/strong>, acclam\u00e9es par la critique, le projet live collectif bas\u00e9 sur l&#8217;interaction live&amp;direct, entre musiciens de jazz et dj initi\u00e9 par don Olivero et lui-m\u00eame.<\/p><p>Ses sets offrent aujourd&#8217;hui une d\u00e9finition heureuse et raffin\u00e9e de la musique de club internationale de pointe faisant \u00e9cho \u00e0 divers styles musicaux fusionnant la musique House, Electro, Soul, Funk, Disco et Jazz d\u00e9veloppant toujours une ambiance tr\u00e8s joyeuse et communicante tout au long de ses performances.<\/p><p>Il est \u00e9galement producteur d&#8217;une \u00e9mission de radio hebdomadaire nationale chaque samedi sur une radio belge. Et r\u00e9cemment chaque jour avec l&#8217;\u00e9mission \u00abWarm up\u00bb sur la 1\u00e8re radio \u00e9lectro de Belgique <strong>\u00abVibration\u00bb<\/strong> (18h-19h du lundi au vendredi).<\/p><p><strong>Discographie :<\/strong><br \/>Dancin\u2019beat \/\/ FridgeRecords(ByteCompany) \/\/ Belgium \/\/ 1999<br \/>Funky Tower \/\/ FridgeRecords(ByteCompany) \/\/ Belgium \/\/ 1999<br \/>Crobar Th\u00e8me \/\/ EMI \/\/ World \/\/ 2000Crobar : \u201c Dish One \u201c \/\/ 2XCD<br \/>Caf\u00e9 Deluxe: Monaco, un apr\u00e8s midi , overdosis \/\/ Jaywork Rec \/\/ Italie \/\/2002<br \/>U.P.S. feat. Nadeen \u2013 Kitissa \/\/ 2006<br \/>U.P.S. feat. Jo Ann \u2013 Kind of people ( Club &amp; Dub mix) \/\/ 2006<br \/>Belga Queen : \u201c Queen\u2019s voices I \u201c \/\/ CD Compilation mixed &amp; selected by Joaquin Baixa &amp; Patrick Balzat. \/\/ Selecta Beats Records \/\/ 2007<br \/>SKYY Vodka : \u201c Selecta Beats in the SKYY\u201d \/\/ Vinyl EP 4 tracks \/\/ Selecta Beats Records \/\/ 2007<br \/>Patrick Balzat Feat. Jay &#8211; Ain\u2019t no mountain high enough ! \/\/ 2007<br \/>U.P.S. feat . Jo Ann(Urban Pleasure Seekers) \u2013 Positivity (club &amp; Sensual mix) \/\/ 2007<br \/>U.P.S. \u2013 C\u2019est elle \u2026 \/\/ Queens voices \/\/ 2007<br \/>Patricia \u2013 Diz me (U.P.S. remix) \/\/ 2007<br \/>The Proviberz : I need U \/\/ 2007<br \/>U.P.S. : Better \/\/ 2007<br \/>U.P.S. : Chicago \/\/ 2007<br \/>Patrick Balzat feat JAY : Feel the Music \/\/2008<br \/>The Proviberz feat. Salva\u2019 : Believe \/\/ 2008<br \/>Belga Queen : \u201c His Mistress voices \u201c \/\/ CD Compilation mixed &amp; selected by Joaquin Baixa &amp; Patrick Balzat. \/\/ Selecta Beats Records \/\/ 2008<br \/>Life in the extreme \u2013 JD DAVIS : Patrick Balzat DUB mix 2009<br \/>Patrick Balzat feat. JAY : Music Lovers (Album) 2009<br \/>Promised Land \u2013 JD DAVIS : Patrick Balzat vocal mix 2010 on the St\u00e9phane Pompougnac&#8217;s &#8220;Heaven&#8217;s floor&#8221; compilation<br \/>Ap\u00e9ro St Job &amp; Ricard : &#8220;La compil&#8217; de l&#8217;ap\u00e9ro&#8221; \/\/ CD Compilation mixed &amp; selected by Patrick Balzat. \/\/ Selecta Beats Records \/\/ 2010<br \/>Patrick Balzat : Terrace \/\/ Selecta Beats Records \/\/ 2010<br \/>Patrick Balzat : Porquerolles \/\/ Selecta Beats Records \/\/ 2010<br \/>Patrick Balzat : Percussika \/\/ Percussika Records \/\/ 2010<br \/>Patrick Balzat : Emulsion Hu Han \/\/ Selecta Beats Records \/\/ 2011<br \/>Patrick Balzat : The Fresh Club (Perrier) \/\/ Percussika Records \/\/ 2011<br \/>Patrick Balzat : Neo Gang \/\/ Percussika Records \/\/ 2011<br \/>Patrick Balzat : Stop the fake \/\/ Percussika Records \/\/ 2011<br \/>Patrick Balzat : We&#8217;ve got a chance \/\/ Percussika Records \/\/ 2012<br \/>Patrick Balzat : Groovyjack \/\/ Percussika Records \/\/ 2012<br \/>Patrick Balzat feat. Herv\u00e9 Letor : Break this song \/\/ 2013<\/p>\t\t\t\t\t\t<\/div>\n\t\t\t\t<\/div>\n\t\t\t\t\t<\/div>\n\t\t<\/div>\n\t\t\t\t\t<\/div>\n\t\t<\/section>\n\t\t\t\t<\/div>\n\t\t","protected":false},"excerpt":{"rendered":"<p><a class=\"more-link\" href=\"https:\/\/underagroove.be\/net\/fr\/djs\/dj-patrick-balzat\/\">Read More<\/a><\/p>\n","protected":false},"author":3,"featured_media":0,"parent":3625,"menu_order":0,"comment_status":"closed","ping_status":"closed","template":"templates\/template-full-width.php","meta":[],"_links":{"self":[{"href":"https:\/\/underagroove.be\/net\/wp-json\/wp\/v2\/pages\/3636"}],"collection":[{"href":"https:\/\/underagroove.be\/net\/wp-json\/wp\/v2\/pages"}],"about":[{"href":"https:\/\/underagroove.be\/net\/wp-json\/wp\/v2\/types\/page"}],"author":[{"embeddable":true,"href":"https:\/\/underagroove.be\/net\/wp-json\/wp\/v2\/users\/3"}],"replies":[{"embeddable":true,"href":"https:\/\/underagroove.be\/net\/wp-json\/wp\/v2\/comments?post=3636"}],"version-history":[{"count":0,"href":"https:\/\/underagroove.be\/net\/wp-json\/wp\/v2\/pages\/3636\/revisions"}],"up":[{"embeddable":true,"href":"https:\/\/underagroove.be\/net\/wp-json\/wp\/v2\/pages\/3625"}],"wp:attachment":[{"href":"https:\/\/underagroove.be\/net\/wp-json\/wp\/v2\/media?parent=3636"}],"curies":[{"name":"wp","href":"https:\/\/api.w.org\/{rel}","templated":true}]}}