{"id":3631,"date":"2020-12-31T12:06:51","date_gmt":"2020-12-31T11:06:51","guid":{"rendered":"http:\/\/underagroove.be\/net\/?page_id=3631"},"modified":"2021-05-08T18:08:39","modified_gmt":"2021-05-08T16:08:39","slug":"dj-kwak","status":"publish","type":"page","link":"https:\/\/underagroove.be\/net\/fr\/djs\/dj-kwak\/","title":{"rendered":"DJ Kwak Fr"},"content":{"rendered":"\t\t<div data-elementor-type=\"wp-page\" data-elementor-id=\"3631\" class=\"elementor elementor-3631\">\n\t\t\t\t\t\t<section class=\"elementor-section elementor-top-section elementor-element elementor-element-c85a58e elementor-section-boxed elementor-section-height-default elementor-section-height-default\" data-id=\"c85a58e\" data-element_type=\"section\">\n\t\t\t\t\t\t<div class=\"elementor-container elementor-column-gap-default\">\n\t\t\t\t\t<div class=\"elementor-column elementor-col-100 elementor-top-column elementor-element elementor-element-4770c30\" data-id=\"4770c30\" data-element_type=\"column\">\n\t\t\t<div class=\"elementor-widget-wrap elementor-element-populated\">\n\t\t\t\t\t\t\t<\/div>\n\t\t<\/div>\n\t\t\t\t\t<\/div>\n\t\t<\/section>\n\t\t\t\t<section class=\"elementor-section elementor-top-section elementor-element elementor-element-3ee93c6 elementor-section-boxed elementor-section-height-default elementor-section-height-default\" data-id=\"3ee93c6\" data-element_type=\"section\">\n\t\t\t\t\t\t<div class=\"elementor-container elementor-column-gap-default\">\n\t\t\t\t\t<div class=\"elementor-column elementor-col-100 elementor-top-column elementor-element elementor-element-fea7e1b\" data-id=\"fea7e1b\" data-element_type=\"column\">\n\t\t\t<div class=\"elementor-widget-wrap elementor-element-populated\">\n\t\t\t\t\t\t<div class=\"elementor-element elementor-element-7ab78a3 elementor-widget elementor-widget-html\" data-id=\"7ab78a3\" data-element_type=\"widget\" data-widget_type=\"html.default\">\n\t\t\t\t<div class=\"elementor-widget-container\">\n\t\t\t<iframe width=\"100%\" height=\"60\" src=\"https:\/\/www.mixcloud.com\/widget\/iframe\/?hide_cover=1&mini=1&light=1&feed=%2FKioskRadio%2Fkwak-kiosk-radio-08092020%2F\" frameborder=\"0\" ><\/iframe>\t\t<\/div>\n\t\t\t\t<\/div>\n\t\t\t\t\t<\/div>\n\t\t<\/div>\n\t\t\t\t\t<\/div>\n\t\t<\/section>\n\t\t\t\t<section class=\"elementor-section elementor-top-section elementor-element elementor-element-b53aad9 elementor-section-boxed elementor-section-height-default elementor-section-height-default\" data-id=\"b53aad9\" data-element_type=\"section\">\n\t\t\t\t\t\t<div class=\"elementor-container elementor-column-gap-default\">\n\t\t\t\t\t<div class=\"elementor-column elementor-col-100 elementor-top-column elementor-element elementor-element-dbba729\" data-id=\"dbba729\" data-element_type=\"column\">\n\t\t\t<div class=\"elementor-widget-wrap elementor-element-populated\">\n\t\t\t\t\t\t<div class=\"elementor-element elementor-element-68501dc elementor-align-center elementor-invisible elementor-widget elementor-widget-button\" data-id=\"68501dc\" data-element_type=\"widget\" data-settings=\"{&quot;_animation&quot;:&quot;slideInLeft&quot;}\" data-widget_type=\"button.default\">\n\t\t\t\t<div class=\"elementor-widget-container\">\n\t\t\t\t\t<div class=\"elementor-button-wrapper\">\n\t\t\t<a class=\"elementor-button elementor-button-link elementor-size-xl\" href=\"http:\/\/underagroove.be\/net\/contact\/\">\n\t\t\t\t\t\t<span class=\"elementor-button-content-wrapper\">\n\t\t\t\t\t\t\t\t\t<span class=\"elementor-button-text\">Info&Booking<\/span>\n\t\t\t\t\t<\/span>\n\t\t\t\t\t<\/a>\n\t\t<\/div>\n\t\t\t\t<\/div>\n\t\t\t\t<\/div>\n\t\t\t\t\t<\/div>\n\t\t<\/div>\n\t\t\t\t\t<\/div>\n\t\t<\/section>\n\t\t\t\t<section class=\"elementor-section elementor-top-section elementor-element elementor-element-43d4de7b elementor-section-boxed elementor-section-height-default elementor-section-height-default\" data-id=\"43d4de7b\" data-element_type=\"section\">\n\t\t\t\t\t\t<div class=\"elementor-container elementor-column-gap-default\">\n\t\t\t\t\t<div class=\"elementor-column elementor-col-100 elementor-top-column elementor-element elementor-element-183185e5\" data-id=\"183185e5\" data-element_type=\"column\">\n\t\t\t<div class=\"elementor-widget-wrap elementor-element-populated\">\n\t\t\t\t\t\t<div class=\"elementor-element elementor-element-fe0662e elementor-widget elementor-widget-text-editor\" data-id=\"fe0662e\" data-element_type=\"widget\" data-widget_type=\"text-editor.default\">\n\t\t\t\t<div class=\"elementor-widget-container\">\n\t\t\t\t\t\t\t<h1>DJ Kwak<\/h1><p><strong>Mister Strictly Niceness ! <\/strong>(Lui-m\u00eame!)<\/p><p><strong>Style :<\/strong> Attendez-vous \u00e0 des classiques et des d\u00e9couvertes, des raret\u00e9s et des folies funky, de la soul, du hip hop, du ska, du rocksteady et plus encore\u2026<\/p><p>Ayant grandi avec un papa branch\u00e9 musique et \u00e9coutant Miles Davis, Coup\u00e9 Clou\u00e9, Tito Puente, Barbara et leurs pairs, Kwak a connu ses premiers \u00e9mois soniques en d\u00e9couvrant le hip hop avec SugarHill Gang et le heavy rock avec Mot\u00f6rhead.<\/p><p>Les premi\u00e8res f\u00eates maison (pour les potes) commenc\u00e8rent d\u00e8s la fin des ann\u00e9es 80. Dans le m\u00eame temps, il a commenc\u00e9 \u00e0 r\u00e9p\u00e9ter avec des groupes punk-hardcore en tant que chanteur, acclam\u00e9 par la critique sur la sc\u00e8ne belge alors florissante.<\/p><p>Puis, en 1994, il a commenc\u00e9 \u00e0 organiser des concerts et des soir\u00e9es et a rapidement programm\u00e9 des DJ pour le <strong>Kan\u2019h Kaf\u00e9<\/strong> \u00e0 Bruxelles (de 1999 \u00e0 2004). Il fait quelques apparitions en tant que MC aux cot\u00e9s de <a href=\"http:\/\/underagroove.be\/net\/fr\/groupes\/brigada-shabazz\/\">Brigada Shabazz<\/a>. En 2002, il a commenc\u00e9 \u00e0 organiser les premi\u00e8res soir\u00e9es <strong>Strictly Niceness<\/strong> avec son co\u00e9quipier Dj Eleven, devenue la sortie mensuelle funk et soul de la capitale.<\/p><p>En tant que DJ, il a crois\u00e9 le vinyl avec les plus grands comme Paul Murphy (Afroart Records), Rainer Trueby (Compost Records), Mad Mats, Nostalgia 77 et Quantic (Tru Thoughts Records), Cris Prolific (45 Scientific), Soul Rabbi , Gruyere Dj (New Cheese Records) et la cr\u00e8me de la cr\u00e8me parmi les dj belges: Bass Culture Soundsystem, Murvin Jay, Bernard Dobbeleer (Classic 21), Dj Simon Le Saint (PIAS \/ Skinfama) Dj Piiit, Doc CLD, K&#8217;Bonus (Pulver Records), Snooba (Vinyl Amalgame), Onda Sonora Soundsystem, Brekbit (FM Brussel), Raggamuffin Whiteman, Dj Lefto, Smos ou Ipiki Ookami par exemple. Il a \u00e9galement jou\u00e9 en premi\u00e8re partie d&#8217;artistes comme Aka Moon, Alice Russell ou The Peas Project.<\/p><p>Kwak pose ses sets dans tous et tous les bars de Bruxelles (Roi des Belges, Cafe Dirty @ Dirty Dancing, Belga, Le Tavernier, La Maison du Peuple,\u2026), \u00e0 Anvers, au Luxembourg\u2026 Il diffuse \u00e9galement le <strong>BACK TO NICENESS RADIOSHOW sur Fm Brussel<\/strong> (www.fmbrussel.be) tous les samedis de 18h \u00e0 19h.<\/p><p>\u2026 Les prochaines \u00e9tapes restent \u00e0 \u00e9crire.<\/p>\t\t\t\t\t\t<\/div>\n\t\t\t\t<\/div>\n\t\t\t\t\t<\/div>\n\t\t<\/div>\n\t\t\t\t\t<\/div>\n\t\t<\/section>\n\t\t\t\t<\/div>\n\t\t","protected":false},"excerpt":{"rendered":"<p><a class=\"more-link\" href=\"https:\/\/underagroove.be\/net\/fr\/djs\/dj-kwak\/\">Read More<\/a><\/p>\n","protected":false},"author":3,"featured_media":0,"parent":3625,"menu_order":0,"comment_status":"closed","ping_status":"closed","template":"templates\/template-full-width.php","meta":[],"_links":{"self":[{"href":"https:\/\/underagroove.be\/net\/wp-json\/wp\/v2\/pages\/3631"}],"collection":[{"href":"https:\/\/underagroove.be\/net\/wp-json\/wp\/v2\/pages"}],"about":[{"href":"https:\/\/underagroove.be\/net\/wp-json\/wp\/v2\/types\/page"}],"author":[{"embeddable":true,"href":"https:\/\/underagroove.be\/net\/wp-json\/wp\/v2\/users\/3"}],"replies":[{"embeddable":true,"href":"https:\/\/underagroove.be\/net\/wp-json\/wp\/v2\/comments?post=3631"}],"version-history":[{"count":0,"href":"https:\/\/underagroove.be\/net\/wp-json\/wp\/v2\/pages\/3631\/revisions"}],"up":[{"embeddable":true,"href":"https:\/\/underagroove.be\/net\/wp-json\/wp\/v2\/pages\/3625"}],"wp:attachment":[{"href":"https:\/\/underagroove.be\/net\/wp-json\/wp\/v2\/media?parent=3631"}],"curies":[{"name":"wp","href":"https:\/\/api.w.org\/{rel}","templated":true}]}}