{"id":3625,"date":"2020-12-31T12:02:05","date_gmt":"2020-12-31T11:02:05","guid":{"rendered":"http:\/\/underagroove.be\/net\/?page_id=3625"},"modified":"2026-02-25T00:52:24","modified_gmt":"2026-02-24T23:52:24","slug":"djs","status":"publish","type":"page","link":"https:\/\/underagroove.be\/net\/fr\/djs\/","title":{"rendered":"DJ"},"content":{"rendered":"\t\t<div data-elementor-type=\"wp-page\" data-elementor-id=\"3625\" class=\"elementor elementor-3625\">\n\t\t\t\t\t\t<section class=\"elementor-section elementor-top-section elementor-element elementor-element-1b02a201 elementor-section-boxed elementor-section-height-default elementor-section-height-default\" data-id=\"1b02a201\" data-element_type=\"section\">\n\t\t\t\t\t\t<div class=\"elementor-container elementor-column-gap-default\">\n\t\t\t\t\t<div class=\"elementor-column elementor-col-100 elementor-top-column elementor-element elementor-element-66968e7d\" data-id=\"66968e7d\" data-element_type=\"column\">\n\t\t\t<div class=\"elementor-widget-wrap elementor-element-populated\">\n\t\t\t\t\t\t<div class=\"elementor-element elementor-element-2028b5b5 elementor-widget elementor-widget-text-editor\" data-id=\"2028b5b5\" data-element_type=\"widget\" data-widget_type=\"text-editor.default\">\n\t\t\t\t<div class=\"elementor-widget-container\">\n\t\t\t\t\t\t\t<h1>DJ<\/h1><p><img class=\"alignleft size-full wp-image-321\" title=\"we\" src=\"http:\/\/underagroove.be\/net\/wp-content\/uploads\/2009\/04\/venue.jpg\" alt=\"venue\" width=\"20\" height=\"16\" \/><\/p><p><strong>Dans cette section, les meilleurs DJ du royaume<\/strong> (et au-del\u00e0) <strong>!<\/strong><\/p><p>Des classiques du Funk \u00e0 la House la plus Deep, en passant par\u00a0 l&#8217;Electro et la salsa, l&#8217;\u00e9quipe de DJ <strong>under<span style=\"color: #ff0000;\">a<\/span>groove<\/strong> vous emm\u00e8ne jusqu&#8217;\u00e0 l&#8217;aube (et au-del\u00e0).<\/p><p><img class=\"alignleft size-full wp-image-321\" title=\"the\" src=\"http:\/\/underagroove.be\/net\/wp-content\/uploads\/2009\/04\/venue.jpg\" alt=\"venue\" width=\"20\" height=\"16\" \/><a href=\"http:\/\/underagroove.be\/net\/fr\/djs\/dj-patrick-balzat\/\">Patrick Balzat<\/a> (House, Funk, Disco)<\/p><p><img class=\"alignleft size-full wp-image-321\" title=\"the\" src=\"http:\/\/underagroove.be\/net\/wp-content\/uploads\/2009\/04\/venue.jpg\" alt=\"venue\" width=\"20\" height=\"16\" \/><\/p><p><a href=\"https:\/\/gosseries.com\/\" target=\"_blank\" rel=\"noopener\">Olivier Gosserie<\/a> (House, \u00c9lectro, Funk, Disco)<\/p><p><img class=\"alignleft size-full wp-image-321\" title=\"funk\" src=\"http:\/\/underagroove.be\/net\/wp-content\/uploads\/2009\/04\/venue.jpg\" alt=\"venue\" width=\"20\" height=\"16\" \/><a href=\"http:\/\/underagroove.be\/net\/fr\/djs\/dj-kwak\/\">DJ Kwak<\/a> (Funk, Soul)<\/p><p><img loading=\"lazy\" class=\"alignleft size-full wp-image-321\" title=\"we want the funk!\" src=\"http:\/\/underagroove.be\/net\/wp-content\/uploads\/2009\/04\/venue.jpg\" alt=\"venue\" width=\"20\" height=\"16\" \/><a href=\"http:\/\/underagroove.be\/net\/fr\/djs\/dj-tang-e\/\">TangE<\/a> (House, Electro)<\/p><p><img loading=\"lazy\" class=\"alignleft size-full wp-image-321\" title=\"want\" src=\"http:\/\/underagroove.be\/net\/wp-content\/uploads\/2009\/04\/venue.jpg\" alt=\"venue\" width=\"20\" height=\"16\" \/>Tribute to \u00a0 <a href=\"http:\/\/underagroove.be\/net\/fr\/djs\/tribute-2-eric-powa-b\/\">Eric Powa B.<\/a><\/p><p>Vous cherchez un.e autre DJ? <a href=\"http:\/\/underagroove.be\/net\/fr\/contact-2\/\">Contactez nous<\/a> maintenant!<\/p><p><a href=\"http:\/\/underagroove.be\/net\/fr\/artistesprojets\/\">Retour \u00e0 l\u2019index<\/a>\/\/<\/p>\t\t\t\t\t\t<\/div>\n\t\t\t\t<\/div>\n\t\t\t\t\t<\/div>\n\t\t<\/div>\n\t\t\t\t\t<\/div>\n\t\t<\/section>\n\t\t\t\t<\/div>\n\t\t","protected":false},"excerpt":{"rendered":"<p><a class=\"more-link\" href=\"https:\/\/underagroove.be\/net\/fr\/djs\/\">Read More<\/a><\/p>\n","protected":false},"author":3,"featured_media":0,"parent":0,"menu_order":2,"comment_status":"closed","ping_status":"open","template":"templates\/template-full-width.php","meta":[],"_links":{"self":[{"href":"https:\/\/underagroove.be\/net\/wp-json\/wp\/v2\/pages\/3625"}],"collection":[{"href":"https:\/\/underagroove.be\/net\/wp-json\/wp\/v2\/pages"}],"about":[{"href":"https:\/\/underagroove.be\/net\/wp-json\/wp\/v2\/types\/page"}],"author":[{"embeddable":true,"href":"https:\/\/underagroove.be\/net\/wp-json\/wp\/v2\/users\/3"}],"replies":[{"embeddable":true,"href":"https:\/\/underagroove.be\/net\/wp-json\/wp\/v2\/comments?post=3625"}],"version-history":[{"count":6,"href":"https:\/\/underagroove.be\/net\/wp-json\/wp\/v2\/pages\/3625\/revisions"}],"predecessor-version":[{"id":7196,"href":"https:\/\/underagroove.be\/net\/wp-json\/wp\/v2\/pages\/3625\/revisions\/7196"}],"wp:attachment":[{"href":"https:\/\/underagroove.be\/net\/wp-json\/wp\/v2\/media?parent=3625"}],"curies":[{"name":"wp","href":"https:\/\/api.w.org\/{rel}","templated":true}]}}