{"id":3619,"date":"2020-12-31T11:59:32","date_gmt":"2020-12-31T10:59:32","guid":{"rendered":"http:\/\/underagroove.be\/net\/?page_id=3619"},"modified":"2021-01-02T00:00:33","modified_gmt":"2021-01-01T23:00:33","slug":"musicien-nes","status":"publish","type":"page","link":"https:\/\/underagroove.be\/net\/fr\/musicien-nes\/","title":{"rendered":"Musicien.nes"},"content":{"rendered":"\t\t<div data-elementor-type=\"wp-page\" data-elementor-id=\"3619\" class=\"elementor elementor-3619\">\n\t\t\t\t\t\t<section class=\"elementor-section elementor-top-section elementor-element elementor-element-4b0cf9d2 elementor-section-boxed elementor-section-height-default elementor-section-height-default\" data-id=\"4b0cf9d2\" data-element_type=\"section\">\n\t\t\t\t\t\t<div class=\"elementor-container elementor-column-gap-default\">\n\t\t\t\t\t<div class=\"elementor-column elementor-col-100 elementor-top-column elementor-element elementor-element-2a4dfa1a\" data-id=\"2a4dfa1a\" data-element_type=\"column\">\n\t\t\t<div class=\"elementor-widget-wrap elementor-element-populated\">\n\t\t\t\t\t\t<div class=\"elementor-element elementor-element-3770738 elementor-widget elementor-widget-text-editor\" data-id=\"3770738\" data-element_type=\"widget\" data-widget_type=\"text-editor.default\">\n\t\t\t\t<div class=\"elementor-widget-container\">\n\t\t\t\t\t\t\t<h1>Musicien.nes<\/h1><p><img class=\"alignleft size-full wp-image-321\" title=\"big\" src=\"http:\/\/underagroove.be\/net\/wp-content\/uploads\/2009\/04\/venue.jpg\" alt=\"venue\" width=\"20\" height=\"16\" \/><strong>Dans cette section vous trouverez une s\u00e9lection d&#8217;artistes talentueux\/ses et renomm\u00e9.es<\/strong> <strong>!<\/strong><\/p><p>Vous cherchez des musiciens pour votre f\u00eates, \u00e9v\u00e8nement ou votre production? <strong>under<span style=\"color: #ff0000;\">a<\/span>groove <\/strong>vous propose une selection de choix..<\/p><p><img class=\"alignleft size-full wp-image-321\" title=\"brother\" src=\"http:\/\/underagroove.be\/net\/wp-content\/uploads\/2009\/04\/venue.jpg\" alt=\"venue\" width=\"20\" height=\"16\" \/><a href=\"http:\/\/underagroove.be\/net\/fr\/anja-naucler\/\">Anja Naucler<\/a> (violoncel-cello)<\/p><p><img class=\"alignleft size-full wp-image-321\" title=\"is\" src=\"http:\/\/underagroove.be\/net\/wp-content\/uploads\/2009\/04\/venue.jpg\" alt=\"venue\" width=\"20\" height=\"16\" \/><a href=\"http:\/\/underagroove.be\/net\/fr\/don-olivero-officiel\/\">don Olivero<\/a> (percussions \/ congas)<a href=\"http:\/\/underagroove.be\/net\/?page_id=59\"><br \/><\/a><\/p><p><img loading=\"lazy\" class=\"alignleft size-full wp-image-321\" title=\"watching\" src=\"http:\/\/underagroove.be\/net\/wp-content\/uploads\/2009\/04\/venue.jpg\" alt=\"venue\" width=\"20\" height=\"16\" \/><a href=\"http:\/\/underagroove.be\/net\/fr\/fred-becker\/\">Fred Becker<\/a> (saxophone)<\/p><p><img class=\"alignleft size-full wp-image-321\" title=\"is\" src=\"http:\/\/underagroove.be\/net\/wp-content\/uploads\/2009\/04\/venue.jpg\" alt=\"venue\" width=\"20\" height=\"16\" \/><\/p><p><a href=\"http:\/\/underagroove.be\/net\/fr\/maia-aboueleze\/\">Ma\u00efa Aboueleze<\/a> (taiko drum)<\/p><p><img loading=\"lazy\" class=\"alignleft size-full wp-image-321\" title=\"you\" src=\"http:\/\/underagroove.be\/net\/wp-content\/uploads\/2009\/04\/venue.jpg\" alt=\"venue\" width=\"20\" height=\"16\" \/><a href=\"http:\/\/underagroove.be\/net\/?page_id=1356\">Virna Nova<\/a> (singer \/ guitar)<\/p><p>Vous avez besoin de plus ou d&#8217;autres musiciens? <a href=\"http:\/\/underagroove.be\/net\/fr\/contact-2\/\">Contactez nous<\/a> maintenant!<\/p><p><a href=\"http:\/\/underagroove.be\/net\/fr\/artistesprojets\/\">Retour \u00e0 l&#8217;index<\/a>\/\/<\/p>\t\t\t\t\t\t<\/div>\n\t\t\t\t<\/div>\n\t\t\t\t\t<\/div>\n\t\t<\/div>\n\t\t\t\t\t<\/div>\n\t\t<\/section>\n\t\t\t\t<\/div>\n\t\t","protected":false},"excerpt":{"rendered":"<p><a class=\"more-link\" href=\"https:\/\/underagroove.be\/net\/fr\/musicien-nes\/\">Read More<\/a><\/p>\n","protected":false},"author":3,"featured_media":0,"parent":0,"menu_order":1,"comment_status":"closed","ping_status":"open","template":"templates\/template-full-width.php","meta":[],"_links":{"self":[{"href":"https:\/\/underagroove.be\/net\/wp-json\/wp\/v2\/pages\/3619"}],"collection":[{"href":"https:\/\/underagroove.be\/net\/wp-json\/wp\/v2\/pages"}],"about":[{"href":"https:\/\/underagroove.be\/net\/wp-json\/wp\/v2\/types\/page"}],"author":[{"embeddable":true,"href":"https:\/\/underagroove.be\/net\/wp-json\/wp\/v2\/users\/3"}],"replies":[{"embeddable":true,"href":"https:\/\/underagroove.be\/net\/wp-json\/wp\/v2\/comments?post=3619"}],"version-history":[{"count":0,"href":"https:\/\/underagroove.be\/net\/wp-json\/wp\/v2\/pages\/3619\/revisions"}],"wp:attachment":[{"href":"https:\/\/underagroove.be\/net\/wp-json\/wp\/v2\/media?parent=3619"}],"curies":[{"name":"wp","href":"https:\/\/api.w.org\/{rel}","templated":true}]}}