{"id":3607,"date":"2020-12-31T11:45:44","date_gmt":"2020-12-31T10:45:44","guid":{"rendered":"http:\/\/underagroove.be\/net\/?page_id=3607"},"modified":"2022-11-27T02:42:09","modified_gmt":"2022-11-27T01:42:09","slug":"maia-aboueleze","status":"publish","type":"page","link":"https:\/\/underagroove.be\/net\/fr\/maia-aboueleze\/","title":{"rendered":"Ma\u00efa Aboueleze"},"content":{"rendered":"\t\t<div data-elementor-type=\"wp-page\" data-elementor-id=\"3607\" class=\"elementor elementor-3607\">\n\t\t\t\t\t\t<section class=\"elementor-section elementor-top-section elementor-element elementor-element-c33258f elementor-section-boxed elementor-section-height-default elementor-section-height-default\" data-id=\"c33258f\" data-element_type=\"section\">\n\t\t\t\t\t\t<div class=\"elementor-container elementor-column-gap-default\">\n\t\t\t\t\t<div class=\"elementor-column elementor-col-100 elementor-top-column elementor-element elementor-element-f7bcb21\" data-id=\"f7bcb21\" data-element_type=\"column\">\n\t\t\t<div class=\"elementor-widget-wrap elementor-element-populated\">\n\t\t\t\t\t\t\t<\/div>\n\t\t<\/div>\n\t\t\t\t\t<\/div>\n\t\t<\/section>\n\t\t\t\t<section class=\"elementor-section elementor-top-section elementor-element elementor-element-1e1e715f elementor-section-boxed elementor-section-height-default elementor-section-height-default\" data-id=\"1e1e715f\" data-element_type=\"section\">\n\t\t\t\t\t\t<div class=\"elementor-container elementor-column-gap-default\">\n\t\t\t\t\t<div class=\"elementor-column elementor-col-100 elementor-top-column elementor-element elementor-element-1b738f67\" data-id=\"1b738f67\" data-element_type=\"column\">\n\t\t\t<div class=\"elementor-widget-wrap elementor-element-populated\">\n\t\t\t\t\t\t<div class=\"elementor-element elementor-element-16313623 elementor-widget elementor-widget-text-editor\" data-id=\"16313623\" data-element_type=\"widget\" data-widget_type=\"text-editor.default\">\n\t\t\t\t<div class=\"elementor-widget-container\">\n\t\t\t\t\t\t\t<p><!-- wp:paragraph --><\/p><h1><strong>Ma\u00efa Aboueleze<\/strong><\/h1><p><strong>Intemporel, traditionnel, pr\u00e9cis : la beaut\u00e9 du geste, la force de frappe du rythme<br \/><\/strong><\/p><p><strong>Style :<\/strong> Tambour traditionnel japonais Ta\u00efko<\/p><p><!-- \/wp:paragraph --><\/p>\t\t\t\t\t\t<\/div>\n\t\t\t\t<\/div>\n\t\t\t\t\t<\/div>\n\t\t<\/div>\n\t\t\t\t\t<\/div>\n\t\t<\/section>\n\t\t\t\t<section class=\"elementor-section elementor-top-section elementor-element elementor-element-2d5216e elementor-section-boxed elementor-section-height-default elementor-section-height-default\" data-id=\"2d5216e\" data-element_type=\"section\">\n\t\t\t\t\t\t<div class=\"elementor-container elementor-column-gap-default\">\n\t\t\t\t\t<div class=\"elementor-column elementor-col-50 elementor-top-column elementor-element elementor-element-e6926c7\" data-id=\"e6926c7\" data-element_type=\"column\">\n\t\t\t<div class=\"elementor-widget-wrap elementor-element-populated\">\n\t\t\t\t\t\t<div class=\"elementor-element elementor-element-9e98654 elementor-widget elementor-widget-video\" data-id=\"9e98654\" data-element_type=\"widget\" data-settings=\"{&quot;youtube_url&quot;:&quot;https:\\\/\\\/www.youtube.com\\\/watch?v=WB0PF1QMsY4&amp;feature=youtu.be&quot;,&quot;video_type&quot;:&quot;youtube&quot;,&quot;controls&quot;:&quot;yes&quot;}\" data-widget_type=\"video.default\">\n\t\t\t\t<div class=\"elementor-widget-container\">\n\t\t\t\t\t<div class=\"elementor-wrapper elementor-open-inline\">\n\t\t\t<div class=\"elementor-video\"><\/div>\t\t<\/div>\n\t\t\t\t<\/div>\n\t\t\t\t<\/div>\n\t\t\t\t\t<\/div>\n\t\t<\/div>\n\t\t\t\t<div class=\"elementor-column elementor-col-50 elementor-top-column elementor-element elementor-element-4942294\" data-id=\"4942294\" data-element_type=\"column\">\n\t\t\t<div class=\"elementor-widget-wrap elementor-element-populated\">\n\t\t\t\t\t\t<div class=\"elementor-element elementor-element-ee0cd06 elementor-widget elementor-widget-video\" data-id=\"ee0cd06\" data-element_type=\"widget\" data-settings=\"{&quot;youtube_url&quot;:&quot;https:\\\/\\\/www.youtube.com\\\/watch?v=2-nxnU12X8Y&amp;feature=youtu.be&quot;,&quot;video_type&quot;:&quot;youtube&quot;,&quot;controls&quot;:&quot;yes&quot;}\" data-widget_type=\"video.default\">\n\t\t\t\t<div class=\"elementor-widget-container\">\n\t\t\t\t\t<div class=\"elementor-wrapper elementor-open-inline\">\n\t\t\t<div class=\"elementor-video\"><\/div>\t\t<\/div>\n\t\t\t\t<\/div>\n\t\t\t\t<\/div>\n\t\t\t\t\t<\/div>\n\t\t<\/div>\n\t\t\t\t\t<\/div>\n\t\t<\/section>\n\t\t\t\t<section class=\"elementor-section elementor-top-section elementor-element elementor-element-ed6dc12 elementor-section-boxed elementor-section-height-default elementor-section-height-default\" data-id=\"ed6dc12\" data-element_type=\"section\">\n\t\t\t\t\t\t<div class=\"elementor-container elementor-column-gap-default\">\n\t\t\t\t\t<div class=\"elementor-column elementor-col-100 elementor-top-column elementor-element elementor-element-c4d1240\" data-id=\"c4d1240\" data-element_type=\"column\">\n\t\t\t<div class=\"elementor-widget-wrap\">\n\t\t\t\t\t\t\t<\/div>\n\t\t<\/div>\n\t\t\t\t\t<\/div>\n\t\t<\/section>\n\t\t\t\t<section class=\"elementor-section elementor-top-section elementor-element elementor-element-b998478 elementor-section-boxed elementor-section-height-default elementor-section-height-default\" data-id=\"b998478\" data-element_type=\"section\">\n\t\t\t\t\t\t<div class=\"elementor-container elementor-column-gap-default\">\n\t\t\t\t\t<div class=\"elementor-column elementor-col-100 elementor-top-column elementor-element elementor-element-29f7af0\" data-id=\"29f7af0\" data-element_type=\"column\">\n\t\t\t<div class=\"elementor-widget-wrap elementor-element-populated\">\n\t\t\t\t\t\t<div class=\"elementor-element elementor-element-3264d70 elementor-widget elementor-widget-text-editor\" data-id=\"3264d70\" data-element_type=\"widget\" data-widget_type=\"text-editor.default\">\n\t\t\t\t<div class=\"elementor-widget-container\">\n\t\t\t\t\t\t\t<p>Form\u00e9e en danse contemporaine au CNR d&#8217;Angers, au th\u00e9\u00e2tre du Cours Simon \u00e0 Paris, et en percussions japonaises \u00e0 Paris et \u00e0 Tokyo. Ma\u00efa Aboueleze est autrice, com\u00e9dienne et percussionniste.<\/p>\n<p><strong>Com\u00e9dienne,<\/strong> elle a travaill\u00e9 notamment avec les metteurs en sc\u00e8ne Ren\u00e9 Bizac, Herbert Rolland, Dominique Serron ou encore Susan a Lastreto et a cr\u00e9\u00e9 sa compagnie de th\u00e9\u00e2tre pour enfants, la compagnie Gokibouli, avec laquelle elle tourne en Belgique, notamment via les Jeunesses Musicales. Elle collabore depuis des ann\u00e9es avec des associations d&#8217;aide aux primo-arrivants, des associations Fle\/alpha et d&#8217;adolescents en difficult\u00e9 et donne de nombreux ateliers. Elle est aussi doubleuse de s\u00e9rie et d&#8217;anim\u00e9s.<\/p>\n<p><strong>Percussionniste<\/strong> elle travaille d&#8217;abord avec <strong>Wada\u00efkoMakoto<\/strong> \u00e0 Paris, groupe de ta\u00efko traditionnel, et <a href=\"http:\/\/underagroove.be\/net\/artists\/bands\/le-rythme-des-fourmis\/\"><strong>Le Rythme des Fourmis<\/strong><\/a> (percussions urbaines). <strong>En 2011, elle est laur\u00e9ate du prix VOCATIO et part se perfectionner au Japon aupr\u00e8s du ma\u00eetre de ta\u00efko Seido Kobayashi, cr\u00e9ateur du style Sukeroku<\/strong>. Depuis elle multiplie les collaborations avec divers musiciens en Belgique et en France (violoniste, joueur de koto, percussionniste, chanteur, joueur de shamisen, etc&#8230;) et divers artistes de diff\u00e9rentes disciplines (metteur en sc\u00e8ne, danseur, vid\u00e9aste,&#8230;) Elle est membre du groupe de ta\u00efko <strong>Bentenode<\/strong>, bas\u00e9 \u00e0 Paris, avec qui elle tourne en France et en Europe (Paris, Nantes, Reims, Strasbourg, Londres, Berlin, Barcelone, etc&#8230;). Ma\u00efa enseigne le ta\u00efko en Belgique.<\/p>\n<p><strong>Autrice<\/strong>, Ma\u00efa a publi\u00e9 son premier roman \u00ab\u00a0<a href=\"https:\/\/www.editionsintervalles.com\/catalogue\/le-ballet-des-retardataires\/\"><strong>Le ballet des retardataires<\/strong><\/a>\u00a0\u00bb aux \u00e9ditions Intervalles en 2019. Apr\u00e8s le succ\u00e8s de ce premier opus, Ma\u00efa travaille d\u00e9j\u00e0 au second.<\/p>\n<p><strong>Ma\u00efa vous propose diff\u00e9rentes formules, choisissez celle qui conviendra \u00e0 votre \u00e9v\u00e8nement:<\/strong> :<\/p>\n<ul>\n<li>Taiko solo<\/li>\n<li>Duet <a href=\"https:\/\/vimeo.com\/296680599\" target=\"_blank\" rel=\"noopener\">Taiko vs Violin<\/a><\/li>\n<li>Complete set of Japanese percussions<\/li>\n<li><a href=\"https:\/\/www.youtube.com\/watch?v=3BOCt1LlX1E\" target=\"_blank\" rel=\"noopener\">Taiko vs Electro<\/a><\/li>\n<\/ul>\t\t\t\t\t\t<\/div>\n\t\t\t\t<\/div>\n\t\t\t\t<div class=\"elementor-element elementor-element-645326f elementor-align-center elementor-invisible elementor-widget elementor-widget-button\" data-id=\"645326f\" data-element_type=\"widget\" data-settings=\"{&quot;_animation&quot;:&quot;slideInLeft&quot;}\" data-widget_type=\"button.default\">\n\t\t\t\t<div class=\"elementor-widget-container\">\n\t\t\t\t\t<div class=\"elementor-button-wrapper\">\n\t\t\t<a class=\"elementor-button elementor-button-link elementor-size-xl\" href=\"https:\/\/underagroove.be\/net\/fr\/contact-2\/\">\n\t\t\t\t\t\t<span class=\"elementor-button-content-wrapper\">\n\t\t\t\t\t\t\t\t\t<span class=\"elementor-button-text\">Info&Booking<\/span>\n\t\t\t\t\t<\/span>\n\t\t\t\t\t<\/a>\n\t\t<\/div>\n\t\t\t\t<\/div>\n\t\t\t\t<\/div>\n\t\t\t\t\t<\/div>\n\t\t<\/div>\n\t\t\t\t\t<\/div>\n\t\t<\/section>\n\t\t\t\t<\/div>\n\t\t","protected":false},"excerpt":{"rendered":"<p><a class=\"more-link\" href=\"https:\/\/underagroove.be\/net\/fr\/maia-aboueleze\/\">Read More<\/a><\/p>\n","protected":false},"author":3,"featured_media":0,"parent":0,"menu_order":0,"comment_status":"closed","ping_status":"closed","template":"templates\/template-full-width.php","meta":[],"_links":{"self":[{"href":"https:\/\/underagroove.be\/net\/wp-json\/wp\/v2\/pages\/3607"}],"collection":[{"href":"https:\/\/underagroove.be\/net\/wp-json\/wp\/v2\/pages"}],"about":[{"href":"https:\/\/underagroove.be\/net\/wp-json\/wp\/v2\/types\/page"}],"author":[{"embeddable":true,"href":"https:\/\/underagroove.be\/net\/wp-json\/wp\/v2\/users\/3"}],"replies":[{"embeddable":true,"href":"https:\/\/underagroove.be\/net\/wp-json\/wp\/v2\/comments?post=3607"}],"version-history":[{"count":0,"href":"https:\/\/underagroove.be\/net\/wp-json\/wp\/v2\/pages\/3607\/revisions"}],"wp:attachment":[{"href":"https:\/\/underagroove.be\/net\/wp-json\/wp\/v2\/media?parent=3607"}],"curies":[{"name":"wp","href":"https:\/\/api.w.org\/{rel}","templated":true}]}}