{"id":3601,"date":"2020-12-31T11:36:25","date_gmt":"2020-12-31T10:36:25","guid":{"rendered":"http:\/\/underagroove.be\/net\/?page_id=3601"},"modified":"2022-11-27T02:45:10","modified_gmt":"2022-11-27T01:45:10","slug":"fred-becker","status":"publish","type":"page","link":"https:\/\/underagroove.be\/net\/fr\/fred-becker\/","title":{"rendered":"Fred Becker"},"content":{"rendered":"\t\t<div data-elementor-type=\"wp-page\" data-elementor-id=\"3601\" class=\"elementor elementor-3601\">\n\t\t\t\t\t\t<section class=\"elementor-section elementor-top-section elementor-element elementor-element-f6329dc elementor-section-stretched elementor-section-full_width elementor-section-height-default elementor-section-height-default\" data-id=\"f6329dc\" data-element_type=\"section\" data-settings=\"{&quot;stretch_section&quot;:&quot;section-stretched&quot;}\">\n\t\t\t\t\t\t<div class=\"elementor-container elementor-column-gap-default\">\n\t\t\t\t\t<div class=\"elementor-column elementor-col-100 elementor-top-column elementor-element elementor-element-80db089\" data-id=\"80db089\" data-element_type=\"column\">\n\t\t\t<div class=\"elementor-widget-wrap elementor-element-populated\">\n\t\t\t\t\t\t\t<\/div>\n\t\t<\/div>\n\t\t\t\t\t<\/div>\n\t\t<\/section>\n\t\t\t\t<section class=\"elementor-section elementor-top-section elementor-element elementor-element-8fabeab elementor-section-boxed elementor-section-height-default elementor-section-height-default\" data-id=\"8fabeab\" data-element_type=\"section\">\n\t\t\t\t\t\t<div class=\"elementor-container elementor-column-gap-default\">\n\t\t\t\t\t<div class=\"elementor-column elementor-col-100 elementor-top-column elementor-element elementor-element-c0bbaee\" data-id=\"c0bbaee\" data-element_type=\"column\">\n\t\t\t<div class=\"elementor-widget-wrap elementor-element-populated\">\n\t\t\t\t\t\t<div class=\"elementor-element elementor-element-0129979 elementor-widget elementor-widget-html\" data-id=\"0129979\" data-element_type=\"widget\" data-widget_type=\"html.default\">\n\t\t\t\t<div class=\"elementor-widget-container\">\n\t\t\t<iframe width=\"100%\" height=\"166\" scrolling=\"no\" frameborder=\"no\" allow=\"autoplay\" src=\"https:\/\/w.soundcloud.com\/player\/?url=https%3A\/\/api.soundcloud.com\/tracks\/95750573&color=%23ff0033&auto_play=false&hide_related=false&show_comments=true&show_user=false&show_reposts=false&show_teaser=false&show_artwork=false&show_playcount=false\"><\/iframe>\t\t<\/div>\n\t\t\t\t<\/div>\n\t\t\t\t\t<\/div>\n\t\t<\/div>\n\t\t\t\t\t<\/div>\n\t\t<\/section>\n\t\t\t\t<section class=\"elementor-section elementor-top-section elementor-element elementor-element-6206a4f elementor-section-boxed elementor-section-height-default elementor-section-height-default\" data-id=\"6206a4f\" data-element_type=\"section\">\n\t\t\t\t\t\t<div class=\"elementor-container elementor-column-gap-default\">\n\t\t\t\t\t<div class=\"elementor-column elementor-col-66 elementor-top-column elementor-element elementor-element-16089a4\" data-id=\"16089a4\" data-element_type=\"column\">\n\t\t\t<div class=\"elementor-widget-wrap elementor-element-populated\">\n\t\t\t\t\t\t<div class=\"elementor-element elementor-element-53ffb66 elementor-widget elementor-widget-text-editor\" data-id=\"53ffb66\" data-element_type=\"widget\" data-widget_type=\"text-editor.default\">\n\t\t\t\t<div class=\"elementor-widget-container\">\n\t\t\t\t\t\t\t<h1><strong>Fred Becker<\/strong><\/h1><p><strong>Let&#8217;s Sax your party&#8230;<\/strong><\/p><p><strong>Style : <\/strong>Uniquement le groove&#8230;<\/p><p>\u2026 Avec l&#8217;un des meilleurs saxophonistes! Ses instruments sont: saxophones t\u00e9nor, alto et soprano, fl\u00fbte et clarinette Bansuri. Seul ou accompagn\u00e9, Fred installe l&#8217;ambiance Jazz et lounge chez vous. Notez qu&#8217;il peut aussi groove et funky-sax &#8216;, selon vos pr\u00e9f\u00e9rences..<\/p>\t\t\t\t\t\t<\/div>\n\t\t\t\t<\/div>\n\t\t\t\t\t<\/div>\n\t\t<\/div>\n\t\t\t\t<div class=\"elementor-column elementor-col-33 elementor-top-column elementor-element elementor-element-3099db6\" data-id=\"3099db6\" data-element_type=\"column\">\n\t\t\t<div class=\"elementor-widget-wrap elementor-element-populated\">\n\t\t\t\t\t\t<div class=\"elementor-element elementor-element-e7fce90 elementor-widget elementor-widget-video\" data-id=\"e7fce90\" data-element_type=\"widget\" data-settings=\"{&quot;youtube_url&quot;:&quot;https:\\\/\\\/www.youtube.com\\\/watch?v=uwXJwbkJP1A&quot;,&quot;video_type&quot;:&quot;youtube&quot;,&quot;controls&quot;:&quot;yes&quot;}\" data-widget_type=\"video.default\">\n\t\t\t\t<div class=\"elementor-widget-container\">\n\t\t\t\t\t<div class=\"elementor-wrapper elementor-open-inline\">\n\t\t\t<div class=\"elementor-video\"><\/div>\t\t<\/div>\n\t\t\t\t<\/div>\n\t\t\t\t<\/div>\n\t\t\t\t\t<\/div>\n\t\t<\/div>\n\t\t\t\t\t<\/div>\n\t\t<\/section>\n\t\t\t\t<section class=\"elementor-section elementor-top-section elementor-element elementor-element-fc449c2 elementor-section-boxed elementor-section-height-default elementor-section-height-default\" data-id=\"fc449c2\" data-element_type=\"section\">\n\t\t\t\t\t\t<div class=\"elementor-container elementor-column-gap-default\">\n\t\t\t\t\t<div class=\"elementor-column elementor-col-100 elementor-top-column elementor-element elementor-element-50dbaaa\" data-id=\"50dbaaa\" data-element_type=\"column\">\n\t\t\t<div class=\"elementor-widget-wrap elementor-element-populated\">\n\t\t\t\t\t\t<div class=\"elementor-element elementor-element-6103003 elementor-align-center elementor-invisible elementor-widget elementor-widget-button\" data-id=\"6103003\" data-element_type=\"widget\" data-settings=\"{&quot;_animation&quot;:&quot;slideInLeft&quot;}\" data-widget_type=\"button.default\">\n\t\t\t\t<div class=\"elementor-widget-container\">\n\t\t\t\t\t<div class=\"elementor-button-wrapper\">\n\t\t\t<a class=\"elementor-button elementor-button-link elementor-size-xl\" href=\"https:\/\/underagroove.be\/net\/fr\/contact-2\/\">\n\t\t\t\t\t\t<span class=\"elementor-button-content-wrapper\">\n\t\t\t\t\t\t\t\t\t<span class=\"elementor-button-text\">Info&Booking<\/span>\n\t\t\t\t\t<\/span>\n\t\t\t\t\t<\/a>\n\t\t<\/div>\n\t\t\t\t<\/div>\n\t\t\t\t<\/div>\n\t\t\t\t\t<\/div>\n\t\t<\/div>\n\t\t\t\t\t<\/div>\n\t\t<\/section>\n\t\t\t\t<section class=\"elementor-section elementor-top-section elementor-element elementor-element-3526f6c1 elementor-section-boxed elementor-section-height-default elementor-section-height-default\" data-id=\"3526f6c1\" data-element_type=\"section\">\n\t\t\t\t\t\t<div class=\"elementor-container elementor-column-gap-default\">\n\t\t\t\t\t<div class=\"elementor-column elementor-col-100 elementor-top-column elementor-element elementor-element-30ff6d71\" data-id=\"30ff6d71\" data-element_type=\"column\">\n\t\t\t<div class=\"elementor-widget-wrap elementor-element-populated\">\n\t\t\t\t\t\t<div class=\"elementor-element elementor-element-2e4c30d6 elementor-widget elementor-widget-text-editor\" data-id=\"2e4c30d6\" data-element_type=\"widget\" data-widget_type=\"text-editor.default\">\n\t\t\t\t<div class=\"elementor-widget-container\">\n\t\t\t\t\t\t\t<p><b>Pr\u00e9sent\u00a0:<\/b><\/p><p><strong>Fred Becker 4tet<\/strong> (Once upon a Jazz\u2026)<strong> Victor Abel-Keys, Nicola Lancerotti-Bass, Toon Vandionant-Drums, The Peas Project<\/strong> (FunkyPartyMusic), <strong>Karim Gharbi Quartet<\/strong> (Chanson Exp\u00e9rimentale et \u00e0 texte\u2026), <strong>Sweet Sweat Sound System<\/strong> (Broken beat, body dance, Electro Dubstep avec Dj Mellow), <strong>Farid &amp; Sakuran<\/strong> (Live Filmuzi(e)k(e)<\/p><p><strong>Nass J\u2019Deba<\/strong> (World Experimental in progres Gnawa Trance), <strong>N\u2019Temere<\/strong> (Soul Music With BluesHopper &amp; Desiree), <strong>Cabane Murmure<\/strong> (Ambient) ,<strong>Afrik\u00e4n Protok\u00f6l<\/strong> (Afro-Beat), <a href=\"http:\/\/underagroove.be\/net\/artists\/bands\/le-balmodernsoundsystem\/\"><strong>Le balMODERN-SOUNDsystem<\/strong><\/a> (Houseparty) et plus encore\u2026<\/p><p><b>Futur\u00a0:<\/b><\/p><p>Beaucoup d&#8217;id\u00e9es et de d\u00e9sirs BEAUCOUP &#8211; Mieux, plus rapide avec de plus en plus d&#8217;amour et de soins, avec une attention de plus en plus juste pour les r\u00e9aliser. Avec audace autant qu&#8217;avec patience. Avec joie comme avec gravit\u00e9. Et en faisant confiance au travail du temps, l&#8217;intensit\u00e9 ralentit le temps\u2026<\/p><p><b>Discographie\u00a0:<\/b><\/p><p>&#8220;Beyond the grid&#8221; with Afrik\u00e4n Protok\u00f6l [Abozam\u00e9 Records]<br \/>&#8220;Music No Get Enemy&#8221; with Oghene Kologbo &amp; World Squad [Autoprod.]<br \/>&#8220;Supermoon&#8221; with Sophie Hunger [Caroline Records]<br \/>&#8220;Barbaro (Ma Non Troppo)&#8221; with Present [Ad Hoc Records]<br \/>&#8220;EP01&#8221; with Y\u00f4ka\u00ef [Autoprod.]<br \/>&#8220;This is our first record&#8221; as the The Peas Project [Autoprod.]<br \/>&#8220;Saxaphobia&#8221; on &#8220;Fabric 14&#8221; by Stacey Pullen [Fabric]<br \/>&#8220;Saxaphobia E.P. &#8221; with Niquid \u200e [Fluential]<br \/>&#8220;High Infidelity&#8221; with Present [Carbon 7 Records]<\/p>\t\t\t\t\t\t<\/div>\n\t\t\t\t<\/div>\n\t\t\t\t\t<\/div>\n\t\t<\/div>\n\t\t\t\t\t<\/div>\n\t\t<\/section>\n\t\t\t\t<\/div>\n\t\t","protected":false},"excerpt":{"rendered":"<p><a class=\"more-link\" href=\"https:\/\/underagroove.be\/net\/fr\/fred-becker\/\">Read More<\/a><\/p>\n","protected":false},"author":3,"featured_media":0,"parent":0,"menu_order":0,"comment_status":"closed","ping_status":"open","template":"templates\/template-full-width.php","meta":[],"_links":{"self":[{"href":"https:\/\/underagroove.be\/net\/wp-json\/wp\/v2\/pages\/3601"}],"collection":[{"href":"https:\/\/underagroove.be\/net\/wp-json\/wp\/v2\/pages"}],"about":[{"href":"https:\/\/underagroove.be\/net\/wp-json\/wp\/v2\/types\/page"}],"author":[{"embeddable":true,"href":"https:\/\/underagroove.be\/net\/wp-json\/wp\/v2\/users\/3"}],"replies":[{"embeddable":true,"href":"https:\/\/underagroove.be\/net\/wp-json\/wp\/v2\/comments?post=3601"}],"version-history":[{"count":0,"href":"https:\/\/underagroove.be\/net\/wp-json\/wp\/v2\/pages\/3601\/revisions"}],"wp:attachment":[{"href":"https:\/\/underagroove.be\/net\/wp-json\/wp\/v2\/media?parent=3601"}],"curies":[{"name":"wp","href":"https:\/\/api.w.org\/{rel}","templated":true}]}}