{"id":3532,"date":"2020-12-18T09:33:09","date_gmt":"2020-12-18T08:33:09","guid":{"rendered":"http:\/\/underagroove.be\/net\/?page_id=3532"},"modified":"2026-02-25T00:50:23","modified_gmt":"2026-02-24T23:50:23","slug":"don-olivero-officiel","status":"publish","type":"page","link":"https:\/\/underagroove.be\/net\/fr\/don-olivero-officiel\/","title":{"rendered":"don Olivero (Officiel)"},"content":{"rendered":"\t\t<div data-elementor-type=\"wp-page\" data-elementor-id=\"3532\" class=\"elementor elementor-3532\">\n\t\t\t\t\t\t<section class=\"elementor-section elementor-top-section elementor-element elementor-element-b45adb6 elementor-section-stretched elementor-section-full_width elementor-section-height-default elementor-section-height-default\" data-id=\"b45adb6\" data-element_type=\"section\" data-settings=\"{&quot;stretch_section&quot;:&quot;section-stretched&quot;}\">\n\t\t\t\t\t\t<div class=\"elementor-container elementor-column-gap-default\">\n\t\t\t\t\t<div class=\"elementor-column elementor-col-100 elementor-top-column elementor-element elementor-element-76e918f\" data-id=\"76e918f\" data-element_type=\"column\">\n\t\t\t<div class=\"elementor-widget-wrap elementor-element-populated\">\n\t\t\t\t\t\t\t<\/div>\n\t\t<\/div>\n\t\t\t\t\t<\/div>\n\t\t<\/section>\n\t\t\t\t<section class=\"elementor-section elementor-top-section elementor-element elementor-element-26dc9f6 elementor-section-boxed elementor-section-height-default elementor-section-height-default\" data-id=\"26dc9f6\" data-element_type=\"section\">\n\t\t\t\t\t\t<div class=\"elementor-container elementor-column-gap-default\">\n\t\t\t\t\t<div class=\"elementor-column elementor-col-100 elementor-top-column elementor-element elementor-element-9578014\" data-id=\"9578014\" data-element_type=\"column\">\n\t\t\t<div class=\"elementor-widget-wrap elementor-element-populated\">\n\t\t\t\t\t\t<div class=\"elementor-element elementor-element-a63b6d2 elementor-widget elementor-widget-html\" data-id=\"a63b6d2\" data-element_type=\"widget\" data-widget_type=\"html.default\">\n\t\t\t\t<div class=\"elementor-widget-container\">\n\t\t\t<iframe width=\"100%\" height=\"166\" scrolling=\"no\" frameborder=\"no\" allow=\"autoplay\" src=\"https:\/\/w.soundcloud.com\/player\/?url=https%3A\/\/api.soundcloud.com\/tracks\/soundcloud%253Atracks%253A904867936&color=%23ff0033&auto_play=false&hide_related=false&show_comments=true&show_user=false&show_reposts=false&show_teaser=false&show_artwork=false&show_playcount=false\"><\/iframe>\t\t<\/div>\n\t\t\t\t<\/div>\n\t\t\t\t\t<\/div>\n\t\t<\/div>\n\t\t\t\t\t<\/div>\n\t\t<\/section>\n\t\t\t\t<section class=\"elementor-section elementor-top-section elementor-element elementor-element-e6ab46c elementor-section-boxed elementor-section-height-default elementor-section-height-default\" data-id=\"e6ab46c\" data-element_type=\"section\">\n\t\t\t\t\t\t<div class=\"elementor-container elementor-column-gap-default\">\n\t\t\t\t\t<div class=\"elementor-column elementor-col-33 elementor-top-column elementor-element elementor-element-7bded74\" data-id=\"7bded74\" data-element_type=\"column\">\n\t\t\t<div class=\"elementor-widget-wrap elementor-element-populated\">\n\t\t\t\t\t\t<div class=\"elementor-element elementor-element-59c1dc9 elementor-widget elementor-widget-text-editor\" data-id=\"59c1dc9\" data-element_type=\"widget\" data-widget_type=\"text-editor.default\">\n\t\t\t\t<div class=\"elementor-widget-container\">\n\t\t\t\t\t\t\t<h1><strong>don Olivero <\/strong><\/h1>\t\t\t\t\t\t<\/div>\n\t\t\t\t<\/div>\n\t\t\t\t\t<\/div>\n\t\t<\/div>\n\t\t\t\t<div class=\"elementor-column elementor-col-66 elementor-top-column elementor-element elementor-element-3a6d111\" data-id=\"3a6d111\" data-element_type=\"column\">\n\t\t\t<div class=\"elementor-widget-wrap elementor-element-populated\">\n\t\t\t\t\t\t<div class=\"elementor-element elementor-element-a3214ac elementor-hidden-phone elementor-widget elementor-widget-text-editor\" data-id=\"a3214ac\" data-element_type=\"widget\" data-widget_type=\"text-editor.default\">\n\t\t\t\t<div class=\"elementor-widget-container\">\n\t\t\t\t\t\t\t<h4><span style=\"color: #808080;\">(page officielle)<\/span><\/h4>\t\t\t\t\t\t<\/div>\n\t\t\t\t<\/div>\n\t\t\t\t\t<\/div>\n\t\t<\/div>\n\t\t\t\t\t<\/div>\n\t\t<\/section>\n\t\t\t\t<section class=\"elementor-section elementor-top-section elementor-element elementor-element-979b531 elementor-section-boxed elementor-section-height-default elementor-section-height-default\" data-id=\"979b531\" data-element_type=\"section\">\n\t\t\t\t\t\t<div class=\"elementor-container elementor-column-gap-default\">\n\t\t\t\t\t<div class=\"elementor-column elementor-col-100 elementor-top-column elementor-element elementor-element-096ea27\" data-id=\"096ea27\" data-element_type=\"column\">\n\t\t\t<div class=\"elementor-widget-wrap elementor-element-populated\">\n\t\t\t\t\t\t<div class=\"elementor-element elementor-element-9b0bc46 elementor-widget elementor-widget-text-editor\" data-id=\"9b0bc46\" data-element_type=\"widget\" data-widget_type=\"text-editor.default\">\n\t\t\t\t<div class=\"elementor-widget-container\">\n\t\t\t\t\t\t\t<p><strong>Style :<\/strong> De la Minimale \u00e0 la Salsa en passant par le Funk et la House!<\/p><p><strong>Connu pour ses sets \u00e0 trois congas avec les meilleurs DJ <\/strong>dans les discos et lieux branch\u00e9s, don Olivero est ce percussionniste qui colore les grooves de sa &#8220;Latin touch&#8221; ! Accompagne votre DJ ou un de ceux repris dans <a href=\"https:\/\/underagroove.be\/net\/fr\/djs\/\">notre section DJ<\/a>.<strong><br \/><\/strong><\/p>\t\t\t\t\t\t<\/div>\n\t\t\t\t<\/div>\n\t\t\t\t\t<\/div>\n\t\t<\/div>\n\t\t\t\t\t<\/div>\n\t\t<\/section>\n\t\t\t\t<section class=\"elementor-section elementor-top-section elementor-element elementor-element-48d80eb elementor-section-boxed elementor-section-height-default elementor-section-height-default\" data-id=\"48d80eb\" data-element_type=\"section\">\n\t\t\t\t\t\t<div class=\"elementor-container elementor-column-gap-default\">\n\t\t\t\t\t<div class=\"elementor-column elementor-col-33 elementor-top-column elementor-element elementor-element-bae8ecb\" data-id=\"bae8ecb\" data-element_type=\"column\">\n\t\t\t<div class=\"elementor-widget-wrap elementor-element-populated\">\n\t\t\t\t\t\t<div class=\"elementor-element elementor-element-f38dde5 elementor-widget elementor-widget-video\" data-id=\"f38dde5\" data-element_type=\"widget\" data-settings=\"{&quot;video_type&quot;:&quot;vimeo&quot;}\" data-widget_type=\"video.default\">\n\t\t\t\t<div class=\"elementor-widget-container\">\n\t\t\t\t\t<div class=\"elementor-wrapper elementor-open-inline\">\n\t\t\t<iframe class=\"elementor-video-iframe\" allowfullscreen allow=\"clipboard-write\" title=\"vimeo Video Player\" src=\"https:\/\/player.vimeo.com\/video\/31859032?color&amp;autopause=0&amp;loop=0&amp;muted=0&amp;title=0&amp;portrait=0&amp;byline=0#t=\"><\/iframe>\t\t<\/div>\n\t\t\t\t<\/div>\n\t\t\t\t<\/div>\n\t\t\t\t\t<\/div>\n\t\t<\/div>\n\t\t\t\t<div class=\"elementor-column elementor-col-33 elementor-top-column elementor-element elementor-element-8893bb0\" data-id=\"8893bb0\" data-element_type=\"column\">\n\t\t\t<div class=\"elementor-widget-wrap elementor-element-populated\">\n\t\t\t\t\t\t<div class=\"elementor-element elementor-element-96f4f31 elementor-widget elementor-widget-video\" data-id=\"96f4f31\" data-element_type=\"widget\" data-settings=\"{&quot;youtube_url&quot;:&quot;https:\\\/\\\/www.youtube.com\\\/watch?v=tm3Zmx-Ree4&quot;,&quot;start&quot;:32,&quot;yt_privacy&quot;:&quot;yes&quot;,&quot;video_type&quot;:&quot;youtube&quot;}\" data-widget_type=\"video.default\">\n\t\t\t\t<div class=\"elementor-widget-container\">\n\t\t\t\t\t<div class=\"elementor-wrapper elementor-open-inline\">\n\t\t\t<div class=\"elementor-video\"><\/div>\t\t<\/div>\n\t\t\t\t<\/div>\n\t\t\t\t<\/div>\n\t\t\t\t\t<\/div>\n\t\t<\/div>\n\t\t\t\t<div class=\"elementor-column elementor-col-33 elementor-top-column elementor-element elementor-element-22767d2\" data-id=\"22767d2\" data-element_type=\"column\">\n\t\t\t<div class=\"elementor-widget-wrap elementor-element-populated\">\n\t\t\t\t\t\t<div class=\"elementor-element elementor-element-96efe4b elementor-widget elementor-widget-video\" data-id=\"96efe4b\" data-element_type=\"widget\" data-settings=\"{&quot;youtube_url&quot;:&quot;https:\\\/\\\/www.youtube.com\\\/watch?v=BbEScM_fvjI&amp;feature=youtu.be&quot;,&quot;end&quot;:113,&quot;yt_privacy&quot;:&quot;yes&quot;,&quot;video_type&quot;:&quot;youtube&quot;}\" data-widget_type=\"video.default\">\n\t\t\t\t<div class=\"elementor-widget-container\">\n\t\t\t\t\t<div class=\"elementor-wrapper elementor-open-inline\">\n\t\t\t<div class=\"elementor-video\"><\/div>\t\t<\/div>\n\t\t\t\t<\/div>\n\t\t\t\t<\/div>\n\t\t\t\t\t<\/div>\n\t\t<\/div>\n\t\t\t\t\t<\/div>\n\t\t<\/section>\n\t\t\t\t<section class=\"elementor-section elementor-top-section elementor-element elementor-element-79b2424 elementor-section-boxed elementor-section-height-default elementor-section-height-default\" data-id=\"79b2424\" data-element_type=\"section\">\n\t\t\t\t\t\t<div class=\"elementor-container elementor-column-gap-default\">\n\t\t\t\t\t<div class=\"elementor-column elementor-col-100 elementor-top-column elementor-element elementor-element-4a03a96\" data-id=\"4a03a96\" data-element_type=\"column\">\n\t\t\t<div class=\"elementor-widget-wrap\">\n\t\t\t\t\t\t\t<\/div>\n\t\t<\/div>\n\t\t\t\t\t<\/div>\n\t\t<\/section>\n\t\t\t\t<section class=\"elementor-section elementor-top-section elementor-element elementor-element-7da4c4e2 elementor-section-full_width elementor-section-height-default elementor-section-height-default\" data-id=\"7da4c4e2\" data-element_type=\"section\">\n\t\t\t\t\t\t<div class=\"elementor-container elementor-column-gap-default\">\n\t\t\t\t\t<div class=\"elementor-column elementor-col-100 elementor-top-column elementor-element elementor-element-755f7f13\" data-id=\"755f7f13\" data-element_type=\"column\">\n\t\t\t<div class=\"elementor-widget-wrap elementor-element-populated\">\n\t\t\t\t\t\t<div class=\"elementor-element elementor-element-53f6984f elementor-widget elementor-widget-text-editor\" data-id=\"53f6984f\" data-element_type=\"widget\" data-widget_type=\"text-editor.default\">\n\t\t\t\t<div class=\"elementor-widget-container\">\n\t\t\t\t\t\t\t<p>Apr\u00e8s des d\u00e9buts en &#8220;rock indus&#8221; et une formation au Jazz-Studio, ses \u00e9tudes le m\u00e8nent \u00e0 Cuba\u00a0 -Mecque des percussionnistes- o\u00f9 il est dipl\u00f4m\u00e9 de \u00ab<em>l&#8217;Institut Sup\u00e9rieur des Arts de La Havane<\/em>\u00bb &#8230; De retour de l&#8217;\u00eele Olivero commence \u00e0 jouer dans divers projets de Jazz\u2026 \u00ab<em>Malheureusement, les gens ne dansent plus sur les rythmes de la Reine de la musique<\/em>\u00bb. Revenant \u00e0 ses racines \u00e9lectro, avec d&#8217;autres musiciens, il rejoint le premier groupe \u00e9lectro-acoustique: <strong>NeVeN<\/strong>. Fonde son propre projet de production \u00e9lectronique <strong>Brigada Shabazz<\/strong>. Participe \u00e0 trois projets de <strong>Christophe Bailleau<\/strong>: Gaz Giant,<strong> La Chiesa<\/strong> et Glyth ou avec Pulse Emitter, le <strong>Groove Cartel,<\/strong> Ruff &amp; Jam, etc.<\/p><p>Suite logique de ces exp\u00e9riences musicales, don Olivero donne ses premi\u00e8res performances en tant que percussionniste lors de Raves ou dans les Clubs o\u00f9 il a jou\u00e9 ou joue encore avec des DJ tels que: Derrick Carter, Jeff K, Jr. Jack, Eric Powa B, Charles Schilling, Errol Flint, Morpheus, Pierre, Olivier Gosserie, Daddy K, Miss Luna, Isa, Patrick Balzat, Souldust, Murvin Jay, Tang E, T&#8217;Killa, Ugo, Dan, Stef X, Peter P, Matieu, &#8230; Le m\u00e9lange des sons ronds et chauds de son conga avec les grooves des pistes de danse rencontre le succ\u00e8s et il devient le percussionniste attitr\u00e9 des soir\u00e9es branch\u00e9es du royaume et congeros r\u00e9sident dans diverses discoth\u00e8ques comme le &#8220;Mirano&#8221;, le &#8220;Who&#8217;s Who Land \/ Studio Live&#8221;, la &#8220;House of Groove&#8221;, le &#8220;St.Bar&#8221;, le &#8220;Macumba&#8221;(Fr.), les &#8220;Mungo Parties&#8221;(Gr.) et joue aussi au &#8220;Fuse&#8221;, au &#8220;Zodiak&#8221;,\u00a0 au &#8220;Spirito&#8221;, au &#8220;You&#8221;, au &#8220;Caf\u00e9 Local&#8221; ou encore au &#8220;Paradisio&#8221;(Amsterdam) et bien d&#8217;autres encore.<\/p><p>Il a fond\u00e9 et joue avec\u00a0<a href=\"http:\/\/underagroove.be\/net\/fr\/groupes\/brigada-shabazz\/\"><strong>Le Rythme des Fourmis<\/strong><\/a>, <a href=\"http:\/\/underagroove.be\/net\/artists\/bands\/brigada-shabazz\/\"><strong>Brigada Shabazz<\/strong><\/a>, <a href=\"http:\/\/underagroove.be\/net\/fr\/dj-musicien-nes\/\"><strong>Los Mambo&#8217;3<\/strong><\/a> et\u00a0 <a href=\"http:\/\/underagroove.be\/net\/fr\/dj-musicien-nes\/le-balmodern-soundsystem\/\"><strong>Le balMODERNSOUNDsystem<\/strong><\/a>.<\/p><p><strong>Discographie :<\/strong><\/p><p>&#8220;Gaz Giant&#8221; with Christophe Bailleau &amp; Pulse Emitter [Sacred Phrases-Audiocassette]<br \/>&#8220;Vodoo Chill&#8221; with Christophe Bailleau&#8217;s La Chiesa [Stalplaat-CD]<br \/>&#8220;Redifine love&#8221; with Glyth [Exit-CD]<br \/>&#8220;No Pasaran!&#8221; as&amp;with <a href=\"http:\/\/underagroove.be\/net\/artists\/bands\/le-rythme-des-fourmis\/\">Le Rythme des Fourmis<\/a> [Under a Groove-Some Music-CD]<br \/>&#8220;Twin Cycle&#8221; with NeveN [Lowlands\/Exit-CD]<br \/>&#8220;ScarWash&#8221; with NeveN [PIAS-CD]<br \/>&#8220;Kokola&#8221; with NeveN [PIAS\/Exit-CD]<br \/>&#8220;We love music!&#8221; with NeveN [Exit-CD]<br \/>&#8220;Cycled Dance Activism&#8221; as <a href=\"http:\/\/underagroove.be\/net\/artists\/bands\/brigada-shabazz\/\">Brigada Shabazz<\/a> [Under a Groove\/Lowlands-CD]<br \/>&#8220;Target&#8221; as <a href=\"http:\/\/underagroove.be\/net\/artists\/bands\/brigada-shabazz\/\">Brigada Shabazz<\/a> [Under a Groove\/Exit-LP]<\/p>\t\t\t\t\t\t<\/div>\n\t\t\t\t<\/div>\n\t\t\t\t<div class=\"elementor-element elementor-element-ba96a70 elementor-align-center elementor-invisible elementor-widget elementor-widget-button\" data-id=\"ba96a70\" data-element_type=\"widget\" data-settings=\"{&quot;_animation&quot;:&quot;slideInLeft&quot;}\" data-widget_type=\"button.default\">\n\t\t\t\t<div class=\"elementor-widget-container\">\n\t\t\t\t\t<div class=\"elementor-button-wrapper\">\n\t\t\t<a class=\"elementor-button elementor-button-link elementor-size-xl\" href=\"https:\/\/underagroove.be\/net\/fr\/contact-2\/\">\n\t\t\t\t\t\t<span class=\"elementor-button-content-wrapper\">\n\t\t\t\t\t\t\t\t\t<span class=\"elementor-button-text\">Info&Booking<\/span>\n\t\t\t\t\t<\/span>\n\t\t\t\t\t<\/a>\n\t\t<\/div>\n\t\t\t\t<\/div>\n\t\t\t\t<\/div>\n\t\t\t\t\t<\/div>\n\t\t<\/div>\n\t\t\t\t\t<\/div>\n\t\t<\/section>\n\t\t\t\t<section class=\"elementor-section elementor-top-section elementor-element elementor-element-8eb74b0 elementor-section-boxed elementor-section-height-default elementor-section-height-default\" data-id=\"8eb74b0\" data-element_type=\"section\">\n\t\t\t\t\t\t<div class=\"elementor-container elementor-column-gap-default\">\n\t\t\t\t\t<div class=\"elementor-column elementor-col-100 elementor-top-column elementor-element elementor-element-256f1cb\" data-id=\"256f1cb\" data-element_type=\"column\">\n\t\t\t<div class=\"elementor-widget-wrap elementor-element-populated\">\n\t\t\t\t\t\t<div class=\"elementor-element elementor-element-bab5c8f elementor-widget elementor-widget-html\" data-id=\"bab5c8f\" data-element_type=\"widget\" data-widget_type=\"html.default\">\n\t\t\t\t<div class=\"elementor-widget-container\">\n\t\t\t<iframe width=\"100%\" height=\"450\" scrolling=\"no\" frameborder=\"no\" allow=\"autoplay\" src=\"https:\/\/w.soundcloud.com\/player\/?url=https%3A\/\/api.soundcloud.com\/playlists\/1140170296&color=%23ff0033&auto_play=false&hide_related=false&show_comments=true&show_user=false&show_reposts=false&show_teaser=false&show_artwork=false&show_playcount=false\"><\/iframe>\t\t<\/div>\n\t\t\t\t<\/div>\n\t\t\t\t\t<\/div>\n\t\t<\/div>\n\t\t\t\t\t<\/div>\n\t\t<\/section>\n\t\t\t\t<\/div>\n\t\t","protected":false},"excerpt":{"rendered":"<p><a class=\"more-link\" href=\"https:\/\/underagroove.be\/net\/fr\/don-olivero-officiel\/\">Read More<\/a><\/p>\n","protected":false},"author":3,"featured_media":0,"parent":0,"menu_order":0,"comment_status":"closed","ping_status":"closed","template":"templates\/template-full-width.php","meta":[],"_links":{"self":[{"href":"https:\/\/underagroove.be\/net\/wp-json\/wp\/v2\/pages\/3532"}],"collection":[{"href":"https:\/\/underagroove.be\/net\/wp-json\/wp\/v2\/pages"}],"about":[{"href":"https:\/\/underagroove.be\/net\/wp-json\/wp\/v2\/types\/page"}],"author":[{"embeddable":true,"href":"https:\/\/underagroove.be\/net\/wp-json\/wp\/v2\/users\/3"}],"replies":[{"embeddable":true,"href":"https:\/\/underagroove.be\/net\/wp-json\/wp\/v2\/comments?post=3532"}],"version-history":[{"count":3,"href":"https:\/\/underagroove.be\/net\/wp-json\/wp\/v2\/pages\/3532\/revisions"}],"predecessor-version":[{"id":7193,"href":"https:\/\/underagroove.be\/net\/wp-json\/wp\/v2\/pages\/3532\/revisions\/7193"}],"wp:attachment":[{"href":"https:\/\/underagroove.be\/net\/wp-json\/wp\/v2\/media?parent=3532"}],"curies":[{"name":"wp","href":"https:\/\/api.w.org\/{rel}","templated":true}]}}